{"id":6254,"date":"2021-11-21T18:10:12","date_gmt":"2021-11-21T17:10:12","guid":{"rendered":"http:\/\/www.tempsetor.be\/galerie\/?post_type=product&#038;p=6254"},"modified":"2021-11-21T18:16:10","modified_gmt":"2021-11-21T17:16:10","slug":"montre-hommes-victorinox-maverick-241863","status":"publish","type":"product","link":"https:\/\/tempsetor.be\/galerie\/produit\/montre-hommes-victorinox-maverick-241863\/","title":{"rendered":"Montre hommes Victorinox &#8211; Maverick &#8211; 241863"},"content":{"rendered":"<h3 class=\"title e-h4\">Principales caract\u00e9ristiques<\/h3>\n<div class=\"product-key-attributes group-richtext\">\n<ul>\n<li>Montre de plong\u00e9e munie d\u2019une lunette tournante unidirectionnelle avec d\u00e9compte<\/li>\n<li>Bo\u00eetier en acier inoxydable (316\u00a0L) haut de gamme fabriqu\u00e9 en Suisse<\/li>\n<li>Protection de la couronne et r\u00e9sistance \u00e0 l\u2019eau jusqu\u2019\u00e0 100\u00a0m de profondeur<\/li>\n<\/ul>\n<\/div>\n","protected":false},"excerpt":{"rendered":"<p><img loading=\"lazy\" decoding=\"async\" class=\"alignleft size-full wp-image-2745\" src=\"https:\/\/tempsetor.be\/galerie\/wp-content\/uploads\/2015\/04\/victorinox.jpg\" alt=\"Logo Victorinox\" width=\"150\" height=\"75\" srcset=\"https:\/\/tempsetor.be\/galerie\/wp-content\/uploads\/2015\/04\/victorinox.jpg 150w, https:\/\/tempsetor.be\/galerie\/wp-content\/uploads\/2015\/04\/victorinox-50x25.jpg 50w\" sizes=\"auto, (max-width:767px) 150px, 150px\" \/><\/p>\n<h2 class=\"title e-h2\">Soyez votre propre h\u00e9ros<\/h2>\n<div class=\"group-richtext\">\n<p>Vivez \u00e0 VOTRE rythme. D\u00e9finissez VOS objectifs. Soyez votre propre h\u00e9ros. Vous recherchez une montre ultra-performante \u00e0 l\u2019allure parfaite et aux fonctionnalit\u00e9s optimales\u00a0? Ne cherchez pas plus loin et d\u00e9couvrez la Maverick. La Maverick ne conna\u00eet aucune limite. Avec son bo\u00eetier robuste en acier inoxydable, son mouvement \u00e0 quartz et son verre saphir, cette montre sportive affiche un look r\u00e9tro \u00e9l\u00e9gant parfait en toute situation, que vous gravissiez les \u00e9chelons professionnels ou plongiez \u00e0 la d\u00e9couverte des fonds marins.<\/p>\n<\/div>\n<p>D\u00e9j\u00e0 garanties 2 ans, le service apr\u00e8s vente de la bijouterie <strong>Temps &amp; OR<\/strong> vous apporte une confiance suppl\u00e9mentaire pour ces produits. Selon vos besoins, ces montres peuvent \u00eatre \u00e9galement r\u00e9serv\u00e9es \u00e0 la bijouterie. La mise \u00e0 mesure offerte ainsi qu&#8217;un emballage cadeau vous y seront propos\u00e9s.<\/p>\n<p>Faites vos demandes particuli\u00e8res ou passez votre commande via ce formulaire :<br \/>\n<p class=\"wpcf7-contact-form-not-found\"><strong>Error:<\/strong> Contact form not found.<\/p><\/p>\n","protected":false},"featured_media":6256,"template":"","meta":{"_monsterinsights_skip_tracking":false,"_monsterinsights_sitenote_active":false,"_monsterinsights_sitenote_note":"","_monsterinsights_sitenote_category":0},"product_brand":[],"product_cat":[40,39,73],"product_tag":[],"class_list":{"0":"post-6254","1":"product","2":"type-product","3":"status-publish","4":"has-post-thumbnail","6":"product_cat-montres-hommes","7":"product_cat-hommes","8":"product_cat-victorinox-montre-hommes","10":"first","11":"instock","12":"shipping-taxable","13":"purchasable","14":"product-type-simple"},"_links":{"self":[{"href":"https:\/\/tempsetor.be\/galerie\/wp-json\/wp\/v2\/product\/6254","targetHints":{"allow":["GET"]}}],"collection":[{"href":"https:\/\/tempsetor.be\/galerie\/wp-json\/wp\/v2\/product"}],"about":[{"href":"https:\/\/tempsetor.be\/galerie\/wp-json\/wp\/v2\/types\/product"}],"wp:featuredmedia":[{"embeddable":true,"href":"https:\/\/tempsetor.be\/galerie\/wp-json\/wp\/v2\/media\/6256"}],"wp:attachment":[{"href":"https:\/\/tempsetor.be\/galerie\/wp-json\/wp\/v2\/media?parent=6254"}],"wp:term":[{"taxonomy":"product_brand","embeddable":true,"href":"https:\/\/tempsetor.be\/galerie\/wp-json\/wp\/v2\/product_brand?post=6254"},{"taxonomy":"product_cat","embeddable":true,"href":"https:\/\/tempsetor.be\/galerie\/wp-json\/wp\/v2\/product_cat?post=6254"},{"taxonomy":"product_tag","embeddable":true,"href":"https:\/\/tempsetor.be\/galerie\/wp-json\/wp\/v2\/product_tag?post=6254"}],"curies":[{"name":"wp","href":"https:\/\/api.w.org\/{rel}","templated":true}]}}