{"id":6313,"date":"2021-12-27T12:30:34","date_gmt":"2021-12-27T11:30:34","guid":{"rendered":"http:\/\/www.tempsetor.be\/galerie\/?post_type=product&#038;p=6313"},"modified":"2023-03-27T16:41:49","modified_gmt":"2023-03-27T14:41:49","slug":"bougie-baobab-my-first-baobab-saint-tropez","status":"publish","type":"product","link":"https:\/\/tempsetor.be\/galerie\/produit\/bougie-baobab-my-first-baobab-saint-tropez\/","title":{"rendered":"Bougie Baobab &#8211; MY FIRST BAOBAB &#8211; SAINT-TROPEZ"},"content":{"rendered":"<p>Romarin &#8211; Menthe &#8211; Cassis<\/p>\n<p>Son parfum gourmand de menthe et de cassis vous transportera sur le port du village \u00e0 l\u2019heure de la glace. La bougie parfum\u00e9e Baobab Collection \u00e0 Saint Tropez est d\u00e9cor\u00e9e d\u2019une s\u00e9rigraphie multicolore et or reprenant les toits des maisons de village et rendant hommage au mythique clocher.<\/p>\n","protected":false},"excerpt":{"rendered":"<p><img loading=\"lazy\" decoding=\"async\" class=\"size-full wp-image-4311 alignleft\" src=\"https:\/\/tempsetor.be\/galerie\/wp-content\/uploads\/2019\/03\/baobab.jpg\" alt=\"logo Baobab\" width=\"128\" height=\"142\" srcset=\"https:\/\/tempsetor.be\/galerie\/wp-content\/uploads\/2019\/03\/baobab.jpg 128w, https:\/\/tempsetor.be\/galerie\/wp-content\/uploads\/2019\/03\/baobab-45x50.jpg 45w, https:\/\/tempsetor.be\/galerie\/wp-content\/uploads\/2019\/03\/baobab-68x75.jpg 68w\" sizes=\"auto, (max-width:767px) 128px, 128px\" \/>La bougie parfum\u00e9e Baobab Collection \u00e0 Saint Tropez est d\u00e9cor\u00e9e d\u2019une s\u00e9rigraphie multicolore et or reprenant les toits des maisons de village et rendant hommage au mythique clocher. Son parfum gourmand de menthe et de cassis vous transportera sur le port du village \u00e0 l\u2019heure de la glace.<\/p>\n<p>8cm | 190gr | 1 m\u00e8che | Br\u00fblage 30h<\/p>\n<p>Laissez toujours br\u00fbler la bougie jusqu&#8217;\u00e0 ce que sa surface soit totalement liquide. Cette \u00e9tape peut \u00eatre longue, surtout lors du tout premier br\u00fblage. Une fois que la cire est totalement liquide, vous pouvez laisser br\u00fbler la bougie une heure maximum.\u00a0La couche de cire liquide ne doit jamais d\u00e9passer un centim\u00e8tre de haut. Il ne faut jamais d\u00e9passer le temps maximal de br\u00fblage indiqu\u00e9 sur la pastille d\u2019instruction, ni la laisser br\u00fbler jusqu\u2019au bout.\u00a0Gardez syst\u00e9matiquement un centim\u00e8tre de cire au fond.<\/p>\n<p>Faites vos demandes particuli\u00e8res ou passez votre commande via ce formulaire :<br \/>\n<p class=\"wpcf7-contact-form-not-found\"><strong>Error:<\/strong> Contact form not found.<\/p><\/p>\n","protected":false},"featured_media":6314,"template":"","meta":{"_monsterinsights_skip_tracking":false,"_monsterinsights_sitenote_active":false,"_monsterinsights_sitenote_note":"","_monsterinsights_sitenote_category":0},"product_brand":[],"product_cat":[903,1005,1723],"product_tag":[],"class_list":{"0":"post-6313","1":"product","2":"type-product","3":"status-publish","4":"has-post-thumbnail","6":"product_cat-baobab","7":"product_cat-baobab-bougies","8":"product_cat-rainforest-bougie","10":"first","11":"instock","12":"shipping-taxable","13":"purchasable","14":"product-type-simple"},"_links":{"self":[{"href":"https:\/\/tempsetor.be\/galerie\/wp-json\/wp\/v2\/product\/6313","targetHints":{"allow":["GET"]}}],"collection":[{"href":"https:\/\/tempsetor.be\/galerie\/wp-json\/wp\/v2\/product"}],"about":[{"href":"https:\/\/tempsetor.be\/galerie\/wp-json\/wp\/v2\/types\/product"}],"wp:featuredmedia":[{"embeddable":true,"href":"https:\/\/tempsetor.be\/galerie\/wp-json\/wp\/v2\/media\/6314"}],"wp:attachment":[{"href":"https:\/\/tempsetor.be\/galerie\/wp-json\/wp\/v2\/media?parent=6313"}],"wp:term":[{"taxonomy":"product_brand","embeddable":true,"href":"https:\/\/tempsetor.be\/galerie\/wp-json\/wp\/v2\/product_brand?post=6313"},{"taxonomy":"product_cat","embeddable":true,"href":"https:\/\/tempsetor.be\/galerie\/wp-json\/wp\/v2\/product_cat?post=6313"},{"taxonomy":"product_tag","embeddable":true,"href":"https:\/\/tempsetor.be\/galerie\/wp-json\/wp\/v2\/product_tag?post=6313"}],"curies":[{"name":"wp","href":"https:\/\/api.w.org\/{rel}","templated":true}]}}