{"id":6321,"date":"2022-01-30T20:00:31","date_gmt":"2022-01-30T19:00:31","guid":{"rendered":"http:\/\/www.tempsetor.be\/galerie\/?post_type=product&#038;p=6321"},"modified":"2022-01-30T20:08:16","modified_gmt":"2022-01-30T19:08:16","slug":"montre-dames-casio-g-shock-gm-s5600-1er","status":"publish","type":"product","link":"https:\/\/tempsetor.be\/galerie\/produit\/montre-dames-casio-g-shock-gm-s5600-1er\/","title":{"rendered":"Montre dames &#8211; Casio &#8211; G-SHOCK &#8211; GM-S5600-1ER"},"content":{"rendered":"<p>Bo\u00eetier en acier et r\u00e9sine.\u00a0Le bo\u00eetier de la montre est en acier inoxydable et en r\u00e9sine, robuste et plus l\u00e9ger.<\/p>\n","protected":false},"excerpt":{"rendered":"<p><img loading=\"lazy\" decoding=\"async\" class=\"wp-image-4183 size-full alignleft\" src=\"https:\/\/tempsetor.be\/galerie\/wp-content\/uploads\/2018\/11\/casio-logo.png\" alt=\"casio logo\" width=\"150\" height=\"30\" srcset=\"https:\/\/tempsetor.be\/galerie\/wp-content\/uploads\/2018\/11\/casio-logo.png 150w, https:\/\/tempsetor.be\/galerie\/wp-content\/uploads\/2018\/11\/casio-logo-50x10.png 50w\" sizes=\"auto, (max-width:767px) 150px, 150px\" \/><\/p>\n<h3>Alarme multiple, bip horaire<\/h3>\n<p>Vous pouvez programmer une alarme quotidienne (r\u00e9glage de l&#8217;heure uniquement) ou une alarme pour un jour et une heure sp\u00e9cifiques (r\u00e9glage du mois, du jour et de l&#8217;heure). La valeur indiqu\u00e9e correspond au nombre d&#8217;alarmes multiples disponibles. Si la fonction de bip horaire est activ\u00e9e, la montre \u00e9met un bip \u00e0 chaque changement d&#8217;heure.<\/p>\n<h3>Bracelet en r\u00e9sine<\/h3>\n<p>Gr\u00e2ce \u00e0 son extr\u00eame durabilit\u00e9 et sa souplesse, la r\u00e9sine synth\u00e9tique constitue un mat\u00e9riau id\u00e9al pour les bracelets.<\/p>\n<h3>3\u00a0ans &#8211; 1\u00a0pile<\/h3>\n<p>La pile procure \u00e0 la montre l&#8217;\u00e9nergie n\u00e9cessaire pendant env. 3\u00a0ans.<\/p>\n<h3>Illuminator<\/h3>\n<p>En appuyant sur le poussoir, une lampe \u00e9lectroluminescente \u00e9claire le cadran pour faciliter la lecture de l&#8217;heure.<\/p>\n<h3>Bo\u00eetier en acier et r\u00e9sine<\/h3>\n<p>Le bo\u00eetier de la montre est en acier inoxydable et en r\u00e9sine, robuste et plus l\u00e9ger.<\/p>\n<p>D\u00e9j\u00e0 garanties 2 ans, le service apr\u00e8s vente de la bijouterie <strong>Temps &amp; OR<\/strong> vous apporte une confiance suppl\u00e9mentaire pour ces produits. Selon vos besoins, ces montres peuvent \u00eatre \u00e9galement r\u00e9serv\u00e9es \u00e0 la bijouterie. La mise \u00e0 mesure offerte ainsi qu&#8217;un emballage cadeau vous y seront propos\u00e9s.<\/p>\n<p>Faites vos demandes particuli\u00e8res ou passez votre commande via ce formulaire :<br \/>\n<p class=\"wpcf7-contact-form-not-found\"><strong>Error:<\/strong> Contact form not found.<\/p><\/p>\n","protected":false},"featured_media":6324,"template":"","meta":{"_monsterinsights_skip_tracking":false,"_monsterinsights_sitenote_active":false,"_monsterinsights_sitenote_note":"","_monsterinsights_sitenote_category":0},"product_brand":[],"product_cat":[1939,828,28,40,27,39],"product_tag":[],"class_list":{"0":"post-6321","1":"product","2":"type-product","3":"status-publish","4":"has-post-thumbnail","6":"product_cat-casio-dames","7":"product_cat-casio-hommes","8":"product_cat-montres-dames","9":"product_cat-montres-hommes","10":"product_cat-dames","11":"product_cat-hommes","13":"first","14":"instock","15":"shipping-taxable","16":"purchasable","17":"product-type-simple"},"_links":{"self":[{"href":"https:\/\/tempsetor.be\/galerie\/wp-json\/wp\/v2\/product\/6321","targetHints":{"allow":["GET"]}}],"collection":[{"href":"https:\/\/tempsetor.be\/galerie\/wp-json\/wp\/v2\/product"}],"about":[{"href":"https:\/\/tempsetor.be\/galerie\/wp-json\/wp\/v2\/types\/product"}],"wp:featuredmedia":[{"embeddable":true,"href":"https:\/\/tempsetor.be\/galerie\/wp-json\/wp\/v2\/media\/6324"}],"wp:attachment":[{"href":"https:\/\/tempsetor.be\/galerie\/wp-json\/wp\/v2\/media?parent=6321"}],"wp:term":[{"taxonomy":"product_brand","embeddable":true,"href":"https:\/\/tempsetor.be\/galerie\/wp-json\/wp\/v2\/product_brand?post=6321"},{"taxonomy":"product_cat","embeddable":true,"href":"https:\/\/tempsetor.be\/galerie\/wp-json\/wp\/v2\/product_cat?post=6321"},{"taxonomy":"product_tag","embeddable":true,"href":"https:\/\/tempsetor.be\/galerie\/wp-json\/wp\/v2\/product_tag?post=6321"}],"curies":[{"name":"wp","href":"https:\/\/api.w.org\/{rel}","templated":true}]}}