{"id":6360,"date":"2022-03-06T12:38:16","date_gmt":"2022-03-06T11:38:16","guid":{"rendered":"http:\/\/www.tempsetor.be\/galerie\/?post_type=product&#038;p=6360"},"modified":"2023-02-10T13:03:15","modified_gmt":"2023-02-10T12:03:15","slug":"montre-hommes-hamilton-jazzmaster-open-heart-auto-h32675160","status":"publish","type":"product","link":"https:\/\/tempsetor.be\/galerie\/produit\/montre-hommes-hamilton-jazzmaster-open-heart-auto-h32675160\/","title":{"rendered":"Montre hommes Hamilton &#8211; Jazzmaster Open Heart Auto &#8211; H32675160"},"content":{"rendered":"<p class=\"page-title large\">Un cadran fum\u00e9 fascinant attire le regard vers les d\u00e9coupes de pr\u00e9cision de la Jazzmaster Open Heart. Ce mod\u00e8le au style contemporain, unique et polyvalent offre un aper\u00e7u captivant du mouvement qui l&#8217;anime.<\/p>\n","protected":false},"excerpt":{"rendered":"<p><img loading=\"lazy\" decoding=\"async\" class=\"size-full wp-image-5425 alignleft\" src=\"https:\/\/www.tempsetor.be\/galerie\/wp-content\/uploads\/2020\/12\/Hamilton.png\" alt=\"logo Hamilton\" width=\"150\" height=\"29\" srcset=\"https:\/\/tempsetor.be\/galerie\/wp-content\/uploads\/2020\/12\/Hamilton.png 150w, https:\/\/tempsetor.be\/galerie\/wp-content\/uploads\/2020\/12\/Hamilton-50x10.png 50w\" sizes=\"auto, (max-width:767px) 150px, 150px\" \/>\u00c9quilibre parfait entre tradition et innovation, la Jazzmaster Open Heart offre un aper\u00e7u de son mouvement automatique de pr\u00e9cision suisse en action. Fabriqu\u00e9e \u00e0 partir de mat\u00e9riaux uniques et proposant plusieurs combinaisons de cadran et de bracelet, cette collection offre le meilleur d\u2019Hamilton.<\/p>\n<p>Le calibre H-10 est un mouvement \u00e0 trois aiguilles dot\u00e9 d\u2019une fonction date et d&#8217;une impressionnante r\u00e9serve de marche de 80\u00a0heures. Il se pr\u00e9sente avec une finition complexe alternant perlage et colima\u00e7on pour les mod\u00e8les American Classic, ainsi que des surfaces sobres pour les montres destin\u00e9es aux pilotes.<\/p>\n<p>D\u00e9j\u00e0 garanties 2 ans, le service apr\u00e8s vente de la bijouterie <strong>Temps &amp; OR<\/strong> vous apporte une confiance suppl\u00e9mentaire pour ces produits. Selon vos besoins, ces montres peuvent \u00eatre \u00e9galement r\u00e9serv\u00e9es \u00e0 la bijouterie. La mise \u00e0 mesure offerte ainsi qu&#8217;un emballage cadeau vous y seront propos\u00e9s.<\/p>\n<p>Faites vos demandes particuli\u00e8res ou passez votre commande via ce formulaire :<br \/>\n<p class=\"wpcf7-contact-form-not-found\"><strong>Error:<\/strong> Contact form not found.<\/p><\/p>\n","protected":false},"featured_media":6361,"template":"","meta":{"_monsterinsights_skip_tracking":false,"_monsterinsights_sitenote_active":false,"_monsterinsights_sitenote_note":"","_monsterinsights_sitenote_category":0},"product_brand":[],"product_cat":[1628,40,39],"product_tag":[],"class_list":{"0":"post-6360","1":"product","2":"type-product","3":"status-publish","4":"has-post-thumbnail","6":"product_cat-hamilton-hommes","7":"product_cat-montres-hommes","8":"product_cat-hommes","10":"first","11":"instock","12":"shipping-taxable","13":"purchasable","14":"product-type-simple"},"_links":{"self":[{"href":"https:\/\/tempsetor.be\/galerie\/wp-json\/wp\/v2\/product\/6360","targetHints":{"allow":["GET"]}}],"collection":[{"href":"https:\/\/tempsetor.be\/galerie\/wp-json\/wp\/v2\/product"}],"about":[{"href":"https:\/\/tempsetor.be\/galerie\/wp-json\/wp\/v2\/types\/product"}],"wp:featuredmedia":[{"embeddable":true,"href":"https:\/\/tempsetor.be\/galerie\/wp-json\/wp\/v2\/media\/6361"}],"wp:attachment":[{"href":"https:\/\/tempsetor.be\/galerie\/wp-json\/wp\/v2\/media?parent=6360"}],"wp:term":[{"taxonomy":"product_brand","embeddable":true,"href":"https:\/\/tempsetor.be\/galerie\/wp-json\/wp\/v2\/product_brand?post=6360"},{"taxonomy":"product_cat","embeddable":true,"href":"https:\/\/tempsetor.be\/galerie\/wp-json\/wp\/v2\/product_cat?post=6360"},{"taxonomy":"product_tag","embeddable":true,"href":"https:\/\/tempsetor.be\/galerie\/wp-json\/wp\/v2\/product_tag?post=6360"}],"curies":[{"name":"wp","href":"https:\/\/api.w.org\/{rel}","templated":true}]}}