{"id":6364,"date":"2022-03-06T17:49:44","date_gmt":"2022-03-06T16:49:44","guid":{"rendered":"http:\/\/www.tempsetor.be\/galerie\/?post_type=product&#038;p=6364"},"modified":"2024-12-07T21:31:16","modified_gmt":"2024-12-07T20:31:16","slug":"montre-hommes-hamilton-american-classic-psr-digital-quartz-h52404130","status":"publish","type":"product","link":"https:\/\/tempsetor.be\/galerie\/produit\/montre-hommes-hamilton-american-classic-psr-digital-quartz-h52404130\/","title":{"rendered":"Montre hommes Hamilton &#8211; American Classic PSR Digital Quartz &#8211; H52404131"},"content":{"rendered":"<div class=\"product-info-links-wrapper\">\n<div class=\"product attribute description\">\n<div class=\"value\">L\u2019American Classic PSR Digital Quartz d\u2019Hamilton r\u00e9invente l\u2019horlogerie num\u00e9rique avec son bo\u00eetier en acier inoxydable noir PVD, son affichage hybride LCD-OLED et ses chiffres bleus lumineux. \u00c9tanche jusqu\u2019\u00e0 100 m et dot\u00e9e d\u2019un verre saphir, elle allie innovation et \u00e9l\u00e9gance. Prix : 1 145 \u20ac.<\/div>\n<\/div>\n<\/div>\n","protected":false},"excerpt":{"rendered":"<p><img loading=\"lazy\" decoding=\"async\" class=\"size-full wp-image-5425 alignleft\" src=\"https:\/\/www.tempsetor.be\/galerie\/wp-content\/uploads\/2020\/12\/Hamilton.png\" alt=\"logo Hamilton\" width=\"150\" height=\"29\" srcset=\"https:\/\/tempsetor.be\/galerie\/wp-content\/uploads\/2020\/12\/Hamilton.png 150w, https:\/\/tempsetor.be\/galerie\/wp-content\/uploads\/2020\/12\/Hamilton-50x10.png 50w\" sizes=\"auto, (max-width:767px) 150px, 150px\" \/><\/p>\n<p>La <strong>Hamilton PSR Digital Quartz<\/strong>, issue de la collection <strong>American Classic<\/strong>, est un hommage moderne \u00e0 la toute premi\u00e8re montre num\u00e9rique, lanc\u00e9e en 1970. Cette nouvelle interpr\u00e9tation marie \u00e9l\u00e9gance et innovation gr\u00e2ce \u00e0 son affichage hybride LCD et OLED, offrant une excellente lisibilit\u00e9 de jour et une illumination nocturne sur simple pression d\u2019un bouton.<\/p>\n<p>Son bo\u00eetier rectangulaire (41 x 35 mm), en acier inoxydable avec rev\u00eatement PVD noir, incarne un style audacieux et raffin\u00e9. Prot\u00e9g\u00e9 par un verre saphir anti-reflet, cet \u00e9cran num\u00e9rique bleu vif est un v\u00e9ritable point d\u2019attraction. Avec une \u00e9tanch\u00e9it\u00e9 jusqu\u2019\u00e0 10 bar (100 m), elle est adapt\u00e9e \u00e0 une utilisation quotidienne comme \u00e0 des activit\u00e9s aquatiques.<\/p>\n<p>Le bracelet en acier inoxydable noir, \u00e9quip\u00e9 d\u2019une boucle d\u00e9ployante, garantit confort et solidit\u00e9. Sa largeur de corne de 24 mm et de boucle de 19 mm ajoute une touche ergonomique.<\/p>\n<p>Propos\u00e9e \u00e0 <strong>1145 \u20ac<\/strong>, cette montre incarne l\u2019esprit d\u2019innovation et le savoir-faire embl\u00e9matique de <strong>Hamilton<\/strong>, parfaite pour les amateurs de garde-temps audacieux et \u00e9l\u00e9gants.<\/p>\n<p>D\u00e9j\u00e0 garanties 2 ans, le service apr\u00e8s-vente de la bijouterie <strong>Temps &amp; OR<\/strong> vous apporte une confiance suppl\u00e9mentaire pour ces produits. Selon vos besoins, ces montres peuvent \u00eatre \u00e9galement r\u00e9serv\u00e9es \u00e0 la bijouterie. La mise \u00e0 mesure offerte ainsi qu&#8217;un emballage cadeau vous y seront propos\u00e9s.<\/p>\n<p><div class=\"alert alert_error\"><div class=\"alert_icon\"><svg viewBox=\"0 0 28 28\"><defs><style>.path{fill:none;stroke:#000;stroke-miterlimit:10;stroke-width:1.5px;}<\/style><\/defs><g><circle cx=\"14\" cy=\"20\" r=\"0.33\" class=\"path\"\/><line x1=\"14\" y1=\"8.72\" x2=\"14\" y2=\"16.72\" class=\"path\"\/><path d=\"M12.6,3.42,1.54,22.58A1.61,1.61,0,0,0,2.93,25H25.07a1.61,1.61,0,0,0,1.39-2.42L15.4,3.42A1.61,1.61,0,0,0,12.6,3.42Z\" class=\"path\"\/><\/g><\/svg><\/div><div class=\"alert_wrapper\">Le montant affich\u00e9 peut \u00eatre modifi\u00e9 par le fournisseur sans que nous en soyons inform\u00e9s. Une diff\u00e9rence entre le prix affich\u00e9 ici et en magasin reste possible.<\/div><a href=\"#\" class=\"close mfn-close-icon\"><span class=\"icon\">\u2715<\/span><\/a><\/div>\n<div class=\"alert alert_info\"><div class=\"alert_icon\"><svg viewBox=\"0 0 28 28\"><defs><style>.path{fill:none;stroke:#000;stroke-miterlimit:10;stroke-width:1.5px;}<\/style><\/defs><g><circle class=\"path\" cx=\"14\" cy=\"14\" r=\"12\"\/><path class=\"path\" d=\"M11.2,9.12a3.4,3.4,0,0,1,3-1.69,2.84,2.84,0,0,1,3,2.76,3.16,3.16,0,0,1-.84,2.23c-.63.74-1.58,1.18-2.19,1.88a1,1,0,0,0-.26.64v2.32\"\/><circle class=\"path\" cx=\"14\" cy=\"20\" r=\"0.33\"\/><\/g><\/svg><\/div><div class=\"alert_wrapper\">Faites vos demandes particuli\u00e8res ou passez votre commande via ce formulaire <\/div><a href=\"#\" class=\"close mfn-close-icon\"><span class=\"icon\">\u2715<\/span><\/a><\/div>\n <a class=\"button  button_size_3\" href=\"https:\/\/tempsetor.be\/galerie\/ma-commande\/\"     target=\"_blank\"    title=\"\"><span class=\"button_label\">&gt; Formulaire<\/span><\/a>\n<\/p>\n","protected":false},"featured_media":8209,"template":"","meta":{"_monsterinsights_skip_tracking":false,"_monsterinsights_sitenote_active":false,"_monsterinsights_sitenote_note":"","_monsterinsights_sitenote_category":0},"product_brand":[],"product_cat":[1628,40,39],"product_tag":[],"class_list":{"0":"post-6364","1":"product","2":"type-product","3":"status-publish","4":"has-post-thumbnail","6":"product_cat-hamilton-hommes","7":"product_cat-montres-hommes","8":"product_cat-hommes","10":"first","11":"instock","12":"shipping-taxable","13":"purchasable","14":"product-type-simple"},"_links":{"self":[{"href":"https:\/\/tempsetor.be\/galerie\/wp-json\/wp\/v2\/product\/6364","targetHints":{"allow":["GET"]}}],"collection":[{"href":"https:\/\/tempsetor.be\/galerie\/wp-json\/wp\/v2\/product"}],"about":[{"href":"https:\/\/tempsetor.be\/galerie\/wp-json\/wp\/v2\/types\/product"}],"wp:featuredmedia":[{"embeddable":true,"href":"https:\/\/tempsetor.be\/galerie\/wp-json\/wp\/v2\/media\/8209"}],"wp:attachment":[{"href":"https:\/\/tempsetor.be\/galerie\/wp-json\/wp\/v2\/media?parent=6364"}],"wp:term":[{"taxonomy":"product_brand","embeddable":true,"href":"https:\/\/tempsetor.be\/galerie\/wp-json\/wp\/v2\/product_brand?post=6364"},{"taxonomy":"product_cat","embeddable":true,"href":"https:\/\/tempsetor.be\/galerie\/wp-json\/wp\/v2\/product_cat?post=6364"},{"taxonomy":"product_tag","embeddable":true,"href":"https:\/\/tempsetor.be\/galerie\/wp-json\/wp\/v2\/product_tag?post=6364"}],"curies":[{"name":"wp","href":"https:\/\/api.w.org\/{rel}","templated":true}]}}