{"id":6389,"date":"2022-03-20T12:54:29","date_gmt":"2022-03-20T11:54:29","guid":{"rendered":"https:\/\/www.tempsetor.be\/galerie\/?post_type=product&#038;p=6389"},"modified":"2022-03-20T13:07:22","modified_gmt":"2022-03-20T12:07:22","slug":"montre-hommes-garmin-fenix-6s-pro-and-sapphire-010-02159-11","status":"publish","type":"product","link":"https:\/\/tempsetor.be\/galerie\/produit\/montre-hommes-garmin-fenix-6s-pro-and-sapphire-010-02159-11\/","title":{"rendered":"Montre hommes Garmin f\u0113nix\u00ae 6S Pro and Sapphire &#8211; 010-02159-11"},"content":{"rendered":"<h2>ACC\u00c9L\u00c9REZ VOTRE RYTHME POUR DE MEILLEURES PERFORMANCES<\/h2>\n<p>Les robustes montres GPS multisports f\u0113nix vous permettent d&#8217;ajouter des cartes, de la musique, une planification d&#8217;allure intelligente (PacePro) et bien plus encore \u00e0 vos entra\u00eenements. Vous pouvez ainsi relever n&#8217;importe quel d\u00e9fi avec aisance.<\/p>\n","protected":false},"excerpt":{"rendered":"<p><img loading=\"lazy\" decoding=\"async\" class=\"size-full wp-image-3680 alignleft\" src=\"https:\/\/tempsetor.be\/galerie\/wp-content\/uploads\/2018\/02\/garmin_logo.jpg\" alt=\"garmin logo\" width=\"150\" height=\"48\" srcset=\"https:\/\/tempsetor.be\/galerie\/wp-content\/uploads\/2018\/02\/garmin_logo.jpg 150w, https:\/\/tempsetor.be\/galerie\/wp-content\/uploads\/2018\/02\/garmin_logo-50x16.jpg 50w\" sizes=\"auto, (max-width:767px) 150px, 150px\" \/><\/p>\n<h3>Relevez tous les d\u00e9fis avec tout ce qu&#8217;il vous faut au poignet<\/h3>\n<p>Associant les meilleures fonctionnalit\u00e9s de nos montres d&#8217;entra\u00eenement et d&#8217;activit\u00e9s de plein air, la f\u0113nix\u00a06 est la montre GPS multisport id\u00e9ale pour ceux qui souhaitent un design et des performances de pointe adapt\u00e9s \u00e0 leur rythme effr\u00e9n\u00e9.<\/p>\n<p>D\u00e9j\u00e0 garanties 2 ans, le service apr\u00e8s vente de la bijouterie <strong>Temps &amp; OR<\/strong> vous apporte une confiance suppl\u00e9mentaire pour ces produits. Selon vos besoins, ces montres peuvent \u00eatre \u00e9galement r\u00e9serv\u00e9es \u00e0 la bijouterie. La mise \u00e0 mesure offerte ainsi qu&#8217;un emballage cadeau vous y seront propos\u00e9s.<\/p>\n<p>Faites vos demandes particuli\u00e8res ou passez votre commande via ce formulaire :<br \/>\n<p class=\"wpcf7-contact-form-not-found\"><strong>Error:<\/strong> Contact form not found.<\/p><\/p>\n","protected":false},"featured_media":6391,"template":"","meta":{"_monsterinsights_skip_tracking":false,"_monsterinsights_sitenote_active":false,"_monsterinsights_sitenote_note":"","_monsterinsights_sitenote_category":0},"product_brand":[],"product_cat":[778,779,572,40,39],"product_tag":[],"class_list":{"0":"post-6389","1":"product","2":"type-product","3":"status-publish","4":"has-post-thumbnail","6":"product_cat-connecte","7":"product_cat-garmin-connecte","8":"product_cat-garmin-hommes","9":"product_cat-montres-hommes","10":"product_cat-hommes","12":"first","13":"instock","14":"shipping-taxable","15":"purchasable","16":"product-type-simple"},"_links":{"self":[{"href":"https:\/\/tempsetor.be\/galerie\/wp-json\/wp\/v2\/product\/6389","targetHints":{"allow":["GET"]}}],"collection":[{"href":"https:\/\/tempsetor.be\/galerie\/wp-json\/wp\/v2\/product"}],"about":[{"href":"https:\/\/tempsetor.be\/galerie\/wp-json\/wp\/v2\/types\/product"}],"wp:featuredmedia":[{"embeddable":true,"href":"https:\/\/tempsetor.be\/galerie\/wp-json\/wp\/v2\/media\/6391"}],"wp:attachment":[{"href":"https:\/\/tempsetor.be\/galerie\/wp-json\/wp\/v2\/media?parent=6389"}],"wp:term":[{"taxonomy":"product_brand","embeddable":true,"href":"https:\/\/tempsetor.be\/galerie\/wp-json\/wp\/v2\/product_brand?post=6389"},{"taxonomy":"product_cat","embeddable":true,"href":"https:\/\/tempsetor.be\/galerie\/wp-json\/wp\/v2\/product_cat?post=6389"},{"taxonomy":"product_tag","embeddable":true,"href":"https:\/\/tempsetor.be\/galerie\/wp-json\/wp\/v2\/product_tag?post=6389"}],"curies":[{"name":"wp","href":"https:\/\/api.w.org\/{rel}","templated":true}]}}