{"id":6402,"date":"2022-04-12T14:29:32","date_gmt":"2022-04-12T12:29:32","guid":{"rendered":"https:\/\/www.tempsetor.be\/galerie\/?post_type=product&#038;p=6402"},"modified":"2022-12-05T13:32:04","modified_gmt":"2022-12-05T12:32:04","slug":"montre-hommes-garmin-epix-gen-2-010-02582-30","status":"publish","type":"product","link":"https:\/\/tempsetor.be\/galerie\/produit\/montre-hommes-garmin-epix-gen-2-010-02582-30\/","title":{"rendered":"Montre hommes Garmin epix\u2122 (Gen 2) &#8211; 010-02582-30"},"content":{"rendered":"<p id=\"js__product__info__part-number\" class=\"app__product__info__part-number\">Quels que soient vos objectifs sportifs, la montre GPS multisports connect\u00e9e Epix, a tout ce dont vous avez besoin pour les atteindre. Sapphire, titane, Black DLC avec bracelet cuir marron<\/p>\n","protected":false},"excerpt":{"rendered":"<p><img loading=\"lazy\" decoding=\"async\" class=\"size-full wp-image-3680 alignleft\" src=\"https:\/\/tempsetor.be\/galerie\/wp-content\/uploads\/2018\/02\/garmin_logo.jpg\" alt=\"garmin logo\" width=\"150\" height=\"48\" srcset=\"https:\/\/tempsetor.be\/galerie\/wp-content\/uploads\/2018\/02\/garmin_logo.jpg 150w, https:\/\/tempsetor.be\/galerie\/wp-content\/uploads\/2018\/02\/garmin_logo-50x16.jpg 50w\" sizes=\"auto, (max-width:767px) 150px, 150px\" \/><\/p>\n<h1>EPIX. SOYEZ UNIQUE.<\/h1>\n<div class=\"app__overview__intro__description\">\n<p>Quels que soient vos objectifs sportifs, la montre GPS multisports connect\u00e9e Epix, a tout ce dont vous avez besoin pour les atteindre. Entra\u00eenez-vous avec plus de 30 applications sportives int\u00e9gr\u00e9es directement \u00e0 votre poignet. Entra\u00eenez-vous avec plus de 30 applications sportives int\u00e9gr\u00e9es directement \u00e0 votre poignet. Naviguez en toute confiance gr\u00e2ce aux options cartographique TopoActive disponible directement \u00e0 votre poignet.<\/p>\n<\/div>\n<p>D\u00e9j\u00e0 garanties 2 ans, le service apr\u00e8s vente de la bijouterie <strong>Temps &amp; OR<\/strong> vous apporte une confiance suppl\u00e9mentaire pour ces produits. Selon vos besoins, ces montres peuvent \u00eatre \u00e9galement r\u00e9serv\u00e9es \u00e0 la bijouterie. La mise \u00e0 mesure offerte ainsi qu&#8217;un emballage cadeau vous y seront propos\u00e9s.<\/p>\n<p>Faites vos demandes particuli\u00e8res ou passez votre commande via ce formulaire :<br \/>\n<p class=\"wpcf7-contact-form-not-found\"><strong>Error:<\/strong> Contact form not found.<\/p><\/p>\n","protected":false},"featured_media":6404,"template":"","meta":{"_monsterinsights_skip_tracking":false,"_monsterinsights_sitenote_active":false,"_monsterinsights_sitenote_note":"","_monsterinsights_sitenote_category":0},"product_brand":[],"product_cat":[778,779,572,40,39],"product_tag":[],"class_list":{"0":"post-6402","1":"product","2":"type-product","3":"status-publish","4":"has-post-thumbnail","6":"product_cat-connecte","7":"product_cat-garmin-connecte","8":"product_cat-garmin-hommes","9":"product_cat-montres-hommes","10":"product_cat-hommes","12":"first","13":"instock","14":"shipping-taxable","15":"purchasable","16":"product-type-simple"},"_links":{"self":[{"href":"https:\/\/tempsetor.be\/galerie\/wp-json\/wp\/v2\/product\/6402","targetHints":{"allow":["GET"]}}],"collection":[{"href":"https:\/\/tempsetor.be\/galerie\/wp-json\/wp\/v2\/product"}],"about":[{"href":"https:\/\/tempsetor.be\/galerie\/wp-json\/wp\/v2\/types\/product"}],"wp:featuredmedia":[{"embeddable":true,"href":"https:\/\/tempsetor.be\/galerie\/wp-json\/wp\/v2\/media\/6404"}],"wp:attachment":[{"href":"https:\/\/tempsetor.be\/galerie\/wp-json\/wp\/v2\/media?parent=6402"}],"wp:term":[{"taxonomy":"product_brand","embeddable":true,"href":"https:\/\/tempsetor.be\/galerie\/wp-json\/wp\/v2\/product_brand?post=6402"},{"taxonomy":"product_cat","embeddable":true,"href":"https:\/\/tempsetor.be\/galerie\/wp-json\/wp\/v2\/product_cat?post=6402"},{"taxonomy":"product_tag","embeddable":true,"href":"https:\/\/tempsetor.be\/galerie\/wp-json\/wp\/v2\/product_tag?post=6402"}],"curies":[{"name":"wp","href":"https:\/\/api.w.org\/{rel}","templated":true}]}}