{"id":6412,"date":"2022-04-13T18:08:30","date_gmt":"2022-04-13T16:08:30","guid":{"rendered":"https:\/\/www.tempsetor.be\/galerie\/?post_type=product&#038;p=6412"},"modified":"2022-04-13T19:47:07","modified_gmt":"2022-04-13T17:47:07","slug":"montre-hommes-fenix-7-sapphire-solar-edition-010-02540-25","status":"publish","type":"product","link":"https:\/\/tempsetor.be\/galerie\/produit\/montre-hommes-fenix-7-sapphire-solar-edition-010-02540-25\/","title":{"rendered":"Montre hommes Garmin F\u0113nix\u00ae 7 \u2013 Sapphire Solar Edition &#8211; 010-02540-25"},"content":{"rendered":"<p id=\"js__product__info__variation\" class=\"app__product__info__subtitle\">Titane avec rev\u00eatement Cobalt Blue DLC et bracelet blanc |\u00a0CHAQUE JOUR, UN NOUVEAU D\u00c9FI. | Relevez tous les d\u00e9fis avec la montre GPS multisports robuste f\u0113nix 7 Sapphire Solar. Elle int\u00e8gre toujours plus de fonctions d&#8217;entra\u00eenement avanc\u00e9, d&#8217;applications sportives, de capteurs de suivi de la sant\u00e9 et du bien-\u00eatre, etc. et son verre solaire antirayure Power Sapphire\u2122 prolonge significativement l&#8217;autonomie de la batterie.<\/p>\n","protected":false},"excerpt":{"rendered":"<p><img loading=\"lazy\" decoding=\"async\" class=\"size-full wp-image-3680 alignleft\" src=\"https:\/\/tempsetor.be\/galerie\/wp-content\/uploads\/2018\/02\/garmin_logo.jpg\" alt=\"garmin logo\" width=\"150\" height=\"48\" srcset=\"https:\/\/tempsetor.be\/galerie\/wp-content\/uploads\/2018\/02\/garmin_logo.jpg 150w, https:\/\/tempsetor.be\/galerie\/wp-content\/uploads\/2018\/02\/garmin_logo-50x16.jpg 50w\" sizes=\"auto, (max-width:767px) 150px, 150px\" \/><\/p>\n<h2>CONNECTEZ VOTRE CORPS ET VOTRE ESPRIT<\/h2>\n<p>Prenez soin de votre corps et de votre esprit gr\u00e2ce \u00e0 un suivi avanc\u00e9 sant\u00e9 et fitness. Vous pouvez aussi passer et recevoir des appels \u00e0 votre poignet<sup>1<\/sup>\u00a0en couplant votre montre \u00e0 votre smartphone compatible.<\/p>\n<h4 id=\"js__product__info__variation\" class=\"app__product__info__subtitle\">Silver Avec Bracelet Silicone Gris Clair<\/h4>\n<p>D\u00e9j\u00e0 garanties 2 ans, le service apr\u00e8s vente de la bijouterie <strong>Temps &amp; OR<\/strong> vous apporte une confiance suppl\u00e9mentaire pour ces produits. Selon vos besoins, ces montres peuvent \u00eatre \u00e9galement r\u00e9serv\u00e9es \u00e0 la bijouterie. La mise \u00e0 mesure offerte ainsi qu&#8217;un emballage cadeau vous y seront propos\u00e9s.<\/p>\n<p>Faites vos demandes particuli\u00e8res ou passez votre commande via ce formulaire :<br \/>\n<p class=\"wpcf7-contact-form-not-found\"><strong>Error:<\/strong> Contact form not found.<\/p><\/p>\n","protected":false},"featured_media":6415,"template":"","meta":{"_monsterinsights_skip_tracking":false,"_monsterinsights_sitenote_active":false,"_monsterinsights_sitenote_note":"","_monsterinsights_sitenote_category":0},"product_brand":[],"product_cat":[778,779,572,40,39],"product_tag":[],"class_list":{"0":"post-6412","1":"product","2":"type-product","3":"status-publish","4":"has-post-thumbnail","6":"product_cat-connecte","7":"product_cat-garmin-connecte","8":"product_cat-garmin-hommes","9":"product_cat-montres-hommes","10":"product_cat-hommes","12":"first","13":"instock","14":"shipping-taxable","15":"purchasable","16":"product-type-simple"},"_links":{"self":[{"href":"https:\/\/tempsetor.be\/galerie\/wp-json\/wp\/v2\/product\/6412","targetHints":{"allow":["GET"]}}],"collection":[{"href":"https:\/\/tempsetor.be\/galerie\/wp-json\/wp\/v2\/product"}],"about":[{"href":"https:\/\/tempsetor.be\/galerie\/wp-json\/wp\/v2\/types\/product"}],"wp:featuredmedia":[{"embeddable":true,"href":"https:\/\/tempsetor.be\/galerie\/wp-json\/wp\/v2\/media\/6415"}],"wp:attachment":[{"href":"https:\/\/tempsetor.be\/galerie\/wp-json\/wp\/v2\/media?parent=6412"}],"wp:term":[{"taxonomy":"product_brand","embeddable":true,"href":"https:\/\/tempsetor.be\/galerie\/wp-json\/wp\/v2\/product_brand?post=6412"},{"taxonomy":"product_cat","embeddable":true,"href":"https:\/\/tempsetor.be\/galerie\/wp-json\/wp\/v2\/product_cat?post=6412"},{"taxonomy":"product_tag","embeddable":true,"href":"https:\/\/tempsetor.be\/galerie\/wp-json\/wp\/v2\/product_tag?post=6412"}],"curies":[{"name":"wp","href":"https:\/\/api.w.org\/{rel}","templated":true}]}}