{"id":6418,"date":"2022-04-13T19:14:26","date_gmt":"2022-04-13T17:14:26","guid":{"rendered":"https:\/\/www.tempsetor.be\/galerie\/?post_type=product&#038;p=6418"},"modified":"2022-04-13T19:47:26","modified_gmt":"2022-04-13T17:47:26","slug":"montre-hommes-tactix-delta-solar-010-02357-11","status":"publish","type":"product","link":"https:\/\/tempsetor.be\/galerie\/produit\/montre-hommes-tactix-delta-solar-010-02357-11\/","title":{"rendered":"Montre hommes Garmin Tactix Delta Solar &#8211; 010-02357-11"},"content":{"rendered":"<p id=\"js__product__info__name\" class=\"app__product__info__title\">tactix Delta Solar |\u00a0Montre GPS tactique \u00e0 \u00e9nergie solaire avec bracelet en nylon. \u00c9quip\u00e9e de la technologie de captation solaire Power Sapphire\u2122, cette montre GPS connect\u00e9e tactique offre des fonctions tactiques sp\u00e9cifiques ainsi que des cartes, un espace de stockage pour la musique, des fonctions d&#8217;entra\u00eenement avanc\u00e9es et bien plus encore.<\/p>\n","protected":false},"excerpt":{"rendered":"<p><img loading=\"lazy\" decoding=\"async\" class=\"size-full wp-image-3680 alignleft\" src=\"https:\/\/tempsetor.be\/galerie\/wp-content\/uploads\/2018\/02\/garmin_logo.jpg\" alt=\"garmin logo\" width=\"150\" height=\"48\" srcset=\"https:\/\/tempsetor.be\/galerie\/wp-content\/uploads\/2018\/02\/garmin_logo.jpg 150w, https:\/\/tempsetor.be\/galerie\/wp-content\/uploads\/2018\/02\/garmin_logo-50x16.jpg 50w\" sizes=\"auto, (max-width:767px) 150px, 150px\" \/><\/p>\n<h2>CON\u00c7UE POUR DURER.<\/h2>\n<div class=\"app__overview__intro__description\">Montre GPS tactique \u00e0 \u00e9nergie solaire avec bracelet en nylon. \u00c9quip\u00e9e de la technologie de captation solaire Power Sapphire\u2122, cette montre GPS connect\u00e9e tactique offre des fonctions tactiques sp\u00e9cifiques ainsi que des cartes, un espace de stockage pour la musique, des fonctions d&#8217;entra\u00eenement avanc\u00e9es et bien plus encore.<\/div>\n<p>D\u00e9j\u00e0 garanties 2 ans, le service apr\u00e8s vente de la bijouterie <strong>Temps &amp; OR<\/strong> vous apporte une confiance suppl\u00e9mentaire pour ces produits. Selon vos besoins, ces montres peuvent \u00eatre \u00e9galement r\u00e9serv\u00e9es \u00e0 la bijouterie. La mise \u00e0 mesure offerte ainsi qu&#8217;un emballage cadeau vous y seront propos\u00e9s.<\/p>\n<p>Faites vos demandes particuli\u00e8res ou passez votre commande via ce formulaire :<br \/>\n<p class=\"wpcf7-contact-form-not-found\"><strong>Error:<\/strong> Contact form not found.<\/p><\/p>\n","protected":false},"featured_media":6420,"template":"","meta":{"_monsterinsights_skip_tracking":false,"_monsterinsights_sitenote_active":false,"_monsterinsights_sitenote_note":"","_monsterinsights_sitenote_category":0},"product_brand":[],"product_cat":[778,779,572,40,39],"product_tag":[],"class_list":{"0":"post-6418","1":"product","2":"type-product","3":"status-publish","4":"has-post-thumbnail","6":"product_cat-connecte","7":"product_cat-garmin-connecte","8":"product_cat-garmin-hommes","9":"product_cat-montres-hommes","10":"product_cat-hommes","12":"first","13":"instock","14":"shipping-taxable","15":"purchasable","16":"product-type-simple"},"_links":{"self":[{"href":"https:\/\/tempsetor.be\/galerie\/wp-json\/wp\/v2\/product\/6418","targetHints":{"allow":["GET"]}}],"collection":[{"href":"https:\/\/tempsetor.be\/galerie\/wp-json\/wp\/v2\/product"}],"about":[{"href":"https:\/\/tempsetor.be\/galerie\/wp-json\/wp\/v2\/types\/product"}],"wp:featuredmedia":[{"embeddable":true,"href":"https:\/\/tempsetor.be\/galerie\/wp-json\/wp\/v2\/media\/6420"}],"wp:attachment":[{"href":"https:\/\/tempsetor.be\/galerie\/wp-json\/wp\/v2\/media?parent=6418"}],"wp:term":[{"taxonomy":"product_brand","embeddable":true,"href":"https:\/\/tempsetor.be\/galerie\/wp-json\/wp\/v2\/product_brand?post=6418"},{"taxonomy":"product_cat","embeddable":true,"href":"https:\/\/tempsetor.be\/galerie\/wp-json\/wp\/v2\/product_cat?post=6418"},{"taxonomy":"product_tag","embeddable":true,"href":"https:\/\/tempsetor.be\/galerie\/wp-json\/wp\/v2\/product_tag?post=6418"}],"curies":[{"name":"wp","href":"https:\/\/api.w.org\/{rel}","templated":true}]}}