{"id":6446,"date":"2022-04-28T20:55:19","date_gmt":"2022-04-28T18:55:19","guid":{"rendered":"https:\/\/www.tempsetor.be\/galerie\/?post_type=product&#038;p=6446"},"modified":"2023-03-05T12:32:23","modified_gmt":"2023-03-05T11:32:23","slug":"montre-homme-lip-himalaya-33-mm-sablier-671683","status":"publish","type":"product","link":"https:\/\/tempsetor.be\/galerie\/produit\/montre-homme-lip-himalaya-33-mm-sablier-671683\/","title":{"rendered":"Montre dames LIP &#8211; HIMALAYA 33 MM SABLIER &#8211; 671683"},"content":{"rendered":"<p>Le mod\u00e8le Himalaya est n\u00e9 d\u2019une discussion entre Fred Lip passionn\u00e9 de montagne, et son ami Lionel Terray, guide de haute montagne. Maurice Herzog, ami de Fred Lip, a aussi fortement contribu\u00e9 au succ\u00e8s de cette montre. Maurice Herzog fut le premier alpiniste \u00e0 gravir l\u2019Annapurna. La montre Himalaya symbolise son extraordinaire performance.<\/p>\n","protected":false},"excerpt":{"rendered":"<p><img loading=\"lazy\" decoding=\"async\" class=\"size-full wp-image-3110 alignleft\" src=\"https:\/\/tempsetor.be\/galerie\/wp-content\/uploads\/2017\/12\/LIP.jpg\" alt=\"logo Lip\" width=\"150\" height=\"217\" srcset=\"https:\/\/tempsetor.be\/galerie\/wp-content\/uploads\/2017\/12\/LIP.jpg 150w, https:\/\/tempsetor.be\/galerie\/wp-content\/uploads\/2017\/12\/LIP-101x146.jpg 101w, https:\/\/tempsetor.be\/galerie\/wp-content\/uploads\/2017\/12\/LIP-35x50.jpg 35w, https:\/\/tempsetor.be\/galerie\/wp-content\/uploads\/2017\/12\/LIP-52x75.jpg 52w\" sizes=\"auto, (max-width:767px) 150px, 150px\" \/><\/p>\n<p><strong>Fabriqu\u00e9e en France &#8211; Besan\u00e7on<\/strong><br \/>\nCette montre qui \u00e9voque un pass\u00e9 glorieux, vous pr\u00e9sente aujourd&#8217;hui son coeur en forme de sablier pour vous s\u00e9duire. Craquez, elle va vous envo\u00fbter ! Le mod\u00e8le Himalaya est n\u00e9 d\u2019une discussion entre Fred Lip passionn\u00e9 de montagne, et son ami Lionel Terray, guide de haute montagne. Maurice Herzog, ami de Fred Lip, a aussi fortement contribu\u00e9 au succ\u00e8s de cette montre. Maurice Herzog fut le premier alpiniste \u00e0 gravir l\u2019Annapurna. La montre Himalaya symbolise son extraordinaire performance.<\/p>\n<p>D\u00e9j\u00e0 garanties 2 ans, le service apr\u00e8s-vente de la bijouterie <strong>Temps &amp; OR<\/strong> vous apporte une confiance suppl\u00e9mentaire pour ces produits. Selon vos besoins, ces montres peuvent \u00eatre \u00e9galement r\u00e9serv\u00e9es \u00e0 la bijouterie. La mise \u00e0 mesure offerte ainsi qu&#8217;un emballage cadeau vous y seront propos\u00e9s.<\/p>\n<p><div class=\"alert alert_error\"><div class=\"alert_icon\"><svg viewBox=\"0 0 28 28\"><defs><style>.path{fill:none;stroke:#000;stroke-miterlimit:10;stroke-width:1.5px;}<\/style><\/defs><g><circle cx=\"14\" cy=\"20\" r=\"0.33\" class=\"path\"\/><line x1=\"14\" y1=\"8.72\" x2=\"14\" y2=\"16.72\" class=\"path\"\/><path d=\"M12.6,3.42,1.54,22.58A1.61,1.61,0,0,0,2.93,25H25.07a1.61,1.61,0,0,0,1.39-2.42L15.4,3.42A1.61,1.61,0,0,0,12.6,3.42Z\" class=\"path\"\/><\/g><\/svg><\/div><div class=\"alert_wrapper\">Le montant affich\u00e9 peut \u00eatre modifi\u00e9 par le fournisseur sans que nous en soyons inform\u00e9s. Une diff\u00e9rence entre le prix affich\u00e9 ici et en magasin reste possible.<\/div><a href=\"#\" class=\"close mfn-close-icon\"><span class=\"icon\">\u2715<\/span><\/a><\/div>\n<div class=\"alert alert_info\"><div class=\"alert_icon\"><svg viewBox=\"0 0 28 28\"><defs><style>.path{fill:none;stroke:#000;stroke-miterlimit:10;stroke-width:1.5px;}<\/style><\/defs><g><circle class=\"path\" cx=\"14\" cy=\"14\" r=\"12\"\/><path class=\"path\" d=\"M11.2,9.12a3.4,3.4,0,0,1,3-1.69,2.84,2.84,0,0,1,3,2.76,3.16,3.16,0,0,1-.84,2.23c-.63.74-1.58,1.18-2.19,1.88a1,1,0,0,0-.26.64v2.32\"\/><circle class=\"path\" cx=\"14\" cy=\"20\" r=\"0.33\"\/><\/g><\/svg><\/div><div class=\"alert_wrapper\">Faites vos demandes particuli\u00e8res ou passez votre commande via ce formulaire <\/div><a href=\"#\" class=\"close mfn-close-icon\"><span class=\"icon\">\u2715<\/span><\/a><\/div>\n <a class=\"button  button_size_3\" href=\"https:\/\/tempsetor.be\/galerie\/ma-commande\/\"     target=\"_blank\"    title=\"\"><span class=\"button_label\">&gt; Formulaire<\/span><\/a>\n<\/p>\n","protected":false},"featured_media":6447,"template":"","meta":{"_monsterinsights_skip_tracking":false,"_monsterinsights_sitenote_active":false,"_monsterinsights_sitenote_note":"","_monsterinsights_sitenote_category":0},"product_brand":[],"product_cat":[498,28,27],"product_tag":[],"class_list":{"0":"post-6446","1":"product","2":"type-product","3":"status-publish","4":"has-post-thumbnail","6":"product_cat-lip-dames","7":"product_cat-montres-dames","8":"product_cat-dames","10":"first","11":"instock","12":"shipping-taxable","13":"purchasable","14":"product-type-simple"},"_links":{"self":[{"href":"https:\/\/tempsetor.be\/galerie\/wp-json\/wp\/v2\/product\/6446","targetHints":{"allow":["GET"]}}],"collection":[{"href":"https:\/\/tempsetor.be\/galerie\/wp-json\/wp\/v2\/product"}],"about":[{"href":"https:\/\/tempsetor.be\/galerie\/wp-json\/wp\/v2\/types\/product"}],"wp:featuredmedia":[{"embeddable":true,"href":"https:\/\/tempsetor.be\/galerie\/wp-json\/wp\/v2\/media\/6447"}],"wp:attachment":[{"href":"https:\/\/tempsetor.be\/galerie\/wp-json\/wp\/v2\/media?parent=6446"}],"wp:term":[{"taxonomy":"product_brand","embeddable":true,"href":"https:\/\/tempsetor.be\/galerie\/wp-json\/wp\/v2\/product_brand?post=6446"},{"taxonomy":"product_cat","embeddable":true,"href":"https:\/\/tempsetor.be\/galerie\/wp-json\/wp\/v2\/product_cat?post=6446"},{"taxonomy":"product_tag","embeddable":true,"href":"https:\/\/tempsetor.be\/galerie\/wp-json\/wp\/v2\/product_tag?post=6446"}],"curies":[{"name":"wp","href":"https:\/\/api.w.org\/{rel}","templated":true}]}}