{"id":6501,"date":"2022-08-24T15:01:28","date_gmt":"2022-08-24T13:01:28","guid":{"rendered":"https:\/\/tempsetor.be\/galerie\/?post_type=product&#038;p=6501"},"modified":"2022-08-24T15:36:56","modified_gmt":"2022-08-24T13:36:56","slug":"montre-hommes-casio-g-shock-pro-gst-b100d-1aer","status":"publish","type":"product","link":"https:\/\/tempsetor.be\/galerie\/produit\/montre-hommes-casio-g-shock-pro-gst-b100d-1aer\/","title":{"rendered":"Montre hommes &#8211; Casio &#8211; G-SHOCK PRO &#8211; GST-B100D-1AER"},"content":{"rendered":"<p><b>Rev\u00eatement Neobrite<\/b><br \/>\nLes aiguilles et\/ou l&#8217;index ont un rev\u00eatement fluorescent et continuent \u00e0 briller dans l&#8217;obscurit\u00e9 lorsque la montre a \u00e9t\u00e9 expos\u00e9e auparavant \u00e0 une source lumineuse.<\/p>\n","protected":false},"excerpt":{"rendered":"<p><img loading=\"lazy\" decoding=\"async\" class=\"wp-image-4183 size-full alignleft\" src=\"https:\/\/tempsetor.be\/galerie\/wp-content\/uploads\/2018\/11\/casio-logo.png\" alt=\"casio logo\" width=\"150\" height=\"30\" srcset=\"https:\/\/tempsetor.be\/galerie\/wp-content\/uploads\/2018\/11\/casio-logo.png 150w, https:\/\/tempsetor.be\/galerie\/wp-content\/uploads\/2018\/11\/casio-logo-50x10.png 50w\" sizes=\"auto, (max-width:767px) 150px, 150px\" \/><\/p>\n<ul>\n<li><b>Bracelet en acier inoxydable<\/b><br \/>\nSolide, durable et \u00e9l\u00e9gant\u00a0: le bracelet en acier inoxydable est un classique horloger incontournable.<\/li>\n<\/ul>\n<p><b>Bo\u00eetier en acier et r\u00e9sine<\/b><br \/>\nLe bo\u00eetier de la montre est en acier inoxydable et en r\u00e9sine, robuste et plus l\u00e9ger.<\/p>\n<p><b>Classe d&#8217;\u00e9tanch\u00e9it\u00e9 (20 bars)<\/b><br \/>\nParfait pour nager et faire de la plong\u00e9e sans \u00e9quipement : la montre est \u00e9tanche jusqu&#8217;\u00e0 20 bars (ISO 22810).<\/p>\n<p><b>Chronom\u00e8tre &#8211; 24 heures<\/b><br \/>\nLes temps \u00e9coul\u00e9s sont mesur\u00e9s avec une pr\u00e9cision \u00e0 la seconde, sur une dur\u00e9e maximale de 24 heures.<\/p>\n<p>&nbsp;<\/p>\n<p>D\u00e9j\u00e0 garanties 2 ans, le service apr\u00e8s vente de la bijouterie <strong>Temps &amp; OR<\/strong> vous apporte une confiance suppl\u00e9mentaire pour ces produits. Selon vos besoins, ces montres peuvent \u00eatre \u00e9galement r\u00e9serv\u00e9es \u00e0 la bijouterie. La mise \u00e0 mesure offerte ainsi qu&#8217;un emballage cadeau vous y seront propos\u00e9s.<\/p>\n<p>Faites vos demandes particuli\u00e8res ou passez votre commande via ce formulaire :<br \/>\n<p class=\"wpcf7-contact-form-not-found\"><strong>Error:<\/strong> Contact form not found.<\/p><\/p>\n","protected":false},"featured_media":6502,"template":"","meta":{"_monsterinsights_skip_tracking":false,"_monsterinsights_sitenote_active":false,"_monsterinsights_sitenote_note":"","_monsterinsights_sitenote_category":0},"product_brand":[],"product_cat":[2056,40,39],"product_tag":[],"class_list":{"0":"post-6501","1":"product","2":"type-product","3":"status-publish","4":"has-post-thumbnail","6":"product_cat-casio-g-shock-pro-homme-montre","7":"product_cat-montres-hommes","8":"product_cat-hommes","10":"first","11":"instock","12":"shipping-taxable","13":"purchasable","14":"product-type-simple"},"_links":{"self":[{"href":"https:\/\/tempsetor.be\/galerie\/wp-json\/wp\/v2\/product\/6501","targetHints":{"allow":["GET"]}}],"collection":[{"href":"https:\/\/tempsetor.be\/galerie\/wp-json\/wp\/v2\/product"}],"about":[{"href":"https:\/\/tempsetor.be\/galerie\/wp-json\/wp\/v2\/types\/product"}],"wp:featuredmedia":[{"embeddable":true,"href":"https:\/\/tempsetor.be\/galerie\/wp-json\/wp\/v2\/media\/6502"}],"wp:attachment":[{"href":"https:\/\/tempsetor.be\/galerie\/wp-json\/wp\/v2\/media?parent=6501"}],"wp:term":[{"taxonomy":"product_brand","embeddable":true,"href":"https:\/\/tempsetor.be\/galerie\/wp-json\/wp\/v2\/product_brand?post=6501"},{"taxonomy":"product_cat","embeddable":true,"href":"https:\/\/tempsetor.be\/galerie\/wp-json\/wp\/v2\/product_cat?post=6501"},{"taxonomy":"product_tag","embeddable":true,"href":"https:\/\/tempsetor.be\/galerie\/wp-json\/wp\/v2\/product_tag?post=6501"}],"curies":[{"name":"wp","href":"https:\/\/api.w.org\/{rel}","templated":true}]}}