{"id":6503,"date":"2022-08-24T15:21:00","date_gmt":"2022-08-24T13:21:00","guid":{"rendered":"https:\/\/tempsetor.be\/galerie\/?post_type=product&#038;p=6503"},"modified":"2022-08-24T15:49:41","modified_gmt":"2022-08-24T13:49:41","slug":"montre-hommes-casio-g-shock-pro-gst-w110-1aer","status":"publish","type":"product","link":"https:\/\/tempsetor.be\/galerie\/produit\/montre-hommes-casio-g-shock-pro-gst-w110-1aer\/","title":{"rendered":"Montre hommes &#8211; Casio &#8211; G-SHOCK PRO &#8211; GST-W110-1AER"},"content":{"rendered":"<p><b>Rev\u00eatement Neobrite<\/b><br \/>\nLes aiguilles et\/ou l&#8217;index ont un rev\u00eatement fluorescent et continuent \u00e0 briller dans l&#8217;obscurit\u00e9 lorsque la montre a \u00e9t\u00e9 expos\u00e9e auparavant \u00e0 une source lumineuse.<\/p>\n","protected":false},"excerpt":{"rendered":"<p><img loading=\"lazy\" decoding=\"async\" class=\"wp-image-4183 size-full alignleft\" src=\"https:\/\/tempsetor.be\/galerie\/wp-content\/uploads\/2018\/11\/casio-logo.png\" alt=\"casio logo\" width=\"150\" height=\"30\" srcset=\"https:\/\/tempsetor.be\/galerie\/wp-content\/uploads\/2018\/11\/casio-logo.png 150w, https:\/\/tempsetor.be\/galerie\/wp-content\/uploads\/2018\/11\/casio-logo-50x10.png 50w\" sizes=\"auto, (max-width:767px) 150px, 150px\" \/><\/p>\n<p><b>Verre min\u00e9ral<\/b><br \/>\nLe verre min\u00e9ral dur et r\u00e9sistant aux rayures prot\u00e8ge la montre des dommages inesth\u00e9tiques.<\/p>\n<p><b>Bracelet en r\u00e9sine<\/b><br \/>\nGr\u00e2ce \u00e0 son extr\u00eame durabilit\u00e9 et sa souplesse, la r\u00e9sine synth\u00e9tique constitue un mat\u00e9riau id\u00e9al pour les bracelets.<\/p>\n<p><b>Fonction d&#8217;heure universelle<\/b><br \/>\nLa fonction d\u2019heure universelle affiche l\u2019heure dans 29 fuseaux horaires et grandes villes du monde.<\/p>\n<p><b>Calendrier automatique<\/b><br \/>\nUne fois programm\u00e9, le calendrier automatique affiche toujours la date correcte.<\/p>\n<p>&nbsp;<\/p>\n<p>D\u00e9j\u00e0 garanties 2 ans, le service apr\u00e8s vente de la bijouterie <strong>Temps &amp; OR<\/strong> vous apporte une confiance suppl\u00e9mentaire pour ces produits. Selon vos besoins, ces montres peuvent \u00eatre \u00e9galement r\u00e9serv\u00e9es \u00e0 la bijouterie. La mise \u00e0 mesure offerte ainsi qu&#8217;un emballage cadeau vous y seront propos\u00e9s.<\/p>\n<p>Faites vos demandes particuli\u00e8res ou passez votre commande via ce formulaire :<br \/>\n<p class=\"wpcf7-contact-form-not-found\"><strong>Error:<\/strong> Contact form not found.<\/p><\/p>\n","protected":false},"featured_media":6507,"template":"","meta":{"_monsterinsights_skip_tracking":false,"_monsterinsights_sitenote_active":false,"_monsterinsights_sitenote_note":"","_monsterinsights_sitenote_category":0},"product_brand":[],"product_cat":[2056,40,39],"product_tag":[],"class_list":{"0":"post-6503","1":"product","2":"type-product","3":"status-publish","4":"has-post-thumbnail","6":"product_cat-casio-g-shock-pro-homme-montre","7":"product_cat-montres-hommes","8":"product_cat-hommes","10":"first","11":"instock","12":"shipping-taxable","13":"purchasable","14":"product-type-simple"},"_links":{"self":[{"href":"https:\/\/tempsetor.be\/galerie\/wp-json\/wp\/v2\/product\/6503","targetHints":{"allow":["GET"]}}],"collection":[{"href":"https:\/\/tempsetor.be\/galerie\/wp-json\/wp\/v2\/product"}],"about":[{"href":"https:\/\/tempsetor.be\/galerie\/wp-json\/wp\/v2\/types\/product"}],"wp:featuredmedia":[{"embeddable":true,"href":"https:\/\/tempsetor.be\/galerie\/wp-json\/wp\/v2\/media\/6507"}],"wp:attachment":[{"href":"https:\/\/tempsetor.be\/galerie\/wp-json\/wp\/v2\/media?parent=6503"}],"wp:term":[{"taxonomy":"product_brand","embeddable":true,"href":"https:\/\/tempsetor.be\/galerie\/wp-json\/wp\/v2\/product_brand?post=6503"},{"taxonomy":"product_cat","embeddable":true,"href":"https:\/\/tempsetor.be\/galerie\/wp-json\/wp\/v2\/product_cat?post=6503"},{"taxonomy":"product_tag","embeddable":true,"href":"https:\/\/tempsetor.be\/galerie\/wp-json\/wp\/v2\/product_tag?post=6503"}],"curies":[{"name":"wp","href":"https:\/\/api.w.org\/{rel}","templated":true}]}}