{"id":6569,"date":"2022-10-08T11:11:40","date_gmt":"2022-10-08T09:11:40","guid":{"rendered":"https:\/\/tempsetor.be\/galerie\/?post_type=product&#038;p=6569"},"modified":"2022-10-08T18:21:21","modified_gmt":"2022-10-08T16:21:21","slug":"montre-hommes-casio-g-shock-pro-g-shock-mudmaster-gg-b100-1a3er","status":"publish","type":"product","link":"https:\/\/tempsetor.be\/galerie\/produit\/montre-hommes-casio-g-shock-pro-g-shock-mudmaster-gg-b100-1a3er\/","title":{"rendered":"Montre hommes &#8211; Casio &#8211; G-SHOCK PRO &#8211; G-Shock Mudmaster &#8211; GG-B100-1A3ER"},"content":{"rendered":"<p>Ce mod\u00e8le de la s\u00e9rie G-Shock Mudmaster, con\u00e7u pour une utilisation dans des environnements extr\u00eames parsem\u00e9s de graviers, de poussi\u00e8re et de d\u00e9bris, int\u00e8gre des mat\u00e9riaux en carbone.<\/p>\n","protected":false},"excerpt":{"rendered":"<p><img loading=\"lazy\" decoding=\"async\" class=\"wp-image-4183 size-full alignleft\" src=\"https:\/\/tempsetor.be\/galerie\/wp-content\/uploads\/2018\/11\/casio-logo.png\" alt=\"casio logo\" width=\"150\" height=\"30\" srcset=\"https:\/\/tempsetor.be\/galerie\/wp-content\/uploads\/2018\/11\/casio-logo.png 150w, https:\/\/tempsetor.be\/galerie\/wp-content\/uploads\/2018\/11\/casio-logo-50x10.png 50w\" sizes=\"auto, (max-width:767px) 150px, 150px\" \/><\/p>\n<p>Le carbone tr\u00e8s rigide du bo\u00eetier prot\u00e8ge contre les dommages et les d\u00e9formations et garantit un niveau \u00e9lev\u00e9 d&#8217;\u00e9tanch\u00e9it\u00e9 \u00e0 l&#8217;air et de r\u00e9sistance aux chocs. Ce mod\u00e8le poss\u00e8de \u00e9galement un filtre de protection contre les infiltrations de salet\u00e9, un panneau arri\u00e8re en acier inoxydable et un fond de bo\u00eetier en r\u00e9sine fine antichoc renforc\u00e9e de fibres de verre, ce qui lui conf\u00e8re une grande r\u00e9sistance \u00e0 la poussi\u00e8re et \u00e0 la boue. La lunette, \u00e9galement compos\u00e9e de trois couches de r\u00e9sine fine renforc\u00e9e de fibres de carbone, s&#8217;inspire des lignes du jerrican dont sont souvent \u00e9quip\u00e9s les v\u00e9hicules tout-terrain.<\/p>\n<p>C\u00f4t\u00e9 fonctionnalit\u00e9s, ce mod\u00e8le comprend une boussole, un altim\u00e8tre\/barom\u00e8tre, un lecteur de temp\u00e9rature et un podom\u00e8tre. Outre la possibilit\u00e9 de corriger facilement l&#8217;heure \u00e0 l&#8217;aide de l&#8217;application G-Shock d\u00e9di\u00e9e, de nombreuses autres fonctionnalit\u00e9s utiles sont disponibles, notamment la fonction Journal de mission, qui enregistre automatiquement dans l&#8217;application les donn\u00e9es d&#8217;altitude collect\u00e9es par la montre et les donn\u00e9es d&#8217;itin\u00e9raire provenant de votre smartphone. Cette montre robuste vous aide \u00e0 prendre des d\u00e9cisions rapides et \u00e0 agir efficacement.<\/p>\n<p>D\u00e9j\u00e0 garanties 2 ans, le service apr\u00e8s vente de la bijouterie <strong>Temps &amp; OR<\/strong> vous apporte une confiance suppl\u00e9mentaire pour ces produits. Selon vos besoins, ces montres peuvent \u00eatre \u00e9galement r\u00e9serv\u00e9es \u00e0 la bijouterie. La mise \u00e0 mesure offerte ainsi qu&#8217;un emballage cadeau vous y seront propos\u00e9s.<\/p>\n<p>Faites vos demandes particuli\u00e8res ou passez votre commande via ce formulaire :<br \/>\n<p class=\"wpcf7-contact-form-not-found\"><strong>Error:<\/strong> Contact form not found.<\/p><\/p>\n","protected":false},"featured_media":6570,"template":"","meta":{"_monsterinsights_skip_tracking":false,"_monsterinsights_sitenote_active":false,"_monsterinsights_sitenote_note":"","_monsterinsights_sitenote_category":0},"product_brand":[],"product_cat":[2056,40,39],"product_tag":[],"class_list":{"0":"post-6569","1":"product","2":"type-product","3":"status-publish","4":"has-post-thumbnail","6":"product_cat-casio-g-shock-pro-homme-montre","7":"product_cat-montres-hommes","8":"product_cat-hommes","10":"first","11":"instock","12":"shipping-taxable","13":"purchasable","14":"product-type-simple"},"_links":{"self":[{"href":"https:\/\/tempsetor.be\/galerie\/wp-json\/wp\/v2\/product\/6569","targetHints":{"allow":["GET"]}}],"collection":[{"href":"https:\/\/tempsetor.be\/galerie\/wp-json\/wp\/v2\/product"}],"about":[{"href":"https:\/\/tempsetor.be\/galerie\/wp-json\/wp\/v2\/types\/product"}],"wp:featuredmedia":[{"embeddable":true,"href":"https:\/\/tempsetor.be\/galerie\/wp-json\/wp\/v2\/media\/6570"}],"wp:attachment":[{"href":"https:\/\/tempsetor.be\/galerie\/wp-json\/wp\/v2\/media?parent=6569"}],"wp:term":[{"taxonomy":"product_brand","embeddable":true,"href":"https:\/\/tempsetor.be\/galerie\/wp-json\/wp\/v2\/product_brand?post=6569"},{"taxonomy":"product_cat","embeddable":true,"href":"https:\/\/tempsetor.be\/galerie\/wp-json\/wp\/v2\/product_cat?post=6569"},{"taxonomy":"product_tag","embeddable":true,"href":"https:\/\/tempsetor.be\/galerie\/wp-json\/wp\/v2\/product_tag?post=6569"}],"curies":[{"name":"wp","href":"https:\/\/api.w.org\/{rel}","templated":true}]}}