{"id":6608,"date":"2022-11-13T21:06:43","date_gmt":"2022-11-13T20:06:43","guid":{"rendered":"https:\/\/tempsetor.be\/galerie\/?post_type=product&#038;p=6608"},"modified":"2022-11-14T14:29:59","modified_gmt":"2022-11-14T13:29:59","slug":"montre-hommes-orientstar-re-at0003s00b","status":"publish","type":"product","link":"https:\/\/tempsetor.be\/galerie\/produit\/montre-hommes-orientstar-re-at0003s00b\/","title":{"rendered":"Montre hommes &#8211; Orient Star &#8211; Open Heart &#8211; Netto &#8211; RE-AT0003S00B"},"content":{"rendered":"<p>L\u2019Orient Star Open Heart est habilement d\u00e9cor\u00e9 d\u2019une ouverte distingu\u00e9e \u00e0 9 heures offrant une exposition profonde sur le c\u0153ur de la montre et son m\u00e9canisme. Chaque battement est ainsi visible en d\u00e9tail, donnant \u00e0 ce garde-temps cette singularit\u00e9 tant appr\u00e9ci\u00e9e<\/p>\n","protected":false},"excerpt":{"rendered":"<p><img loading=\"lazy\" decoding=\"async\" class=\"size-full wp-image-6615 alignleft\" src=\"https:\/\/tempsetor.be\/galerie\/wp-content\/uploads\/2022\/11\/orientstar-logo.jpg\" alt=\"Orient Star - logo\" width=\"191\" height=\"81\" srcset=\"https:\/\/tempsetor.be\/galerie\/wp-content\/uploads\/2022\/11\/orientstar-logo.jpg 191w, https:\/\/tempsetor.be\/galerie\/wp-content\/uploads\/2022\/11\/orientstar-logo-50x21.jpg 50w, https:\/\/tempsetor.be\/galerie\/wp-content\/uploads\/2022\/11\/orientstar-logo-150x64.jpg 150w\" sizes=\"auto, (max-width:767px) 191px, 191px\" \/><\/p>\n<p>Orient Watch Company, plus commun\u00e9ment appel\u00e9e Orient est la plus grande entreprise japonaise de production de montres m\u00e9caniques, cr\u00e9\u00e9e en 1950 par Sh. Yoshida. Orient en 2009 devient une filiale exclusive de Seiko avec leurs mouvements Epson. Quant \u00e0 Orient Star, leurs mouvements sont fabriqu\u00e9s avec soin dans leur propre usine de manufacture. La finition de leurs cadrans sont incroyables .<\/p>\n<p>L\u2019Orient Star Open Heart est habilement d\u00e9cor\u00e9 d\u2019une ouverte distingu\u00e9e \u00e0 9 heures offrant une exposition profonde sur le c\u0153ur de la montre et son m\u00e9canisme. Chaque battement est ainsi visible en d\u00e9tail, donnant \u00e0 ce garde-temps cette singularit\u00e9 tant appr\u00e9ci\u00e9e\u2026<\/p>\n<p>A 12 heures, on retrouve une complication r\u00e9serve de marche offrant au porteur de la montre une indication pr\u00e9cise sur la dur\u00e9e restante au mouvement pour fonctionner sans nouvel apport d\u2019\u00e9nergie.<\/p>\n<p>D\u00e9j\u00e0 garanties 2 ans, le service apr\u00e8s vente de la bijouterie <strong>Temps &amp; OR<\/strong> vous apporte une confiance suppl\u00e9mentaire pour ces produits. Selon vos besoins, ces montres peuvent \u00eatre \u00e9galement r\u00e9serv\u00e9es \u00e0 la bijouterie. La mise \u00e0 mesure offerte ainsi qu&#8217;un emballage cadeau vous y seront propos\u00e9s.<\/p>\n<a class=\"button  button_left button_size_2\" href=\"\/galerie\/ma-commande\/\"     target=\"_blank\"    title=\"\"><span class=\"button_icon\"><i class=\"icon-basket\"  aria-hidden=\"true\"><\/i><\/span><span class=\"button_label\">passer commande ou poser une question<\/span><\/a>\n\n","protected":false},"featured_media":6627,"template":"","meta":{"_monsterinsights_skip_tracking":false,"_monsterinsights_sitenote_active":false,"_monsterinsights_sitenote_note":"","_monsterinsights_sitenote_category":0},"product_brand":[],"product_cat":[40,2103,39],"product_tag":[],"class_list":{"0":"post-6608","1":"product","2":"type-product","3":"status-publish","4":"has-post-thumbnail","6":"product_cat-montres-hommes","7":"product_cat-orientstar-hommes","8":"product_cat-hommes","10":"first","11":"instock","12":"shipping-taxable","13":"purchasable","14":"product-type-simple"},"_links":{"self":[{"href":"https:\/\/tempsetor.be\/galerie\/wp-json\/wp\/v2\/product\/6608","targetHints":{"allow":["GET"]}}],"collection":[{"href":"https:\/\/tempsetor.be\/galerie\/wp-json\/wp\/v2\/product"}],"about":[{"href":"https:\/\/tempsetor.be\/galerie\/wp-json\/wp\/v2\/types\/product"}],"wp:featuredmedia":[{"embeddable":true,"href":"https:\/\/tempsetor.be\/galerie\/wp-json\/wp\/v2\/media\/6627"}],"wp:attachment":[{"href":"https:\/\/tempsetor.be\/galerie\/wp-json\/wp\/v2\/media?parent=6608"}],"wp:term":[{"taxonomy":"product_brand","embeddable":true,"href":"https:\/\/tempsetor.be\/galerie\/wp-json\/wp\/v2\/product_brand?post=6608"},{"taxonomy":"product_cat","embeddable":true,"href":"https:\/\/tempsetor.be\/galerie\/wp-json\/wp\/v2\/product_cat?post=6608"},{"taxonomy":"product_tag","embeddable":true,"href":"https:\/\/tempsetor.be\/galerie\/wp-json\/wp\/v2\/product_tag?post=6608"}],"curies":[{"name":"wp","href":"https:\/\/api.w.org\/{rel}","templated":true}]}}