{"id":6630,"date":"2022-11-14T14:57:33","date_gmt":"2022-11-14T13:57:33","guid":{"rendered":"https:\/\/tempsetor.be\/galerie\/?post_type=product&#038;p=6630"},"modified":"2022-11-14T15:09:38","modified_gmt":"2022-11-14T14:09:38","slug":"montre-hommes-orient-kamatsu-ra-aa0811e","status":"publish","type":"product","link":"https:\/\/tempsetor.be\/galerie\/produit\/montre-hommes-orient-kamatsu-ra-aa0811e\/","title":{"rendered":"Montre hommes &#8211; Orient &#8211; Kamatsu &#8211; RA-AA0811E"},"content":{"rendered":"<p>Poss\u00e9dant les m\u00eames qualit\u00e9s que sa cons\u0153ur (indicateur de jour\/date, lunette unidirectionnelle, construction solide, 200 m\u00e8tres d\u2019\u00e9tanch\u00e9it\u00e9), l\u2019 Orient Kamatsu fait partie de la cat\u00e9gorie \u00ab Divers Watch \u00bb comprenez \u00ab\u00a0<strong>plongeuse<\/strong>\u00a0\u00bb de la marque filiale de Seiko.<\/p>\n","protected":false},"excerpt":{"rendered":"<p><img loading=\"lazy\" decoding=\"async\" class=\"alignleft wp-image-6593\" src=\"https:\/\/tempsetor.be\/galerie\/wp-content\/uploads\/2022\/11\/Orient-logo.jpg\" alt=\"Orient logo\" width=\"151\" height=\"79\" srcset=\"https:\/\/tempsetor.be\/galerie\/wp-content\/uploads\/2022\/11\/Orient-logo.jpg 191w, https:\/\/tempsetor.be\/galerie\/wp-content\/uploads\/2022\/11\/Orient-logo-50x26.jpg 50w, https:\/\/tempsetor.be\/galerie\/wp-content\/uploads\/2022\/11\/Orient-logo-143x75.jpg 143w\" sizes=\"auto, (max-width:767px) 151px, 151px\" \/><\/p>\n<p>La manufacture Nippone nous d\u00e9voile la seconde version de son best-seller, l\u2019 Orient Kamatsu\u00a0<strong>RA-AA0811E<\/strong>. Souvent appr\u00e9ci\u00e9e comme la meilleure alternative \u00e0 l\u2019Orient Mako, l\u2019Orient Kamatsu a \u00e9t\u00e9 con\u00e7ue et r\u00e9fl\u00e9chie en s\u2019appuyant sur les nombreux retours des propri\u00e9taires de la premi\u00e8re version : l\u2019 Orient Kamatsu Collection.<\/p>\n<p>Orient Watch Company, plus commun\u00e9ment appel\u00e9e Orient est la plus grande entreprise japonaise de production de montres m\u00e9caniques, cr\u00e9\u00e9e en 1950 par Sh. Yoshida. Orient en 2009 devient une filiale exclusive de Seiko avec leurs mouvements Epson. Quant \u00e0 Orient Star, leurs mouvements sont fabriqu\u00e9s avec soin dans leur propre usine de manufacture. La finition de leurs cadrans sont incroyables.<\/p>\n<p>D\u00e9j\u00e0 garanties 2 ans, le service apr\u00e8s vente de la bijouterie <strong>Temps &amp; OR<\/strong> vous apporte une confiance suppl\u00e9mentaire pour ces produits. Selon vos besoins, ces montres peuvent \u00eatre \u00e9galement r\u00e9serv\u00e9es \u00e0 la bijouterie. La mise \u00e0 mesure offerte ainsi qu&#8217;un emballage cadeau vous y seront propos\u00e9s.<\/p>\n<a class=\"button  button_left button_size_2\" href=\"\/galerie\/ma-commande\/\"     target=\"_blank\"    title=\"\"><span class=\"button_icon\"><i class=\"icon-basket\"  aria-hidden=\"true\"><\/i><\/span><span class=\"button_label\">passer commande ou poser une question<\/span><\/a>\n\n","protected":false},"featured_media":6631,"template":"","meta":{"_monsterinsights_skip_tracking":false,"_monsterinsights_sitenote_active":false,"_monsterinsights_sitenote_note":"","_monsterinsights_sitenote_category":0},"product_brand":[],"product_cat":[40,2096,39],"product_tag":[],"class_list":{"0":"post-6630","1":"product","2":"type-product","3":"status-publish","4":"has-post-thumbnail","6":"product_cat-montres-hommes","7":"product_cat-orient-hommes","8":"product_cat-hommes","10":"first","11":"instock","12":"shipping-taxable","13":"purchasable","14":"product-type-simple"},"_links":{"self":[{"href":"https:\/\/tempsetor.be\/galerie\/wp-json\/wp\/v2\/product\/6630","targetHints":{"allow":["GET"]}}],"collection":[{"href":"https:\/\/tempsetor.be\/galerie\/wp-json\/wp\/v2\/product"}],"about":[{"href":"https:\/\/tempsetor.be\/galerie\/wp-json\/wp\/v2\/types\/product"}],"wp:featuredmedia":[{"embeddable":true,"href":"https:\/\/tempsetor.be\/galerie\/wp-json\/wp\/v2\/media\/6631"}],"wp:attachment":[{"href":"https:\/\/tempsetor.be\/galerie\/wp-json\/wp\/v2\/media?parent=6630"}],"wp:term":[{"taxonomy":"product_brand","embeddable":true,"href":"https:\/\/tempsetor.be\/galerie\/wp-json\/wp\/v2\/product_brand?post=6630"},{"taxonomy":"product_cat","embeddable":true,"href":"https:\/\/tempsetor.be\/galerie\/wp-json\/wp\/v2\/product_cat?post=6630"},{"taxonomy":"product_tag","embeddable":true,"href":"https:\/\/tempsetor.be\/galerie\/wp-json\/wp\/v2\/product_tag?post=6630"}],"curies":[{"name":"wp","href":"https:\/\/api.w.org\/{rel}","templated":true}]}}