{"id":6642,"date":"2022-11-19T11:22:38","date_gmt":"2022-11-19T10:22:38","guid":{"rendered":"https:\/\/tempsetor.be\/galerie\/?post_type=product&#038;p=6642"},"modified":"2023-02-13T14:36:40","modified_gmt":"2023-02-13T13:36:40","slug":"montre-hommes-hamilton-jazzmaster-auto-h32255730","status":"publish","type":"product","link":"https:\/\/tempsetor.be\/galerie\/produit\/montre-hommes-hamilton-jazzmaster-auto-h32255730\/","title":{"rendered":"Montre hommes Hamilton &#8211; JAZZMASTER auto &#8211; H32255730"},"content":{"rendered":"<div class=\"product-info-links-wrapper\">\n<div class=\"product attribute description\">\n<div class=\"value\">Jazzmaster Auto Chrono 42\u00a0mm, Pan Europ, Ventura Chrono Quartz et Ventura S. Jouant sur les contrastes de l&#8217;ombre et de la lumi\u00e8re, cette collection capsule est une parfaite repr\u00e9sentation du grand \u00e9cran.<\/div>\n<\/div>\n<\/div>\n","protected":false},"excerpt":{"rendered":"<p><img loading=\"lazy\" decoding=\"async\" class=\"size-full wp-image-5425 alignleft\" src=\"https:\/\/www.tempsetor.be\/galerie\/wp-content\/uploads\/2020\/12\/Hamilton.png\" alt=\"logo Hamilton\" width=\"150\" height=\"29\" srcset=\"https:\/\/tempsetor.be\/galerie\/wp-content\/uploads\/2020\/12\/Hamilton.png 150w, https:\/\/tempsetor.be\/galerie\/wp-content\/uploads\/2020\/12\/Hamilton-50x10.png 50w\" sizes=\"auto, (max-width:767px) 150px, 150px\" \/><\/p>\n<h1 class=\"page-title large\"><span class=\"pretitle\" data-ui-id=\"page-pretitle-wrapper\">JAZZMASTER auto<\/span><\/h1>\n<div class=\"product-main-attributes\">\n<h4>Automatique | 36mm | H32255730<\/h4>\n<\/div>\n<p>Brillez de mille feux avec ce design bicolore. Incarnant le myst\u00e8re et le glamour hollywoodien, notre concept noir et or se compose de cinq c\u00e9l\u00e8bres montres\u00a0: Jazzmaster Auto 36\u00a0mm, Jazzmaster Auto Chrono 42\u00a0mm, Pan Europ, Ventura Chrono Quartz et Ventura S. Jouant sur les contrastes de l&#8217;ombre et de la lumi\u00e8re, cette collection capsule est une parfaite repr\u00e9sentation du grand \u00e9cran.<\/p>\n<p>D\u00e9j\u00e0 garanties 2 ans, le service apr\u00e8s vente de la bijouterie <strong>Temps &amp; OR<\/strong> vous apporte une confiance suppl\u00e9mentaire pour ces produits. Selon vos besoins, ces montres peuvent \u00eatre \u00e9galement r\u00e9serv\u00e9es \u00e0 la bijouterie. La mise \u00e0 mesure offerte ainsi qu&#8217;un emballage cadeau vous y seront propos\u00e9s.<\/p>\n<p>Faites vos demandes particuli\u00e8res ou passez votre commande via ce formulaire :<br \/>\n<p class=\"wpcf7-contact-form-not-found\"><strong>Error:<\/strong> Contact form not found.<\/p><\/p>\n","protected":false},"featured_media":6644,"template":"","meta":{"_monsterinsights_skip_tracking":false,"_monsterinsights_sitenote_active":false,"_monsterinsights_sitenote_note":"","_monsterinsights_sitenote_category":0},"product_brand":[],"product_cat":[1628,40,39],"product_tag":[],"class_list":{"0":"post-6642","1":"product","2":"type-product","3":"status-publish","4":"has-post-thumbnail","6":"product_cat-hamilton-hommes","7":"product_cat-montres-hommes","8":"product_cat-hommes","10":"first","11":"instock","12":"shipping-taxable","13":"purchasable","14":"product-type-simple"},"_links":{"self":[{"href":"https:\/\/tempsetor.be\/galerie\/wp-json\/wp\/v2\/product\/6642","targetHints":{"allow":["GET"]}}],"collection":[{"href":"https:\/\/tempsetor.be\/galerie\/wp-json\/wp\/v2\/product"}],"about":[{"href":"https:\/\/tempsetor.be\/galerie\/wp-json\/wp\/v2\/types\/product"}],"wp:featuredmedia":[{"embeddable":true,"href":"https:\/\/tempsetor.be\/galerie\/wp-json\/wp\/v2\/media\/6644"}],"wp:attachment":[{"href":"https:\/\/tempsetor.be\/galerie\/wp-json\/wp\/v2\/media?parent=6642"}],"wp:term":[{"taxonomy":"product_brand","embeddable":true,"href":"https:\/\/tempsetor.be\/galerie\/wp-json\/wp\/v2\/product_brand?post=6642"},{"taxonomy":"product_cat","embeddable":true,"href":"https:\/\/tempsetor.be\/galerie\/wp-json\/wp\/v2\/product_cat?post=6642"},{"taxonomy":"product_tag","embeddable":true,"href":"https:\/\/tempsetor.be\/galerie\/wp-json\/wp\/v2\/product_tag?post=6642"}],"curies":[{"name":"wp","href":"https:\/\/api.w.org\/{rel}","templated":true}]}}