{"id":6677,"date":"2022-11-29T21:09:45","date_gmt":"2022-11-29T20:09:45","guid":{"rendered":"https:\/\/tempsetor.be\/galerie\/?post_type=product&#038;p=6677"},"modified":"2022-11-29T21:13:56","modified_gmt":"2022-11-29T20:13:56","slug":"montre-hommes-bulova-computron-led-96c139","status":"publish","type":"product","link":"https:\/\/tempsetor.be\/galerie\/produit\/montre-hommes-bulova-computron-led-96c139\/","title":{"rendered":"Montre hommes Bulova &#8211; Computron LED &#8211; 96C139"},"content":{"rendered":"<p><span class=\"visible-text\">Infusant certaines des montres les plus embl\u00e9matiques et nostalgiques de Bulova avec des \u00e9l\u00e9ments modernes, la s\u00e9rie Archive se poursuit avec le Computron LED num\u00e9rique. Le<\/span><span class=\"more-text\">\u00a0design \u00e9l\u00e9gant en acier inoxydable comprend un \u00e9cran LED bleu, des fonctionnalit\u00e9s num\u00e9riques \u00e9tendues maintenant avec des capacit\u00e9s de double fuseau horaire et un design r\u00e9tro distinct qui est aussi pertinent aujourd&#8217;hui qu&#8217;il l&#8217;\u00e9tait dans les ann\u00e9es 1970. \u00c9tanch\u00e9it\u00e9 \u00e0 30 m\u00e8tres.<\/span><\/p>\n","protected":false},"excerpt":{"rendered":"<p><img loading=\"lazy\" decoding=\"async\" class=\"wp-image-4746 size-full alignleft\" src=\"https:\/\/tempsetor.be\/galerie\/wp-content\/uploads\/2019\/07\/Bulova-150px.png\" alt=\"Bulova logo\" width=\"150\" height=\"28\" srcset=\"https:\/\/tempsetor.be\/galerie\/wp-content\/uploads\/2019\/07\/Bulova-150px.png 150w, https:\/\/tempsetor.be\/galerie\/wp-content\/uploads\/2019\/07\/Bulova-150px-50x9.png 50w\" sizes=\"auto, (max-width:767px) 150px, 150px\" \/><\/p>\n<p><span class=\"visible-text\">Infusant certaines des montres les plus embl\u00e9matiques et nostalgiques de Bulova avec des \u00e9l\u00e9ments modernes, la s\u00e9rie Archive se poursuit avec le Computron LED num\u00e9rique. Le<\/span><span class=\"more-text\">\u00a0design \u00e9l\u00e9gant en acier inoxydable comprend un \u00e9cran LED bleu, des fonctionnalit\u00e9s num\u00e9riques \u00e9tendues maintenant avec des capacit\u00e9s de double fuseau horaire et un design r\u00e9tro distinct qui est aussi pertinent aujourd&#8217;hui qu&#8217;il l&#8217;\u00e9tait dans les ann\u00e9es 1970. \u00c9tanch\u00e9it\u00e9 \u00e0 30 m\u00e8tres.<\/span><\/p>\n<p>D\u00e9j\u00e0 garanties 2 ans, le service apr\u00e8s-vente de la bijouterie <strong>Temps &amp; OR<\/strong> vous apporte une confiance suppl\u00e9mentaire pour ces produits. Selon vos besoins, ces montres peuvent \u00eatre \u00e9galement r\u00e9serv\u00e9es \u00e0 la bijouterie. La mise \u00e0 mesure offerte ainsi qu&#8217;un emballage cadeau vous y seront propos\u00e9s.<\/p>\n<p>Faites vos demandes particuli\u00e8res ou passez votre commande via ce formulaire :<br \/>\n<p class=\"wpcf7-contact-form-not-found\"><strong>Error:<\/strong> Contact form not found.<\/p><\/p>\n","protected":false},"featured_media":6679,"template":"","meta":{"_monsterinsights_skip_tracking":false,"_monsterinsights_sitenote_active":false,"_monsterinsights_sitenote_note":"","_monsterinsights_sitenote_category":0},"product_brand":[],"product_cat":[1216,40,39],"product_tag":[],"class_list":{"0":"post-6677","1":"product","2":"type-product","3":"status-publish","4":"has-post-thumbnail","6":"product_cat-bulova-hommes","7":"product_cat-montres-hommes","8":"product_cat-hommes","10":"first","11":"instock","12":"shipping-taxable","13":"purchasable","14":"product-type-simple"},"_links":{"self":[{"href":"https:\/\/tempsetor.be\/galerie\/wp-json\/wp\/v2\/product\/6677","targetHints":{"allow":["GET"]}}],"collection":[{"href":"https:\/\/tempsetor.be\/galerie\/wp-json\/wp\/v2\/product"}],"about":[{"href":"https:\/\/tempsetor.be\/galerie\/wp-json\/wp\/v2\/types\/product"}],"wp:featuredmedia":[{"embeddable":true,"href":"https:\/\/tempsetor.be\/galerie\/wp-json\/wp\/v2\/media\/6679"}],"wp:attachment":[{"href":"https:\/\/tempsetor.be\/galerie\/wp-json\/wp\/v2\/media?parent=6677"}],"wp:term":[{"taxonomy":"product_brand","embeddable":true,"href":"https:\/\/tempsetor.be\/galerie\/wp-json\/wp\/v2\/product_brand?post=6677"},{"taxonomy":"product_cat","embeddable":true,"href":"https:\/\/tempsetor.be\/galerie\/wp-json\/wp\/v2\/product_cat?post=6677"},{"taxonomy":"product_tag","embeddable":true,"href":"https:\/\/tempsetor.be\/galerie\/wp-json\/wp\/v2\/product_tag?post=6677"}],"curies":[{"name":"wp","href":"https:\/\/api.w.org\/{rel}","templated":true}]}}