{"id":6719,"date":"2022-12-10T20:38:17","date_gmt":"2022-12-10T19:38:17","guid":{"rendered":"https:\/\/tempsetor.be\/galerie\/?post_type=product&#038;p=6719"},"modified":"2022-12-10T20:46:09","modified_gmt":"2022-12-10T19:46:09","slug":"montre-hommes-zeppelin-new-captains-line-8622-3","status":"publish","type":"product","link":"https:\/\/tempsetor.be\/galerie\/produit\/montre-hommes-zeppelin-new-captains-line-8622-3\/","title":{"rendered":"Montre hommes &#8211; Zeppelin &#8211; New Captain&#8217;s LINE &#8211; 8622-3"},"content":{"rendered":"<p>Zeppelin Lz126 Los Angeles Chronographe 8644-3 est l&#8217;un des mod\u00e8les masculins les plus populaires de la marque. Tout cela gr\u00e2ce \u00e0 son design \u00e9l\u00e9gant, qui se marie parfaitement avec des tenues formelles. Gr\u00e2ce \u00e0 un mouvement \u00e0 quartz, la montre est pr\u00e9cise et fiable. Le boitier est en acier inoxydable de haute qualit\u00e9 recouvert d&#8217;un rev\u00eatement bleu. La montre est accompagn\u00e9e d&#8217;un bracelet en cuir marron. Cela am\u00e9liore non seulement le confort, mais \u00e9galement l&#8217;apparence de l&#8217;ensemble de la montre.<\/p>\n","protected":false},"excerpt":{"rendered":"<p><img loading=\"lazy\" decoding=\"async\" class=\"size-full wp-image-5108 alignleft\" src=\"https:\/\/tempsetor.be\/galerie\/wp-content\/uploads\/2018\/01\/zeppelin-e1593511746260.png\" alt=\"logo Zeppelin\" width=\"150\" height=\"63\" \/><\/p>\n<p>Zeppelin Lz126 Los Angeles Chronographe 8644-3 est l&#8217;un des mod\u00e8les masculins les plus populaires de la marque. Tout cela gr\u00e2ce \u00e0 son design \u00e9l\u00e9gant, qui se marie parfaitement avec des tenues formelles. Gr\u00e2ce \u00e0 un mouvement \u00e0 quartz, la montre est pr\u00e9cise et fiable. Le boitier est en acier inoxydable de haute qualit\u00e9 recouvert d&#8217;un rev\u00eatement bleu. La montre est accompagn\u00e9e d&#8217;un bracelet en cuir marron. Cela am\u00e9liore non seulement le confort, mais \u00e9galement l&#8217;apparence de l&#8217;ensemble de la montre.<\/p>\n<p><strong>Zeppelin<\/strong> est une marque qui rend hommage \u00e0 <strong>Ferdinand Von Zeppelin<\/strong>, cr\u00e9ateur du fameux dirigeable de la fin du 19\u1d49 si\u00e8cle. Zeppelin cherche \u00e0 perp\u00e9tuer la tradition de l\u2019\u00e9l\u00e9gance vintage et classique au travers de montres aux prix forts abordables. La conception de ces montres est puis\u00e9e directement dans l\u2019imaginaire du dirigeable, ainsi l\u2019esprit d\u2019\u00e9poque est clairement pr\u00e9sent. Ces lignes r\u00e9tro rappellent les mod\u00e8les que portaient les pionniers de l\u2019aviation au d\u00e9but du XXe si\u00e8cle. De fabrication soign\u00e9e Allemande et muni de calibres Suisse, Seiko ou Citizen les montres Zeppelin sont d&#8217;une belle finition au poignet avec leur cuir cousu main.<\/p>\n<p>D\u00e9j\u00e0 garanties 2 ans, le service apr\u00e8s-venteZeppelin Lz126 Los Angeles Chronograph 2463257 est l&#8217;un des mod\u00e8les masculins les plus populaires de la marque. Tout cela gr\u00e2ce \u00e0 son design \u00e9l\u00e9gant, qui se marie parfaitement avec des tenues formelles. de la bijouterie <strong>Temps &amp; OR<\/strong> vous apporte une confiance suppl\u00e9mentaire pour ces produits. Selon vos besoins, ces montres peuvent \u00eatre \u00e9galement r\u00e9serv\u00e9es \u00e0 la bijouterie. La mise \u00e0 mesure offerte ainsi qu&#8217;un emballage cadeau vous y seront propos\u00e9s.<\/p>\n<p>Faites vos demandes particuli\u00e8res ou passez votre commande via ce formulaire :<br \/>\n<p class=\"wpcf7-contact-form-not-found\"><strong>Error:<\/strong> Contact form not found.<\/p><\/p>\n","protected":false},"featured_media":6720,"template":"","meta":{"_monsterinsights_skip_tracking":false,"_monsterinsights_sitenote_active":false,"_monsterinsights_sitenote_note":"","_monsterinsights_sitenote_category":0},"product_brand":[],"product_cat":[40,39,75],"product_tag":[],"class_list":{"0":"post-6719","1":"product","2":"type-product","3":"status-publish","4":"has-post-thumbnail","6":"product_cat-montres-hommes","7":"product_cat-hommes","8":"product_cat-zeppelin-hommes","10":"first","11":"instock","12":"shipping-taxable","13":"purchasable","14":"product-type-simple"},"_links":{"self":[{"href":"https:\/\/tempsetor.be\/galerie\/wp-json\/wp\/v2\/product\/6719","targetHints":{"allow":["GET"]}}],"collection":[{"href":"https:\/\/tempsetor.be\/galerie\/wp-json\/wp\/v2\/product"}],"about":[{"href":"https:\/\/tempsetor.be\/galerie\/wp-json\/wp\/v2\/types\/product"}],"wp:featuredmedia":[{"embeddable":true,"href":"https:\/\/tempsetor.be\/galerie\/wp-json\/wp\/v2\/media\/6720"}],"wp:attachment":[{"href":"https:\/\/tempsetor.be\/galerie\/wp-json\/wp\/v2\/media?parent=6719"}],"wp:term":[{"taxonomy":"product_brand","embeddable":true,"href":"https:\/\/tempsetor.be\/galerie\/wp-json\/wp\/v2\/product_brand?post=6719"},{"taxonomy":"product_cat","embeddable":true,"href":"https:\/\/tempsetor.be\/galerie\/wp-json\/wp\/v2\/product_cat?post=6719"},{"taxonomy":"product_tag","embeddable":true,"href":"https:\/\/tempsetor.be\/galerie\/wp-json\/wp\/v2\/product_tag?post=6719"}],"curies":[{"name":"wp","href":"https:\/\/api.w.org\/{rel}","templated":true}]}}