{"id":6749,"date":"2022-12-31T15:28:30","date_gmt":"2022-12-31T14:28:30","guid":{"rendered":"https:\/\/tempsetor.be\/galerie\/?post_type=product&#038;p=6749"},"modified":"2025-11-19T22:10:47","modified_gmt":"2025-11-19T21:10:47","slug":"montre-hommes-raidillon-automatique-miles-a10-1005","status":"publish","type":"product","link":"https:\/\/tempsetor.be\/galerie\/produit\/montre-hommes-raidillon-automatique-miles-a10-1005\/","title":{"rendered":"Montre hommes Raidillon &#8211; Automatique &#8211; MILES-A10-1005"},"content":{"rendered":"<p>Ce mod\u00e8le de la collection Miles est un hommage aux anc\u00eatres du vintage et de l&#8217;automobile. 41 mm diam\u00e8tre. Bo\u00eetier en acier inoxydable bross\u00e9 316L. Verre saphir avec double traitement antireflet. Fond transparent. Couronne viss\u00e9e avec la gravure \u00ab55 \u00bb<\/p>\n","protected":false},"excerpt":{"rendered":"<p><img loading=\"lazy\" decoding=\"async\" class=\"size-full wp-image-2753 alignleft\" src=\"https:\/\/tempsetor.be\/galerie\/wp-content\/uploads\/2015\/04\/raidillon.jpg\" alt=\"\" width=\"150\" height=\"75\" srcset=\"https:\/\/tempsetor.be\/galerie\/wp-content\/uploads\/2015\/04\/raidillon.jpg 150w, https:\/\/tempsetor.be\/galerie\/wp-content\/uploads\/2015\/04\/raidillon-50x25.jpg 50w\" sizes=\"auto, (max-width:767px) 150px, 150px\" \/><\/p>\n<h2 class=\"product-single__vendor\">MONTRE AUTOMATIQUE TROIS AIGUILLES | MILES-A10-1005<\/h2>\n<div class=\"product-single__description rte descr-min-height\">\n<p>Ce mod\u00e8le de la collection Miles est un hommage aux anc\u00eatres du vintage et de l&#8217;automobile.<\/p>\n<p>Le nouveau bo\u00eetier a \u00e9t\u00e9 enti\u00e8rement repens\u00e9 \u00e0 partir de z\u00e9ro. Il affiche fi\u00e8rement une forme de coussin dans une vari\u00e9t\u00e9 de couleurs.<\/p>\n<p>Ce mod\u00e8le MILES-A10-1005 est directement inspir\u00e9 de notre mod\u00e8le Shelby, avec l&#8217;esprit racing rappel\u00e9 par les deux bandes. Le fond blanc du cadran est l\u00e9g\u00e8rement brillant, ce qui fait r\u00e9f\u00e9rence au vernis pr\u00e9sent sur la carrosserie d&#8217;une voiture.<\/p>\n<\/div>\n<p>C&#8217;est sur le c\u00e9l\u00e8bre circuit belge de Spa Francorchamps que les premi\u00e8res montres <strong>Raidillon<\/strong> ont \u00e9t\u00e9 pr\u00e9sent\u00e9es en juin 2001.<\/p>\n<p>Au symbole Raidillon est assimil\u00e9 le nombre 55 relatif au nombre de voitures autoris\u00e9es autrefois \u00e0 aborder ce tournant l\u00e9gendaire du circuit de Spa-Francorchamps (niveau mondial FIA). Ainsi, tous les mod\u00e8les sont limit\u00e9s \u00e0 55 et sur chaque bo\u00eetier est grav\u00e9 le num\u00e9ro de s\u00e9rie de 0 \u00e0 55, ne comprenant jamais le num\u00e9ro 13, comme en course.<\/p>\n<p>D\u00e9j\u00e0 garanties 2 ans, le service apr\u00e8s-vente de la bijouterie <strong>Temps &amp; OR<\/strong> vous apporte une confiance suppl\u00e9mentaire pour ces produits. Selon vos besoins, ces montres peuvent \u00eatre \u00e9galement r\u00e9serv\u00e9es \u00e0 la bijouterie. La mise \u00e0 mesure offerte ainsi qu&#8217;un emballage cadeau vous y seront propos\u00e9s.<\/p>\n<p>Faites vos demandes particuli\u00e8res ou passez votre commande via ce formulaire :<br \/>\n<p class=\"wpcf7-contact-form-not-found\"><strong>Error:<\/strong> Contact form not found.<\/p><\/p>\n","protected":false},"featured_media":6751,"template":"","meta":{"_monsterinsights_skip_tracking":false,"_monsterinsights_sitenote_active":false,"_monsterinsights_sitenote_note":"","_monsterinsights_sitenote_category":0},"product_brand":[],"product_cat":[40,39,69],"product_tag":[],"class_list":{"0":"post-6749","1":"product","2":"type-product","3":"status-publish","4":"has-post-thumbnail","6":"product_cat-montres-hommes","7":"product_cat-hommes","8":"product_cat-raidillon-hommes","10":"first","11":"instock","12":"shipping-taxable","13":"purchasable","14":"product-type-simple"},"_links":{"self":[{"href":"https:\/\/tempsetor.be\/galerie\/wp-json\/wp\/v2\/product\/6749","targetHints":{"allow":["GET"]}}],"collection":[{"href":"https:\/\/tempsetor.be\/galerie\/wp-json\/wp\/v2\/product"}],"about":[{"href":"https:\/\/tempsetor.be\/galerie\/wp-json\/wp\/v2\/types\/product"}],"wp:featuredmedia":[{"embeddable":true,"href":"https:\/\/tempsetor.be\/galerie\/wp-json\/wp\/v2\/media\/6751"}],"wp:attachment":[{"href":"https:\/\/tempsetor.be\/galerie\/wp-json\/wp\/v2\/media?parent=6749"}],"wp:term":[{"taxonomy":"product_brand","embeddable":true,"href":"https:\/\/tempsetor.be\/galerie\/wp-json\/wp\/v2\/product_brand?post=6749"},{"taxonomy":"product_cat","embeddable":true,"href":"https:\/\/tempsetor.be\/galerie\/wp-json\/wp\/v2\/product_cat?post=6749"},{"taxonomy":"product_tag","embeddable":true,"href":"https:\/\/tempsetor.be\/galerie\/wp-json\/wp\/v2\/product_tag?post=6749"}],"curies":[{"name":"wp","href":"https:\/\/api.w.org\/{rel}","templated":true}]}}