{"id":6763,"date":"2023-01-21T19:38:12","date_gmt":"2023-01-21T18:38:12","guid":{"rendered":"https:\/\/tempsetor.be\/galerie\/?post_type=product&#038;p=6763"},"modified":"2025-02-20T13:07:53","modified_gmt":"2025-02-20T12:07:53","slug":"montre-hommes-orient-bambino-ra-ac0m01s","status":"publish","type":"product","link":"https:\/\/tempsetor.be\/galerie\/produit\/montre-hommes-orient-bambino-ra-ac0m01s\/","title":{"rendered":"Montre hommes &#8211; Orient &#8211; BAMBINO &#8211; RA-AC0M01S"},"content":{"rendered":"<p><span class=\"\">Taille du bo\u00eetier (3H-9H) : 38,4 mm |\u00a0<\/span>Bo\u00eetier en acier inoxydable |\u00a0R\u00e9sistance \u00e0 l&#8217;eau 3bar(30m)<\/p>\n","protected":false},"excerpt":{"rendered":"<p><img loading=\"lazy\" decoding=\"async\" class=\"alignleft wp-image-6593\" src=\"https:\/\/tempsetor.be\/galerie\/wp-content\/uploads\/2022\/11\/Orient-logo.jpg\" alt=\"Orient logo\" width=\"151\" height=\"79\" srcset=\"https:\/\/tempsetor.be\/galerie\/wp-content\/uploads\/2022\/11\/Orient-logo.jpg 191w, https:\/\/tempsetor.be\/galerie\/wp-content\/uploads\/2022\/11\/Orient-logo-50x26.jpg 50w, https:\/\/tempsetor.be\/galerie\/wp-content\/uploads\/2022\/11\/Orient-logo-143x75.jpg 143w\" sizes=\"auto, (max-width:767px) 151px, 151px\" \/><\/p>\n<p>Orient Watch Company, plus commun\u00e9ment appel\u00e9e Orient est la plus grande entreprise japonaise de production de montres m\u00e9caniques, cr\u00e9\u00e9e en 1950 par Sh. Yoshida. Orient en 2009 devient une filiale exclusive de Seiko avec leurs mouvements Epson. Quant \u00e0 Orient Star, leurs mouvements sont fabriqu\u00e9s avec soin dans leur propre usine de manufacture. La finition de leurs cadrans sont incroyables.<\/p>\n<p><span class=\"\">Les tendances mondiales en mati\u00e8re de montres passent des grandes montres avec une pr\u00e9sence audacieuse \u00e0 des montres plus petites qui s&#8217;adaptent confortablement au poignet.\u00a0<\/span>De plus, il y a eu une tendance particuli\u00e8re vers des montres simples affichant uniquement l&#8217;heure en utilisant des designs intemporels avec des looks classiques. Cette montre\u00a0pr\u00e9sente ces deux tendances dans une taille qui convient aussi bien aux hommes qu&#8217;aux femmes. Elle est aliment\u00e9e par le mouvement interne automatique de calibre F6724 de la s\u00e9rie 46-F6 d&#8217;Orient, offrant des performances et une fiabilit\u00e9 \u00e9lev\u00e9es.<\/p>\n<p>D\u00e9j\u00e0 garanties 2 ans, le service apr\u00e8s-vente de la bijouterie <strong>Temps &amp; OR<\/strong> vous apporte une confiance suppl\u00e9mentaire pour ces produits. Selon vos besoins, ces montres peuvent \u00eatre \u00e9galement r\u00e9serv\u00e9es \u00e0 la bijouterie. La mise \u00e0 mesure offerte ainsi qu&#8217;un emballage cadeau vous y seront propos\u00e9s.<\/p>\n<p><div class=\"alert alert_error\"><div class=\"alert_icon\"><svg viewBox=\"0 0 28 28\"><defs><style>.path{fill:none;stroke:#000;stroke-miterlimit:10;stroke-width:1.5px;}<\/style><\/defs><g><circle cx=\"14\" cy=\"20\" r=\"0.33\" class=\"path\"\/><line x1=\"14\" y1=\"8.72\" x2=\"14\" y2=\"16.72\" class=\"path\"\/><path d=\"M12.6,3.42,1.54,22.58A1.61,1.61,0,0,0,2.93,25H25.07a1.61,1.61,0,0,0,1.39-2.42L15.4,3.42A1.61,1.61,0,0,0,12.6,3.42Z\" class=\"path\"\/><\/g><\/svg><\/div><div class=\"alert_wrapper\">Le montant affich\u00e9 peut \u00eatre modifi\u00e9 par le fournisseur sans que nous en soyons inform\u00e9s. Une diff\u00e9rence entre le prix affich\u00e9 ici et en magasin reste possible.<\/div><a href=\"#\" class=\"close mfn-close-icon\"><span class=\"icon\">\u2715<\/span><\/a><\/div>\n<div class=\"alert alert_info\"><div class=\"alert_icon\"><svg viewBox=\"0 0 28 28\"><defs><style>.path{fill:none;stroke:#000;stroke-miterlimit:10;stroke-width:1.5px;}<\/style><\/defs><g><circle class=\"path\" cx=\"14\" cy=\"14\" r=\"12\"\/><path class=\"path\" d=\"M11.2,9.12a3.4,3.4,0,0,1,3-1.69,2.84,2.84,0,0,1,3,2.76,3.16,3.16,0,0,1-.84,2.23c-.63.74-1.58,1.18-2.19,1.88a1,1,0,0,0-.26.64v2.32\"\/><circle class=\"path\" cx=\"14\" cy=\"20\" r=\"0.33\"\/><\/g><\/svg><\/div><div class=\"alert_wrapper\">Faites vos demandes particuli\u00e8res ou passez votre commande via ce formulaire <\/div><a href=\"#\" class=\"close mfn-close-icon\"><span class=\"icon\">\u2715<\/span><\/a><\/div>\n <a class=\"button  button_size_3\" href=\"https:\/\/tempsetor.be\/galerie\/ma-commande\/\"     target=\"_blank\"    title=\"\"><span class=\"button_label\">&gt; Formulaire<\/span><\/a>\n<\/p>\n","protected":false},"featured_media":6764,"template":"","meta":{"_monsterinsights_skip_tracking":false,"_monsterinsights_sitenote_active":false,"_monsterinsights_sitenote_note":"","_monsterinsights_sitenote_category":0},"product_brand":[],"product_cat":[40,2096,39],"product_tag":[],"class_list":{"0":"post-6763","1":"product","2":"type-product","3":"status-publish","4":"has-post-thumbnail","6":"product_cat-montres-hommes","7":"product_cat-orient-hommes","8":"product_cat-hommes","10":"first","11":"instock","12":"shipping-taxable","13":"purchasable","14":"product-type-simple"},"_links":{"self":[{"href":"https:\/\/tempsetor.be\/galerie\/wp-json\/wp\/v2\/product\/6763","targetHints":{"allow":["GET"]}}],"collection":[{"href":"https:\/\/tempsetor.be\/galerie\/wp-json\/wp\/v2\/product"}],"about":[{"href":"https:\/\/tempsetor.be\/galerie\/wp-json\/wp\/v2\/types\/product"}],"wp:featuredmedia":[{"embeddable":true,"href":"https:\/\/tempsetor.be\/galerie\/wp-json\/wp\/v2\/media\/6764"}],"wp:attachment":[{"href":"https:\/\/tempsetor.be\/galerie\/wp-json\/wp\/v2\/media?parent=6763"}],"wp:term":[{"taxonomy":"product_brand","embeddable":true,"href":"https:\/\/tempsetor.be\/galerie\/wp-json\/wp\/v2\/product_brand?post=6763"},{"taxonomy":"product_cat","embeddable":true,"href":"https:\/\/tempsetor.be\/galerie\/wp-json\/wp\/v2\/product_cat?post=6763"},{"taxonomy":"product_tag","embeddable":true,"href":"https:\/\/tempsetor.be\/galerie\/wp-json\/wp\/v2\/product_tag?post=6763"}],"curies":[{"name":"wp","href":"https:\/\/api.w.org\/{rel}","templated":true}]}}