{"id":6771,"date":"2023-01-21T20:13:22","date_gmt":"2023-01-21T19:13:22","guid":{"rendered":"https:\/\/tempsetor.be\/galerie\/?post_type=product&#038;p=6771"},"modified":"2025-02-05T11:03:02","modified_gmt":"2025-02-05T10:03:02","slug":"montre-hommes-orient-mechanical-sports-ra-aa0815l","status":"publish","type":"product","link":"https:\/\/tempsetor.be\/galerie\/produit\/montre-hommes-orient-mechanical-sports-ra-aa0815l\/","title":{"rendered":"Montre hommes &#8211; Orient &#8211; Mechanical Sports &#8211; RA-AA0815L"},"content":{"rendered":"<p>42 mm | Bo\u00eetier en acier inoxydable | R\u00e9sistance \u00e0 l&#8217;eau : 20 bars (200 m) | \u00c9dition limit\u00e9e \u00e0 2800 pi\u00e8ces, gravure du num\u00e9ro de s\u00e9rie<\/p>\n","protected":false},"excerpt":{"rendered":"<p><img loading=\"lazy\" decoding=\"async\" class=\"alignleft wp-image-6593\" src=\"https:\/\/tempsetor.be\/galerie\/wp-content\/uploads\/2022\/11\/Orient-logo.jpg\" alt=\"Orient logo\" width=\"151\" height=\"79\" srcset=\"https:\/\/tempsetor.be\/galerie\/wp-content\/uploads\/2022\/11\/Orient-logo.jpg 191w, https:\/\/tempsetor.be\/galerie\/wp-content\/uploads\/2022\/11\/Orient-logo-50x26.jpg 50w, https:\/\/tempsetor.be\/galerie\/wp-content\/uploads\/2022\/11\/Orient-logo-143x75.jpg 143w\" sizes=\"auto, (max-width:767px) 151px, 151px\" \/><\/p>\n<p>Orient Watch Company, plus commun\u00e9ment appel\u00e9e Orient est la plus grande entreprise japonaise de production de montres m\u00e9caniques, cr\u00e9\u00e9e en 1950 par Sh. Yoshida. Orient en 2009 devient une filiale exclusive de Seiko avec leurs mouvements Epson. Quant \u00e0 Orient Star, leurs mouvements sont fabriqu\u00e9s avec soin dans leur propre usine de manufacture. La finition de leurs cadrans sont incroyables.<\/p>\n<p>R\u00e9alis\u00e9 en seulement 2 800 pi\u00e8ces, ce mod\u00e8le se distingue par sa lunette tournante bicolore distinctive et les cadrans bleu d\u00e9grad\u00e9, signature d&#8217;ORIENT.\u00a0 Sur la plaque en aluminium de la lunette, deux couleurs diff\u00e9rentes partagent des bordures s\u00e9par\u00e9es au niveau des marqueurs triangulaires et 15 minutes.<\/p>\n<p>D\u00e9j\u00e0 garanties 2 ans, le service apr\u00e8s-vente de la bijouterie <strong>Temps &amp; OR<\/strong> vous apporte une confiance suppl\u00e9mentaire pour ces produits. Selon vos besoins, ces montres peuvent \u00eatre \u00e9galement r\u00e9serv\u00e9es \u00e0 la bijouterie. La mise \u00e0 mesure offerte ainsi qu&#8217;un emballage cadeau vous y seront propos\u00e9s.<\/p>\n<a class=\"button  button_left button_size_2\" href=\"\/galerie\/ma-commande\/\"     target=\"_blank\"    title=\"\"><span class=\"button_icon\"><i class=\"icon-basket\"  aria-hidden=\"true\"><\/i><\/span><span class=\"button_label\">passer commande ou poser une question<\/span><\/a>\n\n","protected":false},"featured_media":6773,"template":"","meta":{"_monsterinsights_skip_tracking":false,"_monsterinsights_sitenote_active":false,"_monsterinsights_sitenote_note":"","_monsterinsights_sitenote_category":0},"product_brand":[],"product_cat":[40,2096,39],"product_tag":[],"class_list":{"0":"post-6771","1":"product","2":"type-product","3":"status-publish","4":"has-post-thumbnail","6":"product_cat-montres-hommes","7":"product_cat-orient-hommes","8":"product_cat-hommes","10":"first","11":"instock","12":"shipping-taxable","13":"purchasable","14":"product-type-simple"},"_links":{"self":[{"href":"https:\/\/tempsetor.be\/galerie\/wp-json\/wp\/v2\/product\/6771","targetHints":{"allow":["GET"]}}],"collection":[{"href":"https:\/\/tempsetor.be\/galerie\/wp-json\/wp\/v2\/product"}],"about":[{"href":"https:\/\/tempsetor.be\/galerie\/wp-json\/wp\/v2\/types\/product"}],"wp:featuredmedia":[{"embeddable":true,"href":"https:\/\/tempsetor.be\/galerie\/wp-json\/wp\/v2\/media\/6773"}],"wp:attachment":[{"href":"https:\/\/tempsetor.be\/galerie\/wp-json\/wp\/v2\/media?parent=6771"}],"wp:term":[{"taxonomy":"product_brand","embeddable":true,"href":"https:\/\/tempsetor.be\/galerie\/wp-json\/wp\/v2\/product_brand?post=6771"},{"taxonomy":"product_cat","embeddable":true,"href":"https:\/\/tempsetor.be\/galerie\/wp-json\/wp\/v2\/product_cat?post=6771"},{"taxonomy":"product_tag","embeddable":true,"href":"https:\/\/tempsetor.be\/galerie\/wp-json\/wp\/v2\/product_tag?post=6771"}],"curies":[{"name":"wp","href":"https:\/\/api.w.org\/{rel}","templated":true}]}}