{"id":6805,"date":"2023-02-05T11:59:35","date_gmt":"2023-02-05T10:59:35","guid":{"rendered":"https:\/\/tempsetor.be\/galerie\/?post_type=product&#038;p=6805"},"modified":"2025-02-27T12:10:03","modified_gmt":"2025-02-27T11:10:03","slug":"montre-hommes-zeppelin-lz129-hindenburg-7068-5","status":"publish","type":"product","link":"https:\/\/tempsetor.be\/galerie\/produit\/montre-hommes-zeppelin-lz129-hindenburg-7068-5\/","title":{"rendered":"Montre hommes &#8211; Zeppelin &#8211; LZ129 Hindenburg 7068-5"},"content":{"rendered":"<p>La montre pour homme Zeppelin lz 129 Hindenburg Automatic 7068-5 est un accessoire extr\u00eamement \u00e9l\u00e9gant et unique. Cal. Miyota 9015, cadran argent\u00e9, verre h\u00e9salite, bo\u00eetier en acier, diam\u00e8tre 40 mm, fond en verre min\u00e9ral, hauteur 12 mm, date \u00e0 guichet, \u00e9tanch\u00e9it\u00e9 3 atm.<\/p>\n","protected":false},"excerpt":{"rendered":"<p><img loading=\"lazy\" decoding=\"async\" class=\"size-full wp-image-5108 alignleft\" src=\"https:\/\/tempsetor.be\/galerie\/wp-content\/uploads\/2018\/01\/zeppelin-e1593511746260.png\" alt=\"logo Zeppelin\" width=\"150\" height=\"63\" \/><\/p>\n<p>La montre pour homme Zeppelin lz 129 Hindenburg Automatic 7068-5 est un accessoire extr\u00eamement \u00e9l\u00e9gant et unique. Le cadran argent\u00e9 d\u00e9cor\u00e9 d&#8217;un soleil \u00e9clatant a \u00e9t\u00e9 compl\u00e9t\u00e9 par une petite fen\u00eatre de date, du jour, du mois. \u00c0 travers le fond transparent du bo\u00eetier, vous pouvez voir le mouvement automatique Citizen-Miyota 9015 en \u00e9tat de marche, r\u00e9gl\u00e9 sur 24 rubis. L&#8217;\u00e9tanch\u00e9it\u00e9 est de 3 atm.<\/p>\n<p><strong>Zeppelin<\/strong> est une marque qui rend hommage \u00e0 <strong>Ferdinand Von Zeppelin<\/strong>, cr\u00e9ateur du fameux dirigeable de la fin du 19\u1d49 si\u00e8cle. Zeppelin cherche \u00e0 perp\u00e9tuer la tradition de l\u2019\u00e9l\u00e9gance vintage et classique au travers de montres aux prix forts abordables. La conception de ces montres est puis\u00e9e directement dans l\u2019imaginaire du dirigeable, ainsi l\u2019esprit d\u2019\u00e9poque est clairement pr\u00e9sent. Ces lignes r\u00e9tro rappellent les mod\u00e8les que portaient les pionniers de l\u2019aviation au d\u00e9but du XXe si\u00e8cle. De fabrication soign\u00e9e, allemande et munie de calibres suisse, Seiko ou Citizen les montres Zeppelin sont d&#8217;une belle finition au poignet avec leur cuir cousu main.<\/p>\n<p>D\u00e9j\u00e0 garanties 2 ans, la bijouterie <strong>Temps &amp; OR<\/strong> vous apporte une confiance suppl\u00e9mentaire pour ces produits. Selon vos besoins, ces montres peuvent \u00eatre \u00e9galement r\u00e9serv\u00e9es \u00e0 la bijouterie. La mise \u00e0 mesure offerte ainsi qu&#8217;un emballage cadeau vous y seront propos\u00e9s.<\/p>\n<p>Faites vos demandes particuli\u00e8res ou passez votre commande via ce formulaire :<br \/>\n<p class=\"wpcf7-contact-form-not-found\"><strong>Error:<\/strong> Contact form not found.<\/p><\/p>\n","protected":false},"featured_media":6806,"template":"","meta":{"_monsterinsights_skip_tracking":false,"_monsterinsights_sitenote_active":false,"_monsterinsights_sitenote_note":"","_monsterinsights_sitenote_category":0},"product_brand":[],"product_cat":[40,39,75],"product_tag":[],"class_list":{"0":"post-6805","1":"product","2":"type-product","3":"status-publish","4":"has-post-thumbnail","6":"product_cat-montres-hommes","7":"product_cat-hommes","8":"product_cat-zeppelin-hommes","10":"first","11":"instock","12":"shipping-taxable","13":"purchasable","14":"product-type-simple"},"_links":{"self":[{"href":"https:\/\/tempsetor.be\/galerie\/wp-json\/wp\/v2\/product\/6805","targetHints":{"allow":["GET"]}}],"collection":[{"href":"https:\/\/tempsetor.be\/galerie\/wp-json\/wp\/v2\/product"}],"about":[{"href":"https:\/\/tempsetor.be\/galerie\/wp-json\/wp\/v2\/types\/product"}],"wp:featuredmedia":[{"embeddable":true,"href":"https:\/\/tempsetor.be\/galerie\/wp-json\/wp\/v2\/media\/6806"}],"wp:attachment":[{"href":"https:\/\/tempsetor.be\/galerie\/wp-json\/wp\/v2\/media?parent=6805"}],"wp:term":[{"taxonomy":"product_brand","embeddable":true,"href":"https:\/\/tempsetor.be\/galerie\/wp-json\/wp\/v2\/product_brand?post=6805"},{"taxonomy":"product_cat","embeddable":true,"href":"https:\/\/tempsetor.be\/galerie\/wp-json\/wp\/v2\/product_cat?post=6805"},{"taxonomy":"product_tag","embeddable":true,"href":"https:\/\/tempsetor.be\/galerie\/wp-json\/wp\/v2\/product_tag?post=6805"}],"curies":[{"name":"wp","href":"https:\/\/api.w.org\/{rel}","templated":true}]}}