{"id":6824,"date":"2023-02-12T20:00:21","date_gmt":"2023-02-12T19:00:21","guid":{"rendered":"https:\/\/tempsetor.be\/galerie\/?post_type=product&#038;p=6824"},"modified":"2023-02-13T11:37:49","modified_gmt":"2023-02-13T10:37:49","slug":"montre-hommes-hamilton-khaki-aviation-x-wind-gmt-chrono-quartz-h77932160","status":"publish","type":"product","link":"https:\/\/tempsetor.be\/galerie\/produit\/montre-hommes-hamilton-khaki-aviation-x-wind-gmt-chrono-quartz-h77932160\/","title":{"rendered":"Montre hommes Hamilton &#8211; KHAKI AVIATION X-WIND GMT CHRONO QUARTZ | H77932160"},"content":{"rendered":"<p>Quartz | 46mm | H77932160 | \u00c9lancez-vous sans craindre les turbulences gr\u00e2ce \u00e0 cette Khaki Aviation X-Wind Chrono Quartz GMT et ses contrastes prononc\u00e9s. Avec ses chiffres rev\u00eatus de Super-LumiNova et ses aiguilles \u00e9voquant un instrument de bord, cette montre de pilote est par\u00e9e pour l\u2019aventure.<\/p>\n","protected":false},"excerpt":{"rendered":"<p><img loading=\"lazy\" decoding=\"async\" class=\"size-full wp-image-5425 alignleft\" src=\"https:\/\/www.tempsetor.be\/galerie\/wp-content\/uploads\/2020\/12\/Hamilton.png\" alt=\"logo Hamilton\" width=\"150\" height=\"29\" srcset=\"https:\/\/tempsetor.be\/galerie\/wp-content\/uploads\/2020\/12\/Hamilton.png 150w, https:\/\/tempsetor.be\/galerie\/wp-content\/uploads\/2020\/12\/Hamilton-50x10.png 50w\" sizes=\"auto, (max-width:767px) 150px, 150px\" \/><\/p>\n<h1 class=\"page-title large\"><\/h1>\n<div class=\"product-main-attributes\">\n<h4>Quartz | 46mm | H77932160<\/h4>\n<\/div>\n<p>\u00c9lancez-vous sans craindre les turbulences gr\u00e2ce \u00e0 cette Khaki Aviation X-Wind Chrono Quartz GMT et ses contrastes prononc\u00e9s. Avec ses chiffres rev\u00eatus de Super-LumiNova et ses aiguilles \u00e9voquant un instrument de bord, cette montre de pilote est par\u00e9e pour l\u2019aventure.<\/p>\n<p>D\u00e9j\u00e0 garanties 2 ans, le service apr\u00e8s-vente de la bijouterie <strong>Temps &amp; OR<\/strong> vous apporte une confiance suppl\u00e9mentaire pour ces produits. Selon vos besoins, ces montres peuvent \u00eatre \u00e9galement r\u00e9serv\u00e9es \u00e0 la bijouterie. La mise \u00e0 mesure offerte ainsi qu&#8217;un emballage cadeau vous y seront propos\u00e9s.<\/p>\n<p>Faites vos demandes particuli\u00e8res ou passez votre commande via ce formulaire :<br \/>\n<p class=\"wpcf7-contact-form-not-found\"><strong>Error:<\/strong> Contact form not found.<\/p><\/p>\n","protected":false},"featured_media":6826,"template":"","meta":{"_monsterinsights_skip_tracking":false,"_monsterinsights_sitenote_active":false,"_monsterinsights_sitenote_note":"","_monsterinsights_sitenote_category":0},"product_brand":[],"product_cat":[1628,40,39],"product_tag":[],"class_list":{"0":"post-6824","1":"product","2":"type-product","3":"status-publish","4":"has-post-thumbnail","6":"product_cat-hamilton-hommes","7":"product_cat-montres-hommes","8":"product_cat-hommes","10":"first","11":"instock","12":"shipping-taxable","13":"purchasable","14":"product-type-simple"},"_links":{"self":[{"href":"https:\/\/tempsetor.be\/galerie\/wp-json\/wp\/v2\/product\/6824","targetHints":{"allow":["GET"]}}],"collection":[{"href":"https:\/\/tempsetor.be\/galerie\/wp-json\/wp\/v2\/product"}],"about":[{"href":"https:\/\/tempsetor.be\/galerie\/wp-json\/wp\/v2\/types\/product"}],"wp:featuredmedia":[{"embeddable":true,"href":"https:\/\/tempsetor.be\/galerie\/wp-json\/wp\/v2\/media\/6826"}],"wp:attachment":[{"href":"https:\/\/tempsetor.be\/galerie\/wp-json\/wp\/v2\/media?parent=6824"}],"wp:term":[{"taxonomy":"product_brand","embeddable":true,"href":"https:\/\/tempsetor.be\/galerie\/wp-json\/wp\/v2\/product_brand?post=6824"},{"taxonomy":"product_cat","embeddable":true,"href":"https:\/\/tempsetor.be\/galerie\/wp-json\/wp\/v2\/product_cat?post=6824"},{"taxonomy":"product_tag","embeddable":true,"href":"https:\/\/tempsetor.be\/galerie\/wp-json\/wp\/v2\/product_tag?post=6824"}],"curies":[{"name":"wp","href":"https:\/\/api.w.org\/{rel}","templated":true}]}}