{"id":6836,"date":"2023-02-12T21:23:44","date_gmt":"2023-02-12T20:23:44","guid":{"rendered":"https:\/\/tempsetor.be\/galerie\/?post_type=product&#038;p=6836"},"modified":"2023-02-13T11:35:40","modified_gmt":"2023-02-13T10:35:40","slug":"montre-hommes-hamilton-khaki-field-auto-chrono-h71706830","status":"publish","type":"product","link":"https:\/\/tempsetor.be\/galerie\/produit\/montre-hommes-hamilton-khaki-field-auto-chrono-h71706830\/","title":{"rendered":"Montre hommes Hamilton &#8211; KHAKI FIELD AUTO CHRONO &#8211; H71706830"},"content":{"rendered":"<p>Automatique | 44mm | H71706830 | Robuste, r\u00e9sistante et pr\u00e9cise, la Khaki Field Automatic Chronograph est la montre parfaite pour les explorateurs vaillants. Une gravure sp\u00e9ciale sur le fond de bo\u00eetier de cette montre de terrain de 44\u00a0mm en acier inoxydable sabl\u00e9 rend hommage \u00e0 l\u2019h\u00e9ritage militaire d\u2019Hamilton, et ses chiffres en relief enduits de Superluminova offrent au cadran une meilleure lisibilit\u00e9 et plus de profondeur. Mont\u00e9 sur un bracelet en cuir confortable, cet accessoire haute performance est con\u00e7u pour les aventures en plein air.<\/p>\n","protected":false},"excerpt":{"rendered":"<p><img loading=\"lazy\" decoding=\"async\" class=\"size-full wp-image-5425 alignleft\" src=\"https:\/\/www.tempsetor.be\/galerie\/wp-content\/uploads\/2020\/12\/Hamilton.png\" alt=\"logo Hamilton\" width=\"150\" height=\"29\" srcset=\"https:\/\/tempsetor.be\/galerie\/wp-content\/uploads\/2020\/12\/Hamilton.png 150w, https:\/\/tempsetor.be\/galerie\/wp-content\/uploads\/2020\/12\/Hamilton-50x10.png 50w\" sizes=\"auto, (max-width:767px) 150px, 150px\" \/><\/p>\n<h1 class=\"page-title large\"><\/h1>\n<div class=\"product-main-attributes\">\n<h4>Automatique | 44mm | H71706830<\/h4>\n<\/div>\n<p>Robuste, r\u00e9sistante et pr\u00e9cise, la Khaki Field Automatic Chronograph est la montre parfaite pour les explorateurs vaillants. Une gravure sp\u00e9ciale sur le fond de bo\u00eetier de cette montre de terrain de 44 mm en acier inoxydable sabl\u00e9 rend hommage \u00e0 l\u2019h\u00e9ritage militaire d\u2019Hamilton, et ses chiffres en relief enduits de Superluminova offrent au cadran une meilleure lisibilit\u00e9 et plus de profondeur. Mont\u00e9 sur un bracelet en cuir confortable, cet accessoire haute performance est con\u00e7u pour les aventures en plein air.<\/p>\n<p>D\u00e9j\u00e0 garanties 2 ans, le service apr\u00e8s-vente de la bijouterie <strong>Temps &amp; OR<\/strong> vous apporte une confiance suppl\u00e9mentaire pour ces produits. Selon vos besoins, ces montres peuvent \u00eatre \u00e9galement r\u00e9serv\u00e9es \u00e0 la bijouterie. La mise \u00e0 mesure offerte ainsi qu&#8217;un emballage cadeau vous y seront propos\u00e9s.<\/p>\n<p>Faites vos demandes particuli\u00e8res ou passez votre commande via ce formulaire :<br \/>\n<p class=\"wpcf7-contact-form-not-found\"><strong>Error:<\/strong> Contact form not found.<\/p><\/p>\n","protected":false},"featured_media":6838,"template":"","meta":{"_monsterinsights_skip_tracking":false,"_monsterinsights_sitenote_active":false,"_monsterinsights_sitenote_note":"","_monsterinsights_sitenote_category":0},"product_brand":[],"product_cat":[1628,40,39],"product_tag":[],"class_list":{"0":"post-6836","1":"product","2":"type-product","3":"status-publish","4":"has-post-thumbnail","6":"product_cat-hamilton-hommes","7":"product_cat-montres-hommes","8":"product_cat-hommes","10":"first","11":"instock","12":"shipping-taxable","13":"purchasable","14":"product-type-simple"},"_links":{"self":[{"href":"https:\/\/tempsetor.be\/galerie\/wp-json\/wp\/v2\/product\/6836","targetHints":{"allow":["GET"]}}],"collection":[{"href":"https:\/\/tempsetor.be\/galerie\/wp-json\/wp\/v2\/product"}],"about":[{"href":"https:\/\/tempsetor.be\/galerie\/wp-json\/wp\/v2\/types\/product"}],"wp:featuredmedia":[{"embeddable":true,"href":"https:\/\/tempsetor.be\/galerie\/wp-json\/wp\/v2\/media\/6838"}],"wp:attachment":[{"href":"https:\/\/tempsetor.be\/galerie\/wp-json\/wp\/v2\/media?parent=6836"}],"wp:term":[{"taxonomy":"product_brand","embeddable":true,"href":"https:\/\/tempsetor.be\/galerie\/wp-json\/wp\/v2\/product_brand?post=6836"},{"taxonomy":"product_cat","embeddable":true,"href":"https:\/\/tempsetor.be\/galerie\/wp-json\/wp\/v2\/product_cat?post=6836"},{"taxonomy":"product_tag","embeddable":true,"href":"https:\/\/tempsetor.be\/galerie\/wp-json\/wp\/v2\/product_tag?post=6836"}],"curies":[{"name":"wp","href":"https:\/\/api.w.org\/{rel}","templated":true}]}}