{"id":6847,"date":"2023-02-13T11:03:26","date_gmt":"2023-02-13T10:03:26","guid":{"rendered":"https:\/\/tempsetor.be\/galerie\/?post_type=product&#038;p=6847"},"modified":"2023-02-13T11:34:32","modified_gmt":"2023-02-13T10:34:32","slug":"montre-hommes-hamilton-ventura-elvis80-skeleton-auto-h24535331","status":"publish","type":"product","link":"https:\/\/tempsetor.be\/galerie\/produit\/montre-hommes-hamilton-ventura-elvis80-skeleton-auto-h24535331\/","title":{"rendered":"Montre hommes Hamilton &#8211; VENTURA ELVIS80 SKELETON AUTO &#8211; H24535331"},"content":{"rendered":"<p>Automatique | 42,5mm x 44,6mm | H24535331 | D\u00e9marquez-vous avec la Ventura Elvis80 Skeleton, un hommage ultra-moderne au pass\u00e9, au pr\u00e9sent et au futur de la premi\u00e8re montre \u00e9lectrique au monde. \u00c9volution puissante d\u2019une montre r\u00e9volutionnaire, son cadran squelett\u00e9 pr\u00e9cis pr\u00e9sente un zigzag rouge saisissant au centre de son bo\u00eetier triangulaire rev\u00eatu de PVD noir. Cet \u00e9clair rend hommage \u00e0 un mod\u00e8le d\u2019innovation et met en valeur le mouvement \u00e0 remontage automatique H-10-S en son c\u0153ur.<\/p>\n","protected":false},"excerpt":{"rendered":"<p><img loading=\"lazy\" decoding=\"async\" class=\"size-full wp-image-5425 alignleft\" src=\"https:\/\/www.tempsetor.be\/galerie\/wp-content\/uploads\/2020\/12\/Hamilton.png\" alt=\"logo Hamilton\" width=\"150\" height=\"29\" srcset=\"https:\/\/tempsetor.be\/galerie\/wp-content\/uploads\/2020\/12\/Hamilton.png 150w, https:\/\/tempsetor.be\/galerie\/wp-content\/uploads\/2020\/12\/Hamilton-50x10.png 50w\" sizes=\"auto, (max-width:767px) 150px, 150px\" \/><\/p>\n<h1 class=\"page-title large\"><\/h1>\n<div class=\"product-main-attributes\">\n<h4>Automatique | 42,5mm x 44,6mm | H24535331<\/h4>\n<\/div>\n<p>D\u00e9marquez-vous avec la Ventura Elvis80 Skeleton, un hommage ultra-moderne au pass\u00e9, au pr\u00e9sent et au futur de la premi\u00e8re montre \u00e9lectrique au monde. \u00c9volution puissante d\u2019une montre r\u00e9volutionnaire, son cadran squelett\u00e9 pr\u00e9cis pr\u00e9sente un zigzag rouge saisissant au centre de son bo\u00eetier triangulaire rev\u00eatu de PVD noir. Cet \u00e9clair rend hommage \u00e0 un mod\u00e8le d\u2019innovation et met en valeur le mouvement \u00e0 remontage automatique H-10-S en son c\u0153ur.<\/p>\n<p>D\u00e9j\u00e0 garanties 2 ans, le service apr\u00e8s-vente de la bijouterie <strong>Temps &amp; OR<\/strong> vous apporte une confiance suppl\u00e9mentaire pour ces produits. Selon vos besoins, ces montres peuvent \u00eatre \u00e9galement r\u00e9serv\u00e9es \u00e0 la bijouterie. La mise \u00e0 mesure offerte ainsi qu&#8217;un emballage cadeau vous y seront propos\u00e9s.<\/p>\n<p>Faites vos demandes particuli\u00e8res ou passez votre commande via ce formulaire :<br \/>\n<p class=\"wpcf7-contact-form-not-found\"><strong>Error:<\/strong> Contact form not found.<\/p><\/p>\n","protected":false},"featured_media":6849,"template":"","meta":{"_monsterinsights_skip_tracking":false,"_monsterinsights_sitenote_active":false,"_monsterinsights_sitenote_note":"","_monsterinsights_sitenote_category":0},"product_brand":[],"product_cat":[1628,40,39],"product_tag":[],"class_list":{"0":"post-6847","1":"product","2":"type-product","3":"status-publish","4":"has-post-thumbnail","6":"product_cat-hamilton-hommes","7":"product_cat-montres-hommes","8":"product_cat-hommes","10":"first","11":"instock","12":"shipping-taxable","13":"purchasable","14":"product-type-simple"},"_links":{"self":[{"href":"https:\/\/tempsetor.be\/galerie\/wp-json\/wp\/v2\/product\/6847","targetHints":{"allow":["GET"]}}],"collection":[{"href":"https:\/\/tempsetor.be\/galerie\/wp-json\/wp\/v2\/product"}],"about":[{"href":"https:\/\/tempsetor.be\/galerie\/wp-json\/wp\/v2\/types\/product"}],"wp:featuredmedia":[{"embeddable":true,"href":"https:\/\/tempsetor.be\/galerie\/wp-json\/wp\/v2\/media\/6849"}],"wp:attachment":[{"href":"https:\/\/tempsetor.be\/galerie\/wp-json\/wp\/v2\/media?parent=6847"}],"wp:term":[{"taxonomy":"product_brand","embeddable":true,"href":"https:\/\/tempsetor.be\/galerie\/wp-json\/wp\/v2\/product_brand?post=6847"},{"taxonomy":"product_cat","embeddable":true,"href":"https:\/\/tempsetor.be\/galerie\/wp-json\/wp\/v2\/product_cat?post=6847"},{"taxonomy":"product_tag","embeddable":true,"href":"https:\/\/tempsetor.be\/galerie\/wp-json\/wp\/v2\/product_tag?post=6847"}],"curies":[{"name":"wp","href":"https:\/\/api.w.org\/{rel}","templated":true}]}}