{"id":6858,"date":"2023-02-13T11:28:45","date_gmt":"2023-02-13T10:28:45","guid":{"rendered":"https:\/\/tempsetor.be\/galerie\/?post_type=product&#038;p=6858"},"modified":"2023-03-10T12:48:37","modified_gmt":"2023-03-10T11:48:37","slug":"montre-hommes-hamilton-khaki-navy-scuba-auto-h82515330","status":"publish","type":"product","link":"https:\/\/tempsetor.be\/galerie\/produit\/montre-hommes-hamilton-khaki-navy-scuba-auto-h82515330\/","title":{"rendered":"Montre hommes Hamilton &#8211; KHAKI NAVY SCUBA AUTO &#8211; H82515330"},"content":{"rendered":"<p>Automatique | 43mm | H82515330 | Luxueuse et sportive, cette montre aux accents aquatiques sera parfaite pour s\u2019\u00e9vader en bord de mer ou aller explorer les fonds marins. Sa lunette c\u00e9ramique, gradu\u00e9e de num\u00e9ros grav\u00e9s avec pr\u00e9cision, ajoute du style \u00e0 cette Khaki Navy Scuba Automatic et la prot\u00e8ge de l\u2019oxydation caus\u00e9e par le sable ou l\u2019eau sal\u00e9e. Avec son boitier large de 43 mm, son \u00e9tanch\u00e9it\u00e9 am\u00e9lior\u00e9e allant jusqu\u2019\u00e0 30 bar (300 m) et son cadran parfaitement lisible, cette montre vous suivra dans toutes vos aventures.<\/p>\n","protected":false},"excerpt":{"rendered":"<p><img loading=\"lazy\" decoding=\"async\" class=\"size-full wp-image-5425 alignleft\" src=\"https:\/\/www.tempsetor.be\/galerie\/wp-content\/uploads\/2020\/12\/Hamilton.png\" alt=\"logo Hamilton\" width=\"150\" height=\"29\" srcset=\"https:\/\/tempsetor.be\/galerie\/wp-content\/uploads\/2020\/12\/Hamilton.png 150w, https:\/\/tempsetor.be\/galerie\/wp-content\/uploads\/2020\/12\/Hamilton-50x10.png 50w\" sizes=\"auto, (max-width:767px) 150px, 150px\" \/><\/p>\n<h1 class=\"page-title large\"><\/h1>\n<div class=\"product-main-attributes\">\n<h4>Automatique | 43mm | H82515330<\/h4>\n<\/div>\n<p>Luxueuse et sportive, cette montre aux accents aquatiques sera parfaite pour s\u2019\u00e9vader en bord de mer ou aller explorer les fonds marins. Sa lunette c\u00e9ramique, gradu\u00e9e de num\u00e9ros grav\u00e9s avec pr\u00e9cision, ajoute du style \u00e0 cette Khaki Navy Scuba Automatic et la prot\u00e8ge de l\u2019oxydation caus\u00e9e par le sable ou l\u2019eau sal\u00e9e. Avec son boitier large de 43 mm, son \u00e9tanch\u00e9it\u00e9 am\u00e9lior\u00e9e allant jusqu\u2019\u00e0 30 bar (300 m) et son cadran parfaitement lisible, cette montre vous suivra dans toutes vos aventures.<\/p>\n<p>D\u00e9j\u00e0 garanties 2 ans, le service apr\u00e8s-vente de la bijouterie <strong>Temps &amp; OR<\/strong> vous apporte une confiance suppl\u00e9mentaire pour ces produits. Selon vos besoins, ces montres peuvent \u00eatre \u00e9galement r\u00e9serv\u00e9es \u00e0 la bijouterie. La mise \u00e0 mesure offerte ainsi qu&#8217;un emballage cadeau vous y seront propos\u00e9s.<\/p>\n<p><div class=\"alert alert_error\"><div class=\"alert_icon\"><svg viewBox=\"0 0 28 28\"><defs><style>.path{fill:none;stroke:#000;stroke-miterlimit:10;stroke-width:1.5px;}<\/style><\/defs><g><circle cx=\"14\" cy=\"20\" r=\"0.33\" class=\"path\"\/><line x1=\"14\" y1=\"8.72\" x2=\"14\" y2=\"16.72\" class=\"path\"\/><path d=\"M12.6,3.42,1.54,22.58A1.61,1.61,0,0,0,2.93,25H25.07a1.61,1.61,0,0,0,1.39-2.42L15.4,3.42A1.61,1.61,0,0,0,12.6,3.42Z\" class=\"path\"\/><\/g><\/svg><\/div><div class=\"alert_wrapper\">Le montant affich\u00e9 peut \u00eatre modifi\u00e9 par le fournisseur sans que nous en soyons inform\u00e9s. Une diff\u00e9rence entre le prix affich\u00e9 ici et en magasin reste possible.<\/div><a href=\"#\" class=\"close mfn-close-icon\"><span class=\"icon\">\u2715<\/span><\/a><\/div>\n<div class=\"alert alert_info\"><div class=\"alert_icon\"><svg viewBox=\"0 0 28 28\"><defs><style>.path{fill:none;stroke:#000;stroke-miterlimit:10;stroke-width:1.5px;}<\/style><\/defs><g><circle class=\"path\" cx=\"14\" cy=\"14\" r=\"12\"\/><path class=\"path\" d=\"M11.2,9.12a3.4,3.4,0,0,1,3-1.69,2.84,2.84,0,0,1,3,2.76,3.16,3.16,0,0,1-.84,2.23c-.63.74-1.58,1.18-2.19,1.88a1,1,0,0,0-.26.64v2.32\"\/><circle class=\"path\" cx=\"14\" cy=\"20\" r=\"0.33\"\/><\/g><\/svg><\/div><div class=\"alert_wrapper\">Faites vos demandes particuli\u00e8res ou passez votre commande via ce formulaire <\/div><a href=\"#\" class=\"close mfn-close-icon\"><span class=\"icon\">\u2715<\/span><\/a><\/div>\n <a class=\"button  button_size_3\" href=\"https:\/\/tempsetor.be\/galerie\/ma-commande\/\"     target=\"_blank\"    title=\"\"><span class=\"button_label\">&gt; Formulaire<\/span><\/a>\n<\/p>\n","protected":false},"featured_media":6860,"template":"","meta":{"_monsterinsights_skip_tracking":false,"_monsterinsights_sitenote_active":false,"_monsterinsights_sitenote_note":"","_monsterinsights_sitenote_category":0},"product_brand":[],"product_cat":[1628,40,39],"product_tag":[],"class_list":{"0":"post-6858","1":"product","2":"type-product","3":"status-publish","4":"has-post-thumbnail","6":"product_cat-hamilton-hommes","7":"product_cat-montres-hommes","8":"product_cat-hommes","10":"first","11":"instock","12":"shipping-taxable","13":"purchasable","14":"product-type-simple"},"_links":{"self":[{"href":"https:\/\/tempsetor.be\/galerie\/wp-json\/wp\/v2\/product\/6858","targetHints":{"allow":["GET"]}}],"collection":[{"href":"https:\/\/tempsetor.be\/galerie\/wp-json\/wp\/v2\/product"}],"about":[{"href":"https:\/\/tempsetor.be\/galerie\/wp-json\/wp\/v2\/types\/product"}],"wp:featuredmedia":[{"embeddable":true,"href":"https:\/\/tempsetor.be\/galerie\/wp-json\/wp\/v2\/media\/6860"}],"wp:attachment":[{"href":"https:\/\/tempsetor.be\/galerie\/wp-json\/wp\/v2\/media?parent=6858"}],"wp:term":[{"taxonomy":"product_brand","embeddable":true,"href":"https:\/\/tempsetor.be\/galerie\/wp-json\/wp\/v2\/product_brand?post=6858"},{"taxonomy":"product_cat","embeddable":true,"href":"https:\/\/tempsetor.be\/galerie\/wp-json\/wp\/v2\/product_cat?post=6858"},{"taxonomy":"product_tag","embeddable":true,"href":"https:\/\/tempsetor.be\/galerie\/wp-json\/wp\/v2\/product_tag?post=6858"}],"curies":[{"name":"wp","href":"https:\/\/api.w.org\/{rel}","templated":true}]}}