{"id":6909,"date":"2023-02-19T18:27:29","date_gmt":"2023-02-19T17:27:29","guid":{"rendered":"https:\/\/tempsetor.be\/galerie\/?post_type=product&#038;p=6909"},"modified":"2023-02-21T15:53:57","modified_gmt":"2023-02-21T14:53:57","slug":"montre-homme-lip-rallye-41-mm-ninja-meca-quartz-671812","status":"publish","type":"product","link":"https:\/\/tempsetor.be\/galerie\/produit\/montre-homme-lip-rallye-41-mm-ninja-meca-quartz-671812\/","title":{"rendered":"Montre homme LIP &#8211; Rallye 41 mm Ninja m\u00e9ca-quartz &#8211; 671812"},"content":{"rendered":"<p><strong>Fabriqu\u00e9e en France &#8211; Besan\u00e7on. <\/strong>C&#8217;est une premi\u00e8re pour La maison LIP qui aujourd&#8217;hui vous pr\u00e9sente ce mod\u00e8le Rallye Panda d\u00e9clin\u00e9 en mouvement m\u00e9ca-quartz. Fi\u00e8re de son histoire, elle fait rena\u00eetre aujourd\u2019hui son chrono bi-compax (deux compteurs). Unique en son genre, ce cadran arrondi s&#8217;inspire des tableaux de bords des autos de cette m\u00eame \u00e9poque.<\/p>\n","protected":false},"excerpt":{"rendered":"<p><img loading=\"lazy\" decoding=\"async\" class=\"alignleft size-full wp-image-3110\" src=\"https:\/\/tempsetor.be\/galerie\/wp-content\/uploads\/2017\/12\/LIP.jpg\" alt=\"logo Lip\" width=\"150\" height=\"217\" srcset=\"https:\/\/tempsetor.be\/galerie\/wp-content\/uploads\/2017\/12\/LIP.jpg 150w, https:\/\/tempsetor.be\/galerie\/wp-content\/uploads\/2017\/12\/LIP-101x146.jpg 101w, https:\/\/tempsetor.be\/galerie\/wp-content\/uploads\/2017\/12\/LIP-35x50.jpg 35w, https:\/\/tempsetor.be\/galerie\/wp-content\/uploads\/2017\/12\/LIP-52x75.jpg 52w\" sizes=\"auto, (max-width:767px) 150px, 150px\" \/><\/p>\n<p><strong>Fabriqu\u00e9e en France &#8211; Besan\u00e7on. <\/strong>C&#8217;est une premi\u00e8re pour La maison LIP qui aujourd&#8217;hui vous pr\u00e9sente ce mod\u00e8le Rallye Panda d\u00e9clin\u00e9 en mouvement m\u00e9ca-quartz. Fi\u00e8re de son histoire, elle fait rena\u00eetre aujourd\u2019hui son chrono bi-compax (deux compteurs). Unique en son genre, ce cadran arrondi s&#8217;inspire des tableaux de bords des autos de cette m\u00eame \u00e9poque.<\/p>\n<p>D\u00e9j\u00e0 garanties 2 ans, le service apr\u00e8s-vente de la bijouterie <strong>Temps &amp; OR<\/strong> vous apporte une confiance suppl\u00e9mentaire pour ces produits. Selon vos besoins, ces montres peuvent \u00eatre \u00e9galement r\u00e9serv\u00e9es \u00e0 la bijouterie. La mise \u00e0 mesure offerte ainsi qu&#8217;un emballage cadeau vous y seront propos\u00e9s.<\/p>\n<p><div class=\"alert alert_error\"><div class=\"alert_icon\"><svg viewBox=\"0 0 28 28\"><defs><style>.path{fill:none;stroke:#000;stroke-miterlimit:10;stroke-width:1.5px;}<\/style><\/defs><g><circle cx=\"14\" cy=\"20\" r=\"0.33\" class=\"path\"\/><line x1=\"14\" y1=\"8.72\" x2=\"14\" y2=\"16.72\" class=\"path\"\/><path d=\"M12.6,3.42,1.54,22.58A1.61,1.61,0,0,0,2.93,25H25.07a1.61,1.61,0,0,0,1.39-2.42L15.4,3.42A1.61,1.61,0,0,0,12.6,3.42Z\" class=\"path\"\/><\/g><\/svg><\/div><div class=\"alert_wrapper\">Le montant affich\u00e9 peut \u00eatre modifi\u00e9 par le fournisseur sans que nous en soyons inform\u00e9s. Une diff\u00e9rence entre le prix affich\u00e9 ici et en magasin reste possible.<\/div><a href=\"#\" class=\"close mfn-close-icon\"><span class=\"icon\">\u2715<\/span><\/a><\/div>\n<div class=\"alert alert_info\"><div class=\"alert_icon\"><svg viewBox=\"0 0 28 28\"><defs><style>.path{fill:none;stroke:#000;stroke-miterlimit:10;stroke-width:1.5px;}<\/style><\/defs><g><circle class=\"path\" cx=\"14\" cy=\"14\" r=\"12\"\/><path class=\"path\" d=\"M11.2,9.12a3.4,3.4,0,0,1,3-1.69,2.84,2.84,0,0,1,3,2.76,3.16,3.16,0,0,1-.84,2.23c-.63.74-1.58,1.18-2.19,1.88a1,1,0,0,0-.26.64v2.32\"\/><circle class=\"path\" cx=\"14\" cy=\"20\" r=\"0.33\"\/><\/g><\/svg><\/div><div class=\"alert_wrapper\">Faites vos demandes particuli\u00e8res ou passez votre commande via ce formulaire <\/div><a href=\"#\" class=\"close mfn-close-icon\"><span class=\"icon\">\u2715<\/span><\/a><\/div>\n <a class=\"button  button_size_3\" href=\"https:\/\/tempsetor.be\/galerie\/ma-commande\/\"     target=\"_blank\"    title=\"\"><span class=\"button_label\">&gt; Formulaire<\/span><\/a>\n<\/p>\n","protected":false},"featured_media":6911,"template":"","meta":{"_monsterinsights_skip_tracking":false,"_monsterinsights_sitenote_active":false,"_monsterinsights_sitenote_note":"","_monsterinsights_sitenote_category":0},"product_brand":[],"product_cat":[319,40,39],"product_tag":[],"class_list":{"0":"post-6909","1":"product","2":"type-product","3":"status-publish","4":"has-post-thumbnail","6":"product_cat-lip-hommes","7":"product_cat-montres-hommes","8":"product_cat-hommes","10":"first","11":"instock","12":"shipping-taxable","13":"purchasable","14":"product-type-simple"},"_links":{"self":[{"href":"https:\/\/tempsetor.be\/galerie\/wp-json\/wp\/v2\/product\/6909","targetHints":{"allow":["GET"]}}],"collection":[{"href":"https:\/\/tempsetor.be\/galerie\/wp-json\/wp\/v2\/product"}],"about":[{"href":"https:\/\/tempsetor.be\/galerie\/wp-json\/wp\/v2\/types\/product"}],"wp:featuredmedia":[{"embeddable":true,"href":"https:\/\/tempsetor.be\/galerie\/wp-json\/wp\/v2\/media\/6911"}],"wp:attachment":[{"href":"https:\/\/tempsetor.be\/galerie\/wp-json\/wp\/v2\/media?parent=6909"}],"wp:term":[{"taxonomy":"product_brand","embeddable":true,"href":"https:\/\/tempsetor.be\/galerie\/wp-json\/wp\/v2\/product_brand?post=6909"},{"taxonomy":"product_cat","embeddable":true,"href":"https:\/\/tempsetor.be\/galerie\/wp-json\/wp\/v2\/product_cat?post=6909"},{"taxonomy":"product_tag","embeddable":true,"href":"https:\/\/tempsetor.be\/galerie\/wp-json\/wp\/v2\/product_tag?post=6909"}],"curies":[{"name":"wp","href":"https:\/\/api.w.org\/{rel}","templated":true}]}}