{"id":7058,"date":"2023-07-27T20:58:10","date_gmt":"2023-07-27T18:58:10","guid":{"rendered":"https:\/\/tempsetor.be\/galerie\/?post_type=product&#038;p=7058"},"modified":"2023-07-28T12:09:01","modified_gmt":"2023-07-28T10:09:01","slug":"montre-hommes-boss-candor-1514076","status":"publish","type":"product","link":"https:\/\/tempsetor.be\/galerie\/produit\/montre-hommes-boss-candor-1514076\/","title":{"rendered":"Montre hommes &#8211; Boss &#8211; Candor &#8211; 1514076"},"content":{"rendered":"<p>D\u00e9couvrez la sophistication de la Montre hommes &#8211; Boss Candor 1514076. Un design contemporain pour un style raffin\u00e9 et \u00e9l\u00e9gant.<\/p>\n","protected":false},"excerpt":{"rendered":"<p><img loading=\"lazy\" decoding=\"async\" class=\"alignleft size-full wp-image-3176\" src=\"https:\/\/tempsetor.be\/galerie\/wp-content\/uploads\/2017\/12\/Hugo-Boss-logo-e1512852406736.jpg\" alt=\"logo Hugo Boss\" width=\"151\" height=\"60\" \/>D\u00e9couvrez l&#8217;\u00e9l\u00e9gance intemporelle et le savoir-faire raffin\u00e9 des montres <strong>Boss<\/strong> pour hommes. Depuis ses modestes d\u00e9buts en tant que marque de mode allemande, Boss s&#8217;est hiss\u00e9 dans le monde du luxe, devenant un symbole de style et de sophistication. Chaque montre incarne la fusion parfaite de l&#8217;esth\u00e9tique contemporaine et de la pr\u00e9cision horlog\u00e8re, refl\u00e9tant l&#8217;esprit moderne de l&#8217;homme d&#8217;aujourd&#8217;hui. Que vous cherchiez une montre classique, une pi\u00e8ce sportive ou un bijou \u00e9l\u00e9gant pour compl\u00e9ter votre tenue, notre galerie exclusive pr\u00e9sente une s\u00e9lection soigneusement choisie de montres Boss qui r\u00e9pondront \u00e0 toutes vos exigences. Laissez-vous donc s\u00e9duire par l&#8217;allure intemporelle des montres <strong>Boss<\/strong> pour hommes.<\/p>\n<p>D\u00e9j\u00e0 garanties 2 ans, le service apr\u00e8s-vente de la bijouterie <strong>Temps &amp; OR<\/strong> vous apporte une confiance suppl\u00e9mentaire pour ces produits. Selon vos besoins, ces montres peuvent \u00eatre \u00e9galement r\u00e9serv\u00e9es \u00e0 la bijouterie. La mise \u00e0 mesure offerte ainsi qu&#8217;un emballage cadeau vous y seront propos\u00e9s.<\/p>\n<p><div class=\"alert alert_error\"><div class=\"alert_icon\"><svg viewBox=\"0 0 28 28\"><defs><style>.path{fill:none;stroke:#000;stroke-miterlimit:10;stroke-width:1.5px;}<\/style><\/defs><g><circle cx=\"14\" cy=\"20\" r=\"0.33\" class=\"path\"\/><line x1=\"14\" y1=\"8.72\" x2=\"14\" y2=\"16.72\" class=\"path\"\/><path d=\"M12.6,3.42,1.54,22.58A1.61,1.61,0,0,0,2.93,25H25.07a1.61,1.61,0,0,0,1.39-2.42L15.4,3.42A1.61,1.61,0,0,0,12.6,3.42Z\" class=\"path\"\/><\/g><\/svg><\/div><div class=\"alert_wrapper\">Le montant affich\u00e9 peut \u00eatre modifi\u00e9 par le fournisseur sans que nous en soyons inform\u00e9s. Une diff\u00e9rence entre le prix affich\u00e9 ici et en magasin reste possible.<\/div><a href=\"#\" class=\"close mfn-close-icon\"><span class=\"icon\">\u2715<\/span><\/a><\/div>\n<div class=\"alert alert_info\"><div class=\"alert_icon\"><svg viewBox=\"0 0 28 28\"><defs><style>.path{fill:none;stroke:#000;stroke-miterlimit:10;stroke-width:1.5px;}<\/style><\/defs><g><circle class=\"path\" cx=\"14\" cy=\"14\" r=\"12\"\/><path class=\"path\" d=\"M11.2,9.12a3.4,3.4,0,0,1,3-1.69,2.84,2.84,0,0,1,3,2.76,3.16,3.16,0,0,1-.84,2.23c-.63.74-1.58,1.18-2.19,1.88a1,1,0,0,0-.26.64v2.32\"\/><circle class=\"path\" cx=\"14\" cy=\"20\" r=\"0.33\"\/><\/g><\/svg><\/div><div class=\"alert_wrapper\">Faites vos demandes particuli\u00e8res ou passez votre commande via ce formulaire <\/div><a href=\"#\" class=\"close mfn-close-icon\"><span class=\"icon\">\u2715<\/span><\/a><\/div>\n <a class=\"button  button_size_3\" href=\"https:\/\/tempsetor.be\/galerie\/ma-commande\/\"     target=\"_blank\"    title=\"\"><span class=\"button_label\">&gt; Formulaire<\/span><\/a>\n<\/p>\n","protected":false},"featured_media":7060,"template":"","meta":{"_monsterinsights_skip_tracking":false,"_monsterinsights_sitenote_active":false,"_monsterinsights_sitenote_note":"","_monsterinsights_sitenote_category":0},"product_brand":[],"product_cat":[64,40,39],"product_tag":[],"class_list":{"0":"post-7058","1":"product","2":"type-product","3":"status-publish","4":"has-post-thumbnail","6":"product_cat-boss-hommes","7":"product_cat-montres-hommes","8":"product_cat-hommes","10":"first","11":"instock","12":"shipping-taxable","13":"purchasable","14":"product-type-simple"},"_links":{"self":[{"href":"https:\/\/tempsetor.be\/galerie\/wp-json\/wp\/v2\/product\/7058","targetHints":{"allow":["GET"]}}],"collection":[{"href":"https:\/\/tempsetor.be\/galerie\/wp-json\/wp\/v2\/product"}],"about":[{"href":"https:\/\/tempsetor.be\/galerie\/wp-json\/wp\/v2\/types\/product"}],"wp:featuredmedia":[{"embeddable":true,"href":"https:\/\/tempsetor.be\/galerie\/wp-json\/wp\/v2\/media\/7060"}],"wp:attachment":[{"href":"https:\/\/tempsetor.be\/galerie\/wp-json\/wp\/v2\/media?parent=7058"}],"wp:term":[{"taxonomy":"product_brand","embeddable":true,"href":"https:\/\/tempsetor.be\/galerie\/wp-json\/wp\/v2\/product_brand?post=7058"},{"taxonomy":"product_cat","embeddable":true,"href":"https:\/\/tempsetor.be\/galerie\/wp-json\/wp\/v2\/product_cat?post=7058"},{"taxonomy":"product_tag","embeddable":true,"href":"https:\/\/tempsetor.be\/galerie\/wp-json\/wp\/v2\/product_tag?post=7058"}],"curies":[{"name":"wp","href":"https:\/\/api.w.org\/{rel}","templated":true}]}}