{"id":7089,"date":"2023-08-26T20:18:38","date_gmt":"2023-08-26T18:18:38","guid":{"rendered":"https:\/\/tempsetor.be\/galerie\/?post_type=product&#038;p=7089"},"modified":"2023-08-26T20:38:12","modified_gmt":"2023-08-26T18:38:12","slug":"montre-dames-lip-c18-671620","status":"publish","type":"product","link":"https:\/\/tempsetor.be\/galerie\/produit\/montre-dames-lip-c18-671620\/","title":{"rendered":"Montre dames LIP &#8211; C18 &#8211; 671620"},"content":{"rendered":"<p>Pour des collections aux finitions exemplaires, rien ne se fait bien sans passion. C&#8217;est la volont\u00e9 de LIP.\u00a0 Depuis 150 ans d&#8217;existence, la marque reproduit ses mod\u00e8les c\u00e9l\u00e8bres et dispose d&#8217;un large r\u00e9seau de distribution en France et \u00e0 l&#8217;\u00e9tranger. Ses montres sont aujourd&#8217;hui vendues dans de nombreux points bijoux et sont propos\u00e9es comme cadeaux d&#8217;affaires. Cr\u00e9ativit\u00e9 et performance sont les atouts majeurs des montres LIP.<\/p>\n","protected":false},"excerpt":{"rendered":"<p><img loading=\"lazy\" decoding=\"async\" class=\"size-full wp-image-3110 alignleft\" src=\"https:\/\/tempsetor.be\/galerie\/wp-content\/uploads\/2017\/12\/LIP.jpg\" alt=\"logo Lip\" width=\"150\" height=\"217\" srcset=\"https:\/\/tempsetor.be\/galerie\/wp-content\/uploads\/2017\/12\/LIP.jpg 150w, https:\/\/tempsetor.be\/galerie\/wp-content\/uploads\/2017\/12\/LIP-101x146.jpg 101w, https:\/\/tempsetor.be\/galerie\/wp-content\/uploads\/2017\/12\/LIP-35x50.jpg 35w, https:\/\/tempsetor.be\/galerie\/wp-content\/uploads\/2017\/12\/LIP-52x75.jpg 52w\" sizes=\"auto, (max-width:767px) 150px, 150px\" \/><\/p>\n<p><strong>Fabriqu\u00e9e en France &#8211; Besan\u00e7on<\/strong><\/p>\n<h3>C18<\/h3>\n<p>V\u00e9ritable \u00abB\u00eatise de Cambrai\u00bb de fabrication LIP, La C18 est n\u00e9e d\u2019une erreur de designer et correspond \u00e0 un boitier de T18 mis au carr\u00e9. Elle conserve le c\u00e9l\u00e8bre cadran \u00ab Churchill\u00bb et son double-soleillage horizontal\/vertical caract\u00e9ristique, ainsi que les aiguilles facett\u00e9es qui font le charme de son ain\u00e9e.<\/p>\n<p><strong>Une histoire fran\u00e7aise<\/strong><\/p>\n<p>La fabrication du calibre Type 18 d\u00e9butera en 1935 juste avant la guerre 39-45. Durant ce conflit, l&#8217;entreprise d\u00e9m\u00e9nage dans le centre de la France, puis au sud, \u00e0 Valence. \u00c0 la fin du conflit, <strong>LIP<\/strong> revient \u00e0 Besan\u00e7on et reconstruit son usine. La &#8220;T18&#8221; sort alors des ateliers. Calibre d&#8217;une grande modernit\u00e9 avec son petit compteur des secondes, un mod\u00e8le tout en or est offert \u00e0 Sir Winston Churchill en 1948.<\/p>\n<p><div class=\"alert alert_error\"><div class=\"alert_icon\"><svg viewBox=\"0 0 28 28\"><defs><style>.path{fill:none;stroke:#000;stroke-miterlimit:10;stroke-width:1.5px;}<\/style><\/defs><g><circle cx=\"14\" cy=\"20\" r=\"0.33\" class=\"path\"\/><line x1=\"14\" y1=\"8.72\" x2=\"14\" y2=\"16.72\" class=\"path\"\/><path d=\"M12.6,3.42,1.54,22.58A1.61,1.61,0,0,0,2.93,25H25.07a1.61,1.61,0,0,0,1.39-2.42L15.4,3.42A1.61,1.61,0,0,0,12.6,3.42Z\" class=\"path\"\/><\/g><\/svg><\/div><div class=\"alert_wrapper\">Le montant affich\u00e9 peut \u00eatre modifi\u00e9 par le fournisseur sans que nous en soyons inform\u00e9s. Une diff\u00e9rence entre le prix affich\u00e9 ici et en magasin reste possible.<\/div><a href=\"#\" class=\"close mfn-close-icon\"><span class=\"icon\">\u2715<\/span><\/a><\/div>\n<div class=\"alert alert_info\"><div class=\"alert_icon\"><svg viewBox=\"0 0 28 28\"><defs><style>.path{fill:none;stroke:#000;stroke-miterlimit:10;stroke-width:1.5px;}<\/style><\/defs><g><circle class=\"path\" cx=\"14\" cy=\"14\" r=\"12\"\/><path class=\"path\" d=\"M11.2,9.12a3.4,3.4,0,0,1,3-1.69,2.84,2.84,0,0,1,3,2.76,3.16,3.16,0,0,1-.84,2.23c-.63.74-1.58,1.18-2.19,1.88a1,1,0,0,0-.26.64v2.32\"\/><circle class=\"path\" cx=\"14\" cy=\"20\" r=\"0.33\"\/><\/g><\/svg><\/div><div class=\"alert_wrapper\">Faites vos demandes particuli\u00e8res ou passez votre commande via ce formulaire <\/div><a href=\"#\" class=\"close mfn-close-icon\"><span class=\"icon\">\u2715<\/span><\/a><\/div>\n <a class=\"button  button_size_3\" href=\"https:\/\/tempsetor.be\/galerie\/ma-commande\/\"     target=\"_blank\"    title=\"\"><span class=\"button_label\">&gt; Formulaire<\/span><\/a>\n<\/p>\n","protected":false},"featured_media":7091,"template":"","meta":{"_monsterinsights_skip_tracking":false,"_monsterinsights_sitenote_active":false,"_monsterinsights_sitenote_note":"","_monsterinsights_sitenote_category":0},"product_brand":[],"product_cat":[498,28,27],"product_tag":[],"class_list":{"0":"post-7089","1":"product","2":"type-product","3":"status-publish","4":"has-post-thumbnail","6":"product_cat-lip-dames","7":"product_cat-montres-dames","8":"product_cat-dames","10":"first","11":"instock","12":"shipping-taxable","13":"purchasable","14":"product-type-simple"},"_links":{"self":[{"href":"https:\/\/tempsetor.be\/galerie\/wp-json\/wp\/v2\/product\/7089","targetHints":{"allow":["GET"]}}],"collection":[{"href":"https:\/\/tempsetor.be\/galerie\/wp-json\/wp\/v2\/product"}],"about":[{"href":"https:\/\/tempsetor.be\/galerie\/wp-json\/wp\/v2\/types\/product"}],"wp:featuredmedia":[{"embeddable":true,"href":"https:\/\/tempsetor.be\/galerie\/wp-json\/wp\/v2\/media\/7091"}],"wp:attachment":[{"href":"https:\/\/tempsetor.be\/galerie\/wp-json\/wp\/v2\/media?parent=7089"}],"wp:term":[{"taxonomy":"product_brand","embeddable":true,"href":"https:\/\/tempsetor.be\/galerie\/wp-json\/wp\/v2\/product_brand?post=7089"},{"taxonomy":"product_cat","embeddable":true,"href":"https:\/\/tempsetor.be\/galerie\/wp-json\/wp\/v2\/product_cat?post=7089"},{"taxonomy":"product_tag","embeddable":true,"href":"https:\/\/tempsetor.be\/galerie\/wp-json\/wp\/v2\/product_tag?post=7089"}],"curies":[{"name":"wp","href":"https:\/\/api.w.org\/{rel}","templated":true}]}}