{"id":7131,"date":"2023-10-27T17:37:32","date_gmt":"2023-10-27T15:37:32","guid":{"rendered":"https:\/\/tempsetor.be\/galerie\/?post_type=product&#038;p=7131"},"modified":"2023-10-27T18:48:51","modified_gmt":"2023-10-27T16:48:51","slug":"montre-hommes-raidillon-chronographe-miles-c10-1007","status":"publish","type":"product","link":"https:\/\/tempsetor.be\/galerie\/produit\/montre-hommes-raidillon-chronographe-miles-c10-1007\/","title":{"rendered":"Montre hommes Raidillon &#8211; Chronographe &#8211; MILES &#8211; C10-1007"},"content":{"rendered":"<p>Ce mod\u00e8le de la collection Miles est un hommage aux anc\u00eatres du vintage et de l&#8217;automobile. 41 mm diam\u00e8tre. Bo\u00eetier en acier inoxydable bross\u00e9 316L. Verre saphir avec double traitement antireflet. Fond transparent. Couronne viss\u00e9e avec la gravure \u00ab55 \u00bb.Chronographe \u00e0 remontage automatique fabriqu\u00e9 en Suisse<\/p>\n","protected":false},"excerpt":{"rendered":"<p><img loading=\"lazy\" decoding=\"async\" class=\"size-full wp-image-2753 alignleft\" src=\"https:\/\/tempsetor.be\/galerie\/wp-content\/uploads\/2015\/04\/raidillon.jpg\" alt=\"\" width=\"150\" height=\"75\" srcset=\"https:\/\/tempsetor.be\/galerie\/wp-content\/uploads\/2015\/04\/raidillon.jpg 150w, https:\/\/tempsetor.be\/galerie\/wp-content\/uploads\/2015\/04\/raidillon-50x25.jpg 50w\" sizes=\"auto, (max-width:767px) 150px, 150px\" \/><\/p>\n<h2 class=\"product-single__vendor\">MONTRE AUTOMATIQUE CHRONOGRAPHE | MILES C10-1007<\/h2>\n<div class=\"product-single__description rte descr-min-height\">\n<p>Ce mod\u00e8le de la collection Miles est un hommage aux anc\u00eatres du vintage et de l&#8217;automobile.<\/p>\n<p>La combinaison de couleurs est un classique de l&#8217;automobile, tandis que les cadrans et les bandes ajoutent une touche de sportivit\u00e9 \u00e0 notre derni\u00e8re cr\u00e9ation, la Miles-C10-1007.<\/p>\n<p>Chronographe \u00e0 remontage automatique fabriqu\u00e9 en Suisse. Calibre SW500 fabriqu\u00e9 par le fabricant suisse de mouvements Sellita SA.<\/p>\n<\/div>\n<p>C&#8217;est sur le c\u00e9l\u00e8bre circuit belge de Spa Francorchamps que les premi\u00e8res montres <strong>Raidillon<\/strong> ont \u00e9t\u00e9 pr\u00e9sent\u00e9es en juin 2001.<\/p>\n<p>Au symbole Raidillon est assimil\u00e9 le nombre 55 relatif au nombre de voitures autoris\u00e9es autrefois \u00e0 aborder ce tournant l\u00e9gendaire du circuit de Spa-Francorchamps (niveau mondial FIA). Ainsi, tous les mod\u00e8les sont limit\u00e9s \u00e0 55 et sur chaque bo\u00eetier est grav\u00e9 le num\u00e9ro de s\u00e9rie de 0 \u00e0 55, ne comprenant jamais le num\u00e9ro 13, comme en course.<\/p>\n<p>D\u00e9j\u00e0 garanties 2 ans, la bijouterie <strong>Temps &amp; OR<\/strong> vous apporte une confiance suppl\u00e9mentaire pour ces produits. Selon vos besoins, ces montres peuvent \u00eatre \u00e9galement r\u00e9serv\u00e9es \u00e0 la bijouterie. La mise \u00e0 mesure offerte ainsi qu&#8217;un emballage cadeau vous y seront propos\u00e9s.<\/p>\n<p><div class=\"alert alert_error\"><div class=\"alert_icon\"><svg viewBox=\"0 0 28 28\"><defs><style>.path{fill:none;stroke:#000;stroke-miterlimit:10;stroke-width:1.5px;}<\/style><\/defs><g><circle cx=\"14\" cy=\"20\" r=\"0.33\" class=\"path\"\/><line x1=\"14\" y1=\"8.72\" x2=\"14\" y2=\"16.72\" class=\"path\"\/><path d=\"M12.6,3.42,1.54,22.58A1.61,1.61,0,0,0,2.93,25H25.07a1.61,1.61,0,0,0,1.39-2.42L15.4,3.42A1.61,1.61,0,0,0,12.6,3.42Z\" class=\"path\"\/><\/g><\/svg><\/div><div class=\"alert_wrapper\">Le montant affich\u00e9 peut \u00eatre modifi\u00e9 par le fournisseur sans que nous en soyons inform\u00e9s. Une diff\u00e9rence entre le prix affich\u00e9 ici et en magasin reste possible.<\/div><a href=\"#\" class=\"close mfn-close-icon\"><span class=\"icon\">\u2715<\/span><\/a><\/div>\n<div class=\"alert alert_info\"><div class=\"alert_icon\"><svg viewBox=\"0 0 28 28\"><defs><style>.path{fill:none;stroke:#000;stroke-miterlimit:10;stroke-width:1.5px;}<\/style><\/defs><g><circle class=\"path\" cx=\"14\" cy=\"14\" r=\"12\"\/><path class=\"path\" d=\"M11.2,9.12a3.4,3.4,0,0,1,3-1.69,2.84,2.84,0,0,1,3,2.76,3.16,3.16,0,0,1-.84,2.23c-.63.74-1.58,1.18-2.19,1.88a1,1,0,0,0-.26.64v2.32\"\/><circle class=\"path\" cx=\"14\" cy=\"20\" r=\"0.33\"\/><\/g><\/svg><\/div><div class=\"alert_wrapper\">Faites vos demandes particuli\u00e8res ou passez votre commande via ce formulaire <\/div><a href=\"#\" class=\"close mfn-close-icon\"><span class=\"icon\">\u2715<\/span><\/a><\/div>\n <a class=\"button  button_size_3\" href=\"https:\/\/tempsetor.be\/galerie\/ma-commande\/\"     target=\"_blank\"    title=\"\"><span class=\"button_label\">&gt; Formulaire<\/span><\/a>\n<\/p>\n","protected":false},"featured_media":7134,"template":"","meta":{"_monsterinsights_skip_tracking":false,"_monsterinsights_sitenote_active":false,"_monsterinsights_sitenote_note":"","_monsterinsights_sitenote_category":0},"product_brand":[],"product_cat":[40,39,69],"product_tag":[],"class_list":{"0":"post-7131","1":"product","2":"type-product","3":"status-publish","4":"has-post-thumbnail","6":"product_cat-montres-hommes","7":"product_cat-hommes","8":"product_cat-raidillon-hommes","10":"first","11":"instock","12":"shipping-taxable","13":"purchasable","14":"product-type-simple"},"_links":{"self":[{"href":"https:\/\/tempsetor.be\/galerie\/wp-json\/wp\/v2\/product\/7131","targetHints":{"allow":["GET"]}}],"collection":[{"href":"https:\/\/tempsetor.be\/galerie\/wp-json\/wp\/v2\/product"}],"about":[{"href":"https:\/\/tempsetor.be\/galerie\/wp-json\/wp\/v2\/types\/product"}],"wp:featuredmedia":[{"embeddable":true,"href":"https:\/\/tempsetor.be\/galerie\/wp-json\/wp\/v2\/media\/7134"}],"wp:attachment":[{"href":"https:\/\/tempsetor.be\/galerie\/wp-json\/wp\/v2\/media?parent=7131"}],"wp:term":[{"taxonomy":"product_brand","embeddable":true,"href":"https:\/\/tempsetor.be\/galerie\/wp-json\/wp\/v2\/product_brand?post=7131"},{"taxonomy":"product_cat","embeddable":true,"href":"https:\/\/tempsetor.be\/galerie\/wp-json\/wp\/v2\/product_cat?post=7131"},{"taxonomy":"product_tag","embeddable":true,"href":"https:\/\/tempsetor.be\/galerie\/wp-json\/wp\/v2\/product_tag?post=7131"}],"curies":[{"name":"wp","href":"https:\/\/api.w.org\/{rel}","templated":true}]}}