{"id":7248,"date":"2023-11-15T16:43:26","date_gmt":"2023-11-15T15:43:26","guid":{"rendered":"https:\/\/tempsetor.be\/galerie\/?post_type=product&#038;p=7248"},"modified":"2023-11-15T16:52:53","modified_gmt":"2023-11-15T15:52:53","slug":"montre-dames-guess-runamay-silver-tone-gw0603l1","status":"publish","type":"product","link":"https:\/\/tempsetor.be\/galerie\/produit\/montre-dames-guess-runamay-silver-tone-gw0603l1\/","title":{"rendered":"Montre dames Guess &#8211; Runamay &#8211; Silver Tone &#8211; GW0603L1"},"content":{"rendered":"<p>Diam\u00e8tre du bo\u00eetier : 20,8 mm &#8211; Finition du bo\u00eetier\u00a0:\u00a0polie &#8211; Mat\u00e9riau du bo\u00eetier : acier inoxydable &#8211; Forme du bo\u00eetier\u00a0:\u00a0Carr\u00e9 &#8211; Taille du bo\u00eetier\u00a0:\u00a0Petite &#8211; Lentille cristalline\u00a0: cristal min\u00e9ral &#8211; Couleur du cadran: argent &#8211; Largeur du bracelet et de l&#8217;entre-corne : 17,5 mm &#8211; R\u00e9sistance \u00e0 l&#8217;eau : 3ATM<\/p>\n","protected":false},"excerpt":{"rendered":"<p><img loading=\"lazy\" decoding=\"async\" class=\"size-full wp-image-6014 alignleft\" src=\"https:\/\/tempsetor.be\/galerie\/wp-content\/uploads\/2021\/10\/Guess-logo-120px.png\" alt=\"Guess logo\" width=\"120\" height=\"27\" srcset=\"https:\/\/tempsetor.be\/galerie\/wp-content\/uploads\/2021\/10\/Guess-logo-120px.png 120w, https:\/\/tempsetor.be\/galerie\/wp-content\/uploads\/2021\/10\/Guess-logo-120px-50x11.png 50w\" sizes=\"auto, (max-width:767px) 120px, 120px\" \/><\/p>\n<p>Un motif de cha\u00eene qui se poursuit \u00e9galement \u00e0 travers le cadran, le rendant sans couture. Il peut \u00eatre associ\u00e9 \u00e0 d&#8217;autres bracelets ou port\u00e9 seul pour un look global de cha\u00eene.<\/p>\n<p>La marque <strong>GUESS<\/strong>, est cr\u00e9\u00e9e en 1981 par les fr\u00e8res italiens, Marciano. Elle incarne, mondialement, l\u2019une des plus grandes r\u00e9ussites du secteur de la mode. \u00c0 travers ses collections branch\u00e9es, glamours et s\u00e9duisantes, GUESS symbolise un style de vie jeune et dynamique. Les montres GUESS sont \u00e0 la fois tendances et sophistiqu\u00e9es pour les femmes qui aiment la mode.<\/p>\n<p>D\u00e9j\u00e0 garanties 2 ans, le service apr\u00e8s-vente de la bijouterie <strong>Temps &amp; OR<\/strong> vous apporte une confiance suppl\u00e9mentaire pour ces produits. Selon vos besoins, ces montres peuvent \u00eatre \u00e9galement r\u00e9serv\u00e9es \u00e0 la bijouterie. La mise \u00e0 mesure offerte ainsi qu&#8217;un emballage cadeau vous y seront propos\u00e9s.<\/p>\n<p><div class=\"alert alert_error\"><div class=\"alert_icon\"><svg viewBox=\"0 0 28 28\"><defs><style>.path{fill:none;stroke:#000;stroke-miterlimit:10;stroke-width:1.5px;}<\/style><\/defs><g><circle cx=\"14\" cy=\"20\" r=\"0.33\" class=\"path\"\/><line x1=\"14\" y1=\"8.72\" x2=\"14\" y2=\"16.72\" class=\"path\"\/><path d=\"M12.6,3.42,1.54,22.58A1.61,1.61,0,0,0,2.93,25H25.07a1.61,1.61,0,0,0,1.39-2.42L15.4,3.42A1.61,1.61,0,0,0,12.6,3.42Z\" class=\"path\"\/><\/g><\/svg><\/div><div class=\"alert_wrapper\">Le montant affich\u00e9 peut \u00eatre modifi\u00e9 par le fournisseur sans que nous en soyons inform\u00e9s. Une diff\u00e9rence entre le prix affich\u00e9 ici et en magasin reste possible.<\/div><a href=\"#\" class=\"close mfn-close-icon\"><span class=\"icon\">\u2715<\/span><\/a><\/div>\n<div class=\"alert alert_info\"><div class=\"alert_icon\"><svg viewBox=\"0 0 28 28\"><defs><style>.path{fill:none;stroke:#000;stroke-miterlimit:10;stroke-width:1.5px;}<\/style><\/defs><g><circle class=\"path\" cx=\"14\" cy=\"14\" r=\"12\"\/><path class=\"path\" d=\"M11.2,9.12a3.4,3.4,0,0,1,3-1.69,2.84,2.84,0,0,1,3,2.76,3.16,3.16,0,0,1-.84,2.23c-.63.74-1.58,1.18-2.19,1.88a1,1,0,0,0-.26.64v2.32\"\/><circle class=\"path\" cx=\"14\" cy=\"20\" r=\"0.33\"\/><\/g><\/svg><\/div><div class=\"alert_wrapper\">Faites vos demandes particuli\u00e8res ou passez votre commande via ce formulaire <\/div><a href=\"#\" class=\"close mfn-close-icon\"><span class=\"icon\">\u2715<\/span><\/a><\/div>\n <a class=\"button  button_size_3\" href=\"https:\/\/tempsetor.be\/galerie\/ma-commande\/\"     target=\"_blank\"    title=\"\"><span class=\"button_label\">&gt; Formulaire<\/span><\/a>\n<\/p>\n","protected":false},"featured_media":7249,"template":"","meta":{"_monsterinsights_skip_tracking":false,"_monsterinsights_sitenote_active":false,"_monsterinsights_sitenote_note":"","_monsterinsights_sitenote_category":0},"product_brand":[],"product_cat":[1868,28,27],"product_tag":[],"class_list":{"0":"post-7248","1":"product","2":"type-product","3":"status-publish","4":"has-post-thumbnail","6":"product_cat-guess-dames","7":"product_cat-montres-dames","8":"product_cat-dames","10":"first","11":"instock","12":"shipping-taxable","13":"purchasable","14":"product-type-simple"},"_links":{"self":[{"href":"https:\/\/tempsetor.be\/galerie\/wp-json\/wp\/v2\/product\/7248","targetHints":{"allow":["GET"]}}],"collection":[{"href":"https:\/\/tempsetor.be\/galerie\/wp-json\/wp\/v2\/product"}],"about":[{"href":"https:\/\/tempsetor.be\/galerie\/wp-json\/wp\/v2\/types\/product"}],"wp:featuredmedia":[{"embeddable":true,"href":"https:\/\/tempsetor.be\/galerie\/wp-json\/wp\/v2\/media\/7249"}],"wp:attachment":[{"href":"https:\/\/tempsetor.be\/galerie\/wp-json\/wp\/v2\/media?parent=7248"}],"wp:term":[{"taxonomy":"product_brand","embeddable":true,"href":"https:\/\/tempsetor.be\/galerie\/wp-json\/wp\/v2\/product_brand?post=7248"},{"taxonomy":"product_cat","embeddable":true,"href":"https:\/\/tempsetor.be\/galerie\/wp-json\/wp\/v2\/product_cat?post=7248"},{"taxonomy":"product_tag","embeddable":true,"href":"https:\/\/tempsetor.be\/galerie\/wp-json\/wp\/v2\/product_tag?post=7248"}],"curies":[{"name":"wp","href":"https:\/\/api.w.org\/{rel}","templated":true}]}}