{"id":7379,"date":"2023-11-19T19:04:55","date_gmt":"2023-11-19T18:04:55","guid":{"rendered":"https:\/\/tempsetor.be\/galerie\/?post_type=product&#038;p=7379"},"modified":"2023-11-19T19:28:27","modified_gmt":"2023-11-19T18:28:27","slug":"montre-hommes-casio-g-shock-pro-master-of-g-mudman-gw-9500-1a4er","status":"publish","type":"product","link":"https:\/\/tempsetor.be\/galerie\/produit\/montre-hommes-casio-g-shock-pro-master-of-g-mudman-gw-9500-1a4er\/","title":{"rendered":"Montre hommes &#8211; Casio &#8211; G-SHOCK PRO &#8211; Master of G &#8211; MUDMAN &#8211; GW-9500-1A4ER"},"content":{"rendered":"<p>Fine mais puissante, cette MUDMAN offre une fonctionnalit\u00e9 compl\u00e8te dans une enveloppe remarquable compos\u00e9e d&#8217;une combinaison complexe de composants. La boussole num\u00e9rique est plus pratique que jamais gr\u00e2ce \u00e0 l&#8217;\u00e9cran LCD double couche, qui affiche les graphiques de la boussole sur la couche sup\u00e9rieure et l&#8217;heure, ainsi que d&#8217;autres relev\u00e9s, sur la couche inf\u00e9rieure.<\/p>\n","protected":false},"excerpt":{"rendered":"<p><img loading=\"lazy\" decoding=\"async\" class=\"wp-image-4183 size-full alignleft\" src=\"https:\/\/tempsetor.be\/galerie\/wp-content\/uploads\/2018\/11\/casio-logo.png\" alt=\"casio logo\" width=\"150\" height=\"30\" srcset=\"https:\/\/tempsetor.be\/galerie\/wp-content\/uploads\/2018\/11\/casio-logo.png 150w, https:\/\/tempsetor.be\/galerie\/wp-content\/uploads\/2018\/11\/casio-logo-50x10.png 50w\" sizes=\"auto, (max-width:767px) 150px, 150px\" \/><\/p>\n<p>La gamme de montres G-SHOCK Master of G, con\u00e7ue pour les professionnels travaillant dans les environnements les plus difficiles, introduit la MUDMAN \u00e0 triple capteur avec une construction r\u00e9sistante \u00e0 la boue. Le grand bouton avant facile \u00e0 utiliser et les trois boutons de capteur direct sur le c\u00f4t\u00e9 sont con\u00e7us pour \u00e9vacuer la boue et l&#8217;eau et sont prot\u00e9g\u00e9s par des composants cylindriques en acier inoxydable. Les tiges des boutons sont \u00e9quip\u00e9es de joints pour emp\u00eacher la boue et la poussi\u00e8re de p\u00e9n\u00e9trer, afin que vous puissiez affronter les terrains les plus difficiles.<\/p>\n<p>D\u00e9j\u00e0 garanties 2 ans, le service apr\u00e8s-vente de la bijouterie <strong>Temps &amp; OR<\/strong> vous apporte une confiance suppl\u00e9mentaire pour ces produits. Selon vos besoins, ces montres peuvent \u00eatre \u00e9galement r\u00e9serv\u00e9es \u00e0 la bijouterie. La mise \u00e0 mesure offerte ainsi qu&#8217;un emballage cadeau vous y seront propos\u00e9s.<\/p>\n<p>Le design audacieux comprend un \u00e9cran LCD double couche, ainsi qu&#8217;un triple capteur qui fournit des relev\u00e9s d&#8217;altitude, d&#8217;orientation, de temp\u00e9rature et de pression barom\u00e9trique directement \u00e0 votre poignet. Gr\u00e2ce au module fin et \u00e0 la structure Carbon Core Guard, toutes ces fonctionnalit\u00e9s sont r\u00e9unies dans une montre plus fine et plus compacte, robuste, r\u00e9sistante et extr\u00eamement confortable.<\/p>\n<p><div class=\"alert alert_error\"><div class=\"alert_icon\"><svg viewBox=\"0 0 28 28\"><defs><style>.path{fill:none;stroke:#000;stroke-miterlimit:10;stroke-width:1.5px;}<\/style><\/defs><g><circle cx=\"14\" cy=\"20\" r=\"0.33\" class=\"path\"\/><line x1=\"14\" y1=\"8.72\" x2=\"14\" y2=\"16.72\" class=\"path\"\/><path d=\"M12.6,3.42,1.54,22.58A1.61,1.61,0,0,0,2.93,25H25.07a1.61,1.61,0,0,0,1.39-2.42L15.4,3.42A1.61,1.61,0,0,0,12.6,3.42Z\" class=\"path\"\/><\/g><\/svg><\/div><div class=\"alert_wrapper\">Le montant affich\u00e9 peut \u00eatre modifi\u00e9 par le fournisseur sans que nous en soyons inform\u00e9s. Une diff\u00e9rence entre le prix affich\u00e9 ici et en magasin reste possible.<\/div><a href=\"#\" class=\"close mfn-close-icon\"><span class=\"icon\">\u2715<\/span><\/a><\/div>\n<div class=\"alert alert_info\"><div class=\"alert_icon\"><svg viewBox=\"0 0 28 28\"><defs><style>.path{fill:none;stroke:#000;stroke-miterlimit:10;stroke-width:1.5px;}<\/style><\/defs><g><circle class=\"path\" cx=\"14\" cy=\"14\" r=\"12\"\/><path class=\"path\" d=\"M11.2,9.12a3.4,3.4,0,0,1,3-1.69,2.84,2.84,0,0,1,3,2.76,3.16,3.16,0,0,1-.84,2.23c-.63.74-1.58,1.18-2.19,1.88a1,1,0,0,0-.26.64v2.32\"\/><circle class=\"path\" cx=\"14\" cy=\"20\" r=\"0.33\"\/><\/g><\/svg><\/div><div class=\"alert_wrapper\">Faites vos demandes particuli\u00e8res ou passez votre commande via ce formulaire <\/div><a href=\"#\" class=\"close mfn-close-icon\"><span class=\"icon\">\u2715<\/span><\/a><\/div>\n <a class=\"button  button_size_3\" href=\"https:\/\/tempsetor.be\/galerie\/ma-commande\/\"     target=\"_blank\"    title=\"\"><span class=\"button_label\">&gt; Formulaire<\/span><\/a>\n<\/p>\n","protected":false},"featured_media":7380,"template":"","meta":{"_monsterinsights_skip_tracking":false,"_monsterinsights_sitenote_active":false,"_monsterinsights_sitenote_note":"","_monsterinsights_sitenote_category":0},"product_brand":[],"product_cat":[2056,40,39],"product_tag":[],"class_list":{"0":"post-7379","1":"product","2":"type-product","3":"status-publish","4":"has-post-thumbnail","6":"product_cat-casio-g-shock-pro-homme-montre","7":"product_cat-montres-hommes","8":"product_cat-hommes","10":"first","11":"instock","12":"shipping-taxable","13":"purchasable","14":"product-type-simple"},"_links":{"self":[{"href":"https:\/\/tempsetor.be\/galerie\/wp-json\/wp\/v2\/product\/7379","targetHints":{"allow":["GET"]}}],"collection":[{"href":"https:\/\/tempsetor.be\/galerie\/wp-json\/wp\/v2\/product"}],"about":[{"href":"https:\/\/tempsetor.be\/galerie\/wp-json\/wp\/v2\/types\/product"}],"wp:featuredmedia":[{"embeddable":true,"href":"https:\/\/tempsetor.be\/galerie\/wp-json\/wp\/v2\/media\/7380"}],"wp:attachment":[{"href":"https:\/\/tempsetor.be\/galerie\/wp-json\/wp\/v2\/media?parent=7379"}],"wp:term":[{"taxonomy":"product_brand","embeddable":true,"href":"https:\/\/tempsetor.be\/galerie\/wp-json\/wp\/v2\/product_brand?post=7379"},{"taxonomy":"product_cat","embeddable":true,"href":"https:\/\/tempsetor.be\/galerie\/wp-json\/wp\/v2\/product_cat?post=7379"},{"taxonomy":"product_tag","embeddable":true,"href":"https:\/\/tempsetor.be\/galerie\/wp-json\/wp\/v2\/product_tag?post=7379"}],"curies":[{"name":"wp","href":"https:\/\/api.w.org\/{rel}","templated":true}]}}