{"id":7440,"date":"2023-11-25T23:10:42","date_gmt":"2023-11-25T22:10:42","guid":{"rendered":"https:\/\/tempsetor.be\/galerie\/?post_type=product&#038;p=7440"},"modified":"2023-11-25T23:17:15","modified_gmt":"2023-11-25T22:17:15","slug":"montre-hommes-bulova-jet-star-96b415","status":"publish","type":"product","link":"https:\/\/tempsetor.be\/galerie\/produit\/montre-hommes-bulova-jet-star-96b415\/","title":{"rendered":"Montre hommes Bulova &#8211; Jet Star &#8211; 96B415"},"content":{"rendered":"<p>Le look est compl\u00e9t\u00e9 par un bracelet en acier inoxydable. Style l\u00e9gendaire avec le Bulova 1973 Jet Star \u00ab F \u00bb de haut vol, un design recr\u00e9\u00e9 pour le connaisseur moderne.<\/p>\n","protected":false},"excerpt":{"rendered":"<p><img loading=\"lazy\" decoding=\"async\" class=\"wp-image-4746 size-full alignleft\" src=\"https:\/\/tempsetor.be\/galerie\/wp-content\/uploads\/2019\/07\/Bulova-150px.png\" alt=\"Bulova logo\" width=\"150\" height=\"28\" srcset=\"https:\/\/tempsetor.be\/galerie\/wp-content\/uploads\/2019\/07\/Bulova-150px.png 150w, https:\/\/tempsetor.be\/galerie\/wp-content\/uploads\/2019\/07\/Bulova-150px-50x9.png 50w\" sizes=\"auto, (max-width:767px) 150px, 150px\" \/><\/p>\n<p>Tout droit sortie des ann\u00e9es 1970, la Bulova 1973 Jet Star \u00ab F \u00bb, un mod\u00e8le embl\u00e9matique de l\u2019histoire impressionnante de la marque, est d\u00e9sormais \u00e9quip\u00e9e d\u2019un mouvement tout aussi impressionnant. Empruntant \u00e0 son anc\u00eatre historique, le bo\u00eetier en acier inoxydable pr\u00e9sente un design angulaire saisissant avec de larges facettes et un verre saphir bomb\u00e9. L&#8217;\u00e9l\u00e9gant cadran gris soleill\u00e9 est accentu\u00e9 par des aiguilles dor\u00e9es pour un look distingu\u00e9.<\/p>\n<p>Des trac\u00e9s luminescents \u00e0 chaque heure et des aiguilles pleines permettent une lisibilit\u00e9 exceptionnelle dans tous les environnements, tandis qu&#8217;un affichage de la date se trouve parfaitement \u00e0 3 heures. La Jet Star est aliment\u00e9e par le mouvement Precisionist de Bulova, un m\u00e9canisme \u00e0 quartz r\u00e9volutionnaire \u00e0 8 rubis vibrant \u00e0 une fr\u00e9quence remarquable de 262 kHz, pr\u00e9cis \u00e0 5 secondes par mois avec une r\u00e9sistance accrue aux changements de temp\u00e9rature et avec une aiguille des secondes rapide.<\/p>\n<p>D\u00e9j\u00e0 garanties 2 ans, le service apr\u00e8s-vente de la bijouterie <strong>Temps &amp; OR<\/strong> vous apporte une confiance suppl\u00e9mentaire pour ces produits. Selon vos besoins, ces montres peuvent \u00eatre \u00e9galement r\u00e9serv\u00e9es \u00e0 la bijouterie. La mise \u00e0 mesure offerte ainsi qu&#8217;un emballage cadeau vous y seront propos\u00e9s.<\/p>\n<p><div class=\"alert alert_error\"><div class=\"alert_icon\"><svg viewBox=\"0 0 28 28\"><defs><style>.path{fill:none;stroke:#000;stroke-miterlimit:10;stroke-width:1.5px;}<\/style><\/defs><g><circle cx=\"14\" cy=\"20\" r=\"0.33\" class=\"path\"\/><line x1=\"14\" y1=\"8.72\" x2=\"14\" y2=\"16.72\" class=\"path\"\/><path d=\"M12.6,3.42,1.54,22.58A1.61,1.61,0,0,0,2.93,25H25.07a1.61,1.61,0,0,0,1.39-2.42L15.4,3.42A1.61,1.61,0,0,0,12.6,3.42Z\" class=\"path\"\/><\/g><\/svg><\/div><div class=\"alert_wrapper\">Le montant affich\u00e9 peut \u00eatre modifi\u00e9 par le fournisseur sans que nous en soyons inform\u00e9s. Une diff\u00e9rence entre le prix affich\u00e9 ici et en magasin reste possible.<\/div><a href=\"#\" class=\"close mfn-close-icon\"><span class=\"icon\">\u2715<\/span><\/a><\/div>\n<div class=\"alert alert_info\"><div class=\"alert_icon\"><svg viewBox=\"0 0 28 28\"><defs><style>.path{fill:none;stroke:#000;stroke-miterlimit:10;stroke-width:1.5px;}<\/style><\/defs><g><circle class=\"path\" cx=\"14\" cy=\"14\" r=\"12\"\/><path class=\"path\" d=\"M11.2,9.12a3.4,3.4,0,0,1,3-1.69,2.84,2.84,0,0,1,3,2.76,3.16,3.16,0,0,1-.84,2.23c-.63.74-1.58,1.18-2.19,1.88a1,1,0,0,0-.26.64v2.32\"\/><circle class=\"path\" cx=\"14\" cy=\"20\" r=\"0.33\"\/><\/g><\/svg><\/div><div class=\"alert_wrapper\">Faites vos demandes particuli\u00e8res ou passez votre commande via ce formulaire <\/div><a href=\"#\" class=\"close mfn-close-icon\"><span class=\"icon\">\u2715<\/span><\/a><\/div>\n <a class=\"button  button_size_3\" href=\"https:\/\/tempsetor.be\/galerie\/ma-commande\/\"     target=\"_blank\"    title=\"\"><span class=\"button_label\">&gt; Formulaire<\/span><\/a>\n<\/p>\n","protected":false},"featured_media":7442,"template":"","meta":{"_monsterinsights_skip_tracking":false,"_monsterinsights_sitenote_active":false,"_monsterinsights_sitenote_note":"","_monsterinsights_sitenote_category":0},"product_brand":[],"product_cat":[1216,40,39],"product_tag":[],"class_list":{"0":"post-7440","1":"product","2":"type-product","3":"status-publish","4":"has-post-thumbnail","6":"product_cat-bulova-hommes","7":"product_cat-montres-hommes","8":"product_cat-hommes","10":"first","11":"instock","12":"shipping-taxable","13":"purchasable","14":"product-type-simple"},"_links":{"self":[{"href":"https:\/\/tempsetor.be\/galerie\/wp-json\/wp\/v2\/product\/7440","targetHints":{"allow":["GET"]}}],"collection":[{"href":"https:\/\/tempsetor.be\/galerie\/wp-json\/wp\/v2\/product"}],"about":[{"href":"https:\/\/tempsetor.be\/galerie\/wp-json\/wp\/v2\/types\/product"}],"wp:featuredmedia":[{"embeddable":true,"href":"https:\/\/tempsetor.be\/galerie\/wp-json\/wp\/v2\/media\/7442"}],"wp:attachment":[{"href":"https:\/\/tempsetor.be\/galerie\/wp-json\/wp\/v2\/media?parent=7440"}],"wp:term":[{"taxonomy":"product_brand","embeddable":true,"href":"https:\/\/tempsetor.be\/galerie\/wp-json\/wp\/v2\/product_brand?post=7440"},{"taxonomy":"product_cat","embeddable":true,"href":"https:\/\/tempsetor.be\/galerie\/wp-json\/wp\/v2\/product_cat?post=7440"},{"taxonomy":"product_tag","embeddable":true,"href":"https:\/\/tempsetor.be\/galerie\/wp-json\/wp\/v2\/product_tag?post=7440"}],"curies":[{"name":"wp","href":"https:\/\/api.w.org\/{rel}","templated":true}]}}