{"id":7502,"date":"2023-12-19T22:28:06","date_gmt":"2023-12-19T21:28:06","guid":{"rendered":"https:\/\/tempsetor.be\/galerie\/?post_type=product&#038;p=7502"},"modified":"2023-12-19T22:35:51","modified_gmt":"2023-12-19T21:35:51","slug":"montre-hommes-bulova-oceanographer-gmt-97b215","status":"publish","type":"product","link":"https:\/\/tempsetor.be\/galerie\/produit\/montre-hommes-bulova-oceanographer-gmt-97b215\/","title":{"rendered":"Montre hommes Bulova &#8211; Oceanographer GMT &#8211; 97B215"},"content":{"rendered":"<p>Cette nouvelle Bulova Oceanographer GMT pour hommes apporte un nouveau look et de nouvelles fonctionnalit\u00e9s au l\u00e9gendaire design Bulova.<\/p>\n","protected":false},"excerpt":{"rendered":"<p><img loading=\"lazy\" decoding=\"async\" class=\"wp-image-4746 size-full alignleft\" src=\"https:\/\/tempsetor.be\/galerie\/wp-content\/uploads\/2019\/07\/Bulova-150px.png\" alt=\"Bulova logo\" width=\"150\" height=\"28\" srcset=\"https:\/\/tempsetor.be\/galerie\/wp-content\/uploads\/2019\/07\/Bulova-150px.png 150w, https:\/\/tempsetor.be\/galerie\/wp-content\/uploads\/2019\/07\/Bulova-150px-50x9.png 50w\" sizes=\"auto, (max-width:767px) 150px, 150px\" \/><\/p>\n<p>Cette nouvelle Bulova Oceanographer GMT pour hommes apporte un nouveau look et de nouvelles fonctionnalit\u00e9s au l\u00e9gendaire design Bulova. Le bo\u00eetier en acier inoxydable de couleur or rose pr\u00e9sente une silhouette incurv\u00e9e, un verre saphir, une lunette bidirectionnelle rotative bicolore \u00ab Root Beer \u00bb de 24 heures et une couronne viss\u00e9e offrant une \u00e9tanch\u00e9it\u00e9 de 200 m. Un cadran noir vif est accentu\u00e9 par des touches de bon go\u00fbt de couleur or rose, avec des index luminescents appliqu\u00e9s, des aiguilles audacieuses comprenant une aiguille de 24 heures et dot\u00e9es d&#8217;une peinture luminescente, et un affichage de la date.<\/p>\n<p>Une aiguille des heures r\u00e9gl\u00e9e ind\u00e9pendamment permet un r\u00e9glage facile de l&#8217;heure locale. L&#8217;Oc\u00e9anographe GMT est anim\u00e9e par un mouvement GMT \u00e0 remontage automatique dot\u00e9 de 24 rubis et d&#8217;une r\u00e9serve de marche de 42 heures, prot\u00e9g\u00e9 par un fond viss\u00e9. Associ\u00e9 \u00e0 un bracelet \u00e0 trois maillons assorti avec une boucle d\u00e9ployante sport.<\/p>\n<p>O\u00f9 que vous alliez, quoi que vous fassiez, la Bulova Oceanographer GMT pour hommes veillera \u00e0 ce que vous le fassiez avec style.<\/p>\n<p>D\u00e9j\u00e0 garanties 2 ans, le service apr\u00e8s-vente de la bijouterie <strong>Temps &amp; OR<\/strong> vous apporte une confiance suppl\u00e9mentaire pour ces produits. Selon vos besoins, ces montres peuvent \u00eatre \u00e9galement r\u00e9serv\u00e9es \u00e0 la bijouterie. La mise \u00e0 mesure offerte ainsi qu&#8217;un emballage cadeau vous y seront propos\u00e9s.<\/p>\n<p><div class=\"alert alert_error\"><div class=\"alert_icon\"><svg viewBox=\"0 0 28 28\"><defs><style>.path{fill:none;stroke:#000;stroke-miterlimit:10;stroke-width:1.5px;}<\/style><\/defs><g><circle cx=\"14\" cy=\"20\" r=\"0.33\" class=\"path\"\/><line x1=\"14\" y1=\"8.72\" x2=\"14\" y2=\"16.72\" class=\"path\"\/><path d=\"M12.6,3.42,1.54,22.58A1.61,1.61,0,0,0,2.93,25H25.07a1.61,1.61,0,0,0,1.39-2.42L15.4,3.42A1.61,1.61,0,0,0,12.6,3.42Z\" class=\"path\"\/><\/g><\/svg><\/div><div class=\"alert_wrapper\">Le montant affich\u00e9 peut \u00eatre modifi\u00e9 par le fournisseur sans que nous en soyons inform\u00e9s. Une diff\u00e9rence entre le prix affich\u00e9 ici et en magasin reste possible.<\/div><a href=\"#\" class=\"close mfn-close-icon\"><span class=\"icon\">\u2715<\/span><\/a><\/div>\n<div class=\"alert alert_info\"><div class=\"alert_icon\"><svg viewBox=\"0 0 28 28\"><defs><style>.path{fill:none;stroke:#000;stroke-miterlimit:10;stroke-width:1.5px;}<\/style><\/defs><g><circle class=\"path\" cx=\"14\" cy=\"14\" r=\"12\"\/><path class=\"path\" d=\"M11.2,9.12a3.4,3.4,0,0,1,3-1.69,2.84,2.84,0,0,1,3,2.76,3.16,3.16,0,0,1-.84,2.23c-.63.74-1.58,1.18-2.19,1.88a1,1,0,0,0-.26.64v2.32\"\/><circle class=\"path\" cx=\"14\" cy=\"20\" r=\"0.33\"\/><\/g><\/svg><\/div><div class=\"alert_wrapper\">Faites vos demandes particuli\u00e8res ou passez votre commande via ce formulaire <\/div><a href=\"#\" class=\"close mfn-close-icon\"><span class=\"icon\">\u2715<\/span><\/a><\/div>\n <a class=\"button  button_size_3\" href=\"https:\/\/tempsetor.be\/galerie\/ma-commande\/\"     target=\"_blank\"    title=\"\"><span class=\"button_label\">&gt; Formulaire<\/span><\/a>\n<\/p>\n","protected":false},"featured_media":7503,"template":"","meta":{"_monsterinsights_skip_tracking":false,"_monsterinsights_sitenote_active":false,"_monsterinsights_sitenote_note":"","_monsterinsights_sitenote_category":0},"product_brand":[],"product_cat":[1216,40,39],"product_tag":[],"class_list":{"0":"post-7502","1":"product","2":"type-product","3":"status-publish","4":"has-post-thumbnail","6":"product_cat-bulova-hommes","7":"product_cat-montres-hommes","8":"product_cat-hommes","10":"first","11":"instock","12":"shipping-taxable","13":"purchasable","14":"product-type-simple"},"_links":{"self":[{"href":"https:\/\/tempsetor.be\/galerie\/wp-json\/wp\/v2\/product\/7502","targetHints":{"allow":["GET"]}}],"collection":[{"href":"https:\/\/tempsetor.be\/galerie\/wp-json\/wp\/v2\/product"}],"about":[{"href":"https:\/\/tempsetor.be\/galerie\/wp-json\/wp\/v2\/types\/product"}],"wp:featuredmedia":[{"embeddable":true,"href":"https:\/\/tempsetor.be\/galerie\/wp-json\/wp\/v2\/media\/7503"}],"wp:attachment":[{"href":"https:\/\/tempsetor.be\/galerie\/wp-json\/wp\/v2\/media?parent=7502"}],"wp:term":[{"taxonomy":"product_brand","embeddable":true,"href":"https:\/\/tempsetor.be\/galerie\/wp-json\/wp\/v2\/product_brand?post=7502"},{"taxonomy":"product_cat","embeddable":true,"href":"https:\/\/tempsetor.be\/galerie\/wp-json\/wp\/v2\/product_cat?post=7502"},{"taxonomy":"product_tag","embeddable":true,"href":"https:\/\/tempsetor.be\/galerie\/wp-json\/wp\/v2\/product_tag?post=7502"}],"curies":[{"name":"wp","href":"https:\/\/api.w.org\/{rel}","templated":true}]}}