{"id":7504,"date":"2023-12-23T15:13:26","date_gmt":"2023-12-23T14:13:26","guid":{"rendered":"https:\/\/tempsetor.be\/galerie\/?post_type=product&#038;p=7504"},"modified":"2025-11-19T21:40:16","modified_gmt":"2025-11-19T20:40:16","slug":"montre-hommes-boss-elite-1513954","status":"publish","type":"product","link":"https:\/\/tempsetor.be\/galerie\/produit\/montre-hommes-boss-elite-1513954\/","title":{"rendered":"Montre hommes &#8211; Boss &#8211; Elite &#8211; 1513954"},"content":{"rendered":"<p>Cette montre Hugo Boss a un bo\u00eetier Inox 41 mm en diam\u00e8tre et est \u00e9quip\u00e9e d&#8217;un bracelet cuir. Le bo\u00eetier contient un mouvement Seiko Instruments Inc. et la montre est dot\u00e9e d&#8217;un cristal Min\u00e9ral<\/p>\n","protected":false},"excerpt":{"rendered":"<p><img loading=\"lazy\" decoding=\"async\" class=\"alignleft size-full wp-image-3176\" src=\"https:\/\/tempsetor.be\/galerie\/wp-content\/uploads\/2017\/12\/Hugo-Boss-logo-e1512852406736.jpg\" alt=\"logo Hugo Boss\" width=\"151\" height=\"60\" \/><\/p>\n<p>Les montres du designer allemand Hugo Boss sont synonymes de qualit\u00e9, d&#8217;\u00e9l\u00e9gance et de go\u00fbt raffin\u00e9.<\/p>\n<p>Depuis 1924, la marque Hugo Boss est connue comme une marque de mode qui incarne la classe et l&#8217;\u00e9l\u00e9gance.\u00a0En plus de la ligne de v\u00eatements tr\u00e8s r\u00e9ussie, ils proposent \u00e9galement de belles montres.<\/p>\n<p>D\u00e9couvrez l&#8217;\u00e9l\u00e9gance intemporelle et le savoir-faire raffin\u00e9 des montres <strong>Boss<\/strong> pour hommes. Depuis ses modestes d\u00e9buts en tant que marque de mode allemande, Boss s&#8217;est hiss\u00e9 dans le monde du luxe, devenant un symbole de style et de sophistication. Chaque montre incarne la fusion parfaite de l&#8217;esth\u00e9tique contemporaine et de la pr\u00e9cision horlog\u00e8re, refl\u00e9tant l&#8217;esprit moderne de l&#8217;homme d&#8217;aujourd&#8217;hui. Que vous cherchiez une montre classique, une pi\u00e8ce sportive ou un bijou \u00e9l\u00e9gant pour compl\u00e9ter votre tenue, notre galerie exclusive pr\u00e9sente une s\u00e9lection soigneusement choisie de montres Boss qui r\u00e9pondront \u00e0 toutes vos exigences. Laissez-vous donc s\u00e9duire par l&#8217;allure intemporelle des montres Boss pour hommes.<\/p>\n<p>D\u00e9j\u00e0 garanties 2 ans, le service apr\u00e8s-vente de la bijouterie <strong>Temps &amp; OR<\/strong> vous apporte une confiance suppl\u00e9mentaire pour ces produits. Selon vos besoins, ces montres peuvent \u00eatre \u00e9galement r\u00e9serv\u00e9es \u00e0 la bijouterie. La mise \u00e0 mesure offerte ainsi qu&#8217;un emballage cadeau vous y seront propos\u00e9s.<\/p>\n<p><div class=\"alert alert_error\"><div class=\"alert_icon\"><svg viewBox=\"0 0 28 28\"><defs><style>.path{fill:none;stroke:#000;stroke-miterlimit:10;stroke-width:1.5px;}<\/style><\/defs><g><circle cx=\"14\" cy=\"20\" r=\"0.33\" class=\"path\"\/><line x1=\"14\" y1=\"8.72\" x2=\"14\" y2=\"16.72\" class=\"path\"\/><path d=\"M12.6,3.42,1.54,22.58A1.61,1.61,0,0,0,2.93,25H25.07a1.61,1.61,0,0,0,1.39-2.42L15.4,3.42A1.61,1.61,0,0,0,12.6,3.42Z\" class=\"path\"\/><\/g><\/svg><\/div><div class=\"alert_wrapper\">Le montant affich\u00e9 peut \u00eatre modifi\u00e9 par le fournisseur sans que nous en soyons inform\u00e9s. Une diff\u00e9rence entre le prix affich\u00e9 ici et en magasin reste possible.<\/div><a href=\"#\" class=\"close mfn-close-icon\"><span class=\"icon\">\u2715<\/span><\/a><\/div>\n<div class=\"alert alert_info\"><div class=\"alert_icon\"><svg viewBox=\"0 0 28 28\"><defs><style>.path{fill:none;stroke:#000;stroke-miterlimit:10;stroke-width:1.5px;}<\/style><\/defs><g><circle class=\"path\" cx=\"14\" cy=\"14\" r=\"12\"\/><path class=\"path\" d=\"M11.2,9.12a3.4,3.4,0,0,1,3-1.69,2.84,2.84,0,0,1,3,2.76,3.16,3.16,0,0,1-.84,2.23c-.63.74-1.58,1.18-2.19,1.88a1,1,0,0,0-.26.64v2.32\"\/><circle class=\"path\" cx=\"14\" cy=\"20\" r=\"0.33\"\/><\/g><\/svg><\/div><div class=\"alert_wrapper\">Faites vos demandes particuli\u00e8res ou passez votre commande via ce formulaire <\/div><a href=\"#\" class=\"close mfn-close-icon\"><span class=\"icon\">\u2715<\/span><\/a><\/div>\n <a class=\"button  button_size_3\" href=\"https:\/\/tempsetor.be\/galerie\/ma-commande\/\"     target=\"_blank\"    title=\"\"><span class=\"button_label\">&gt; Formulaire<\/span><\/a>\n<\/p>\n","protected":false},"featured_media":7505,"template":"","meta":{"_monsterinsights_skip_tracking":false,"_monsterinsights_sitenote_active":false,"_monsterinsights_sitenote_note":"","_monsterinsights_sitenote_category":0},"product_brand":[],"product_cat":[64,40,39],"product_tag":[],"class_list":{"0":"post-7504","1":"product","2":"type-product","3":"status-publish","4":"has-post-thumbnail","6":"product_cat-boss-hommes","7":"product_cat-montres-hommes","8":"product_cat-hommes","10":"first","11":"instock","12":"shipping-taxable","13":"purchasable","14":"product-type-simple"},"_links":{"self":[{"href":"https:\/\/tempsetor.be\/galerie\/wp-json\/wp\/v2\/product\/7504","targetHints":{"allow":["GET"]}}],"collection":[{"href":"https:\/\/tempsetor.be\/galerie\/wp-json\/wp\/v2\/product"}],"about":[{"href":"https:\/\/tempsetor.be\/galerie\/wp-json\/wp\/v2\/types\/product"}],"wp:featuredmedia":[{"embeddable":true,"href":"https:\/\/tempsetor.be\/galerie\/wp-json\/wp\/v2\/media\/7505"}],"wp:attachment":[{"href":"https:\/\/tempsetor.be\/galerie\/wp-json\/wp\/v2\/media?parent=7504"}],"wp:term":[{"taxonomy":"product_brand","embeddable":true,"href":"https:\/\/tempsetor.be\/galerie\/wp-json\/wp\/v2\/product_brand?post=7504"},{"taxonomy":"product_cat","embeddable":true,"href":"https:\/\/tempsetor.be\/galerie\/wp-json\/wp\/v2\/product_cat?post=7504"},{"taxonomy":"product_tag","embeddable":true,"href":"https:\/\/tempsetor.be\/galerie\/wp-json\/wp\/v2\/product_tag?post=7504"}],"curies":[{"name":"wp","href":"https:\/\/api.w.org\/{rel}","templated":true}]}}