{"id":7524,"date":"2024-01-30T16:16:00","date_gmt":"2024-01-30T15:16:00","guid":{"rendered":"https:\/\/tempsetor.be\/galerie\/?post_type=product&#038;p=7524"},"modified":"2024-01-30T17:12:30","modified_gmt":"2024-01-30T16:12:30","slug":"montre-dames-balmain-haute-elegance-vintage-b8134-42-12","status":"publish","type":"product","link":"https:\/\/tempsetor.be\/galerie\/produit\/montre-dames-balmain-haute-elegance-vintage-b8134-42-12\/","title":{"rendered":"Montre dames Balmain &#8211; Haute Elegance Vintage &#8211; B8134.42.12"},"content":{"rendered":"<p class=\"Textbody\">Monsieur <strong>Pierre Balmain<\/strong> a \u00e9t\u00e9 l&#8217;une des figures marquantes de la Haute Couture parisienne. Il a habill\u00e9 des femmes d&#8217;exception qui ont compt\u00e9 dans leur \u00e9poque, qu&#8217;elles soient reines ou princesses, qu&#8217;elles soient stars de cin\u00e9ma ou de th\u00e9\u00e2tre.<\/p>\n","protected":false},"excerpt":{"rendered":"<p><img loading=\"lazy\" decoding=\"async\" class=\"size-full wp-image-4932 alignleft\" src=\"https:\/\/www.tempsetor.be\/galerie\/wp-content\/uploads\/2019\/12\/balmain-logo-e1575617935991.png\" alt=\"\" width=\"151\" height=\"44\" \/><\/p>\n<p>Monsieur <strong>Pierre Balmain<\/strong> a propag\u00e9 dans le monde entier l&#8217;id\u00e9e du luxe \u00e0 la fran\u00e7aise. &#8220;Les Arabesques&#8221; ont \u00e9t\u00e9, pour ce g\u00e9nie de la cr\u00e9ation, au c\u0153ur profond de son inspiration. Lorsqu&#8217;en 1987, nous avons re\u00e7u la tr\u00e8s d\u00e9licate mission de cr\u00e9er et d\u00e9velopper <strong>les Montres Balmain<\/strong>, il s&#8217;est impos\u00e9 comme une \u00e9vidence que le c\u00e9l\u00e8bre motif &#8220;Arabesques&#8221; et &#8220;l&#8217;\u00e9l\u00e9gance&#8221; devaient \u00eatre l&#8217;\u00e2me de nos garde-temps afin qu&#8217;ils soient dignes de porter cette prestigieuse signature. C&#8217;est ainsi qu&#8217;ann\u00e9e apr\u00e8s ann\u00e9e, les cadrans &#8220;Arabesques&#8221; ont toujours \u00e9t\u00e9 au c\u0153ur des cr\u00e9ations des Montres <strong>Balmain<\/strong>.<\/p>\n<p>D\u00e9j\u00e0 garanties 2 ans, le service apr\u00e8s vente de la bijouterie <strong>Temps &amp; OR<\/strong> vous apporte une confiance suppl\u00e9mentaire pour ces produits. Selon vos besoins, ces montres peuvent \u00eatre \u00e9galement r\u00e9serv\u00e9es \u00e0 la bijouterie. La mise \u00e0 mesure offerte ainsi qu&#8217;un emballage cadeau vous y seront propos\u00e9s.<\/p>\n<p><div class=\"alert alert_error\"><div class=\"alert_icon\"><svg viewBox=\"0 0 28 28\"><defs><style>.path{fill:none;stroke:#000;stroke-miterlimit:10;stroke-width:1.5px;}<\/style><\/defs><g><circle cx=\"14\" cy=\"20\" r=\"0.33\" class=\"path\"\/><line x1=\"14\" y1=\"8.72\" x2=\"14\" y2=\"16.72\" class=\"path\"\/><path d=\"M12.6,3.42,1.54,22.58A1.61,1.61,0,0,0,2.93,25H25.07a1.61,1.61,0,0,0,1.39-2.42L15.4,3.42A1.61,1.61,0,0,0,12.6,3.42Z\" class=\"path\"\/><\/g><\/svg><\/div><div class=\"alert_wrapper\">Le montant affich\u00e9 peut \u00eatre modifi\u00e9 par le fournisseur sans que nous en soyons inform\u00e9s. Une diff\u00e9rence entre le prix affich\u00e9 ici et en magasin reste possible.<\/div><a href=\"#\" class=\"close mfn-close-icon\"><span class=\"icon\">\u2715<\/span><\/a><\/div>\n<div class=\"alert alert_info\"><div class=\"alert_icon\"><svg viewBox=\"0 0 28 28\"><defs><style>.path{fill:none;stroke:#000;stroke-miterlimit:10;stroke-width:1.5px;}<\/style><\/defs><g><circle class=\"path\" cx=\"14\" cy=\"14\" r=\"12\"\/><path class=\"path\" d=\"M11.2,9.12a3.4,3.4,0,0,1,3-1.69,2.84,2.84,0,0,1,3,2.76,3.16,3.16,0,0,1-.84,2.23c-.63.74-1.58,1.18-2.19,1.88a1,1,0,0,0-.26.64v2.32\"\/><circle class=\"path\" cx=\"14\" cy=\"20\" r=\"0.33\"\/><\/g><\/svg><\/div><div class=\"alert_wrapper\">Faites vos demandes particuli\u00e8res ou passez votre commande via ce formulaire <\/div><a href=\"#\" class=\"close mfn-close-icon\"><span class=\"icon\">\u2715<\/span><\/a><\/div>\n <a class=\"button  button_size_3\" href=\"https:\/\/tempsetor.be\/galerie\/ma-commande\/\"     target=\"_blank\"    title=\"\"><span class=\"button_label\">&gt; Formulaire<\/span><\/a>\n<\/p>\n","protected":false},"featured_media":7530,"template":"","meta":{"_monsterinsights_skip_tracking":false,"_monsterinsights_sitenote_active":false,"_monsterinsights_sitenote_note":"","_monsterinsights_sitenote_category":0},"product_brand":[],"product_cat":[35,28,27],"product_tag":[],"class_list":{"0":"post-7524","1":"product","2":"type-product","3":"status-publish","4":"has-post-thumbnail","6":"product_cat-balmain-dames","7":"product_cat-montres-dames","8":"product_cat-dames","10":"first","11":"instock","12":"shipping-taxable","13":"purchasable","14":"product-type-simple"},"_links":{"self":[{"href":"https:\/\/tempsetor.be\/galerie\/wp-json\/wp\/v2\/product\/7524","targetHints":{"allow":["GET"]}}],"collection":[{"href":"https:\/\/tempsetor.be\/galerie\/wp-json\/wp\/v2\/product"}],"about":[{"href":"https:\/\/tempsetor.be\/galerie\/wp-json\/wp\/v2\/types\/product"}],"wp:featuredmedia":[{"embeddable":true,"href":"https:\/\/tempsetor.be\/galerie\/wp-json\/wp\/v2\/media\/7530"}],"wp:attachment":[{"href":"https:\/\/tempsetor.be\/galerie\/wp-json\/wp\/v2\/media?parent=7524"}],"wp:term":[{"taxonomy":"product_brand","embeddable":true,"href":"https:\/\/tempsetor.be\/galerie\/wp-json\/wp\/v2\/product_brand?post=7524"},{"taxonomy":"product_cat","embeddable":true,"href":"https:\/\/tempsetor.be\/galerie\/wp-json\/wp\/v2\/product_cat?post=7524"},{"taxonomy":"product_tag","embeddable":true,"href":"https:\/\/tempsetor.be\/galerie\/wp-json\/wp\/v2\/product_tag?post=7524"}],"curies":[{"name":"wp","href":"https:\/\/api.w.org\/{rel}","templated":true}]}}