{"id":7547,"date":"2024-03-01T18:07:04","date_gmt":"2024-03-01T17:07:04","guid":{"rendered":"https:\/\/tempsetor.be\/galerie\/?post_type=product&#038;p=7547"},"modified":"2024-03-01T18:22:39","modified_gmt":"2024-03-01T17:22:39","slug":"montre-hommes-briston-streamliner-urban-auto-acier-et-acetate-bleu-23640-s-t-15","status":"publish","type":"product","link":"https:\/\/tempsetor.be\/galerie\/produit\/montre-hommes-briston-streamliner-urban-auto-acier-et-acetate-bleu-23640-s-t-15\/","title":{"rendered":"Montre hommes Briston &#8211; Streamliner Urban auto acier et ac\u00e9tate  &#8211; Bleu &#8211; 23640.S.T.15"},"content":{"rendered":"<p>Hms date automatique, ac\u00e9tate \u00e9caille et lunette en acier bross\u00e9, cadran bleu marine avec motif gaufr\u00e9, bracelet 2 brins en caoutchouc vulcanis\u00e9 bleu marine.<\/p>\n<p>Des montres fran\u00e7aises n\u00e9es d\u2019un esprit tr\u00e8s \u00ab british \u00bb. Des campus d\u2019Oxford, des courses d\u2019avirons aux abords des terrains de polo ou de cricket, on ressent cet esprit &#8220;<em>sport chic so british<\/em>&#8220;. Un style de vie \u00e0 la fois chic, d\u00e9contract\u00e9 et souvent d\u00e9cal\u00e9.<\/p>\n","protected":false},"excerpt":{"rendered":"<p><img loading=\"lazy\" decoding=\"async\" class=\"size-full wp-image-2750 alignleft\" src=\"https:\/\/tempsetor.be\/galerie\/wp-content\/uploads\/2015\/04\/briston-1-e1603289989498.jpg\" alt=\"logo Briston\" width=\"150\" height=\"36\" srcset=\"https:\/\/tempsetor.be\/galerie\/wp-content\/uploads\/2015\/04\/briston-1-e1603289989498.jpg 150w, https:\/\/tempsetor.be\/galerie\/wp-content\/uploads\/2015\/04\/briston-1-e1603289989498-50x12.jpg 50w\" sizes=\"auto, (max-width:767px) 150px, 150px\" \/><\/p>\n<h1 class=\"product_title entry-title wd-entities-title\">STREAMLINER URBAN AUTO ACIER ET AC\u00c9TATE \u2013 BLEU<\/h1>\n<p>La collection Streamliner Urban Automatique c\u00e9l\u00e8bre l\u2019\u00e9l\u00e9gance \u00e9ternelle des garde-temps traditionnels avec une touche contemporaine et le design de son bo\u00eetier int\u00e9gr\u00e9 (ac\u00e9tate et acier). Pour les Hommes passionn\u00e9s d\u2019Horlogerie. Briston propose cette montre Streamliner Urban Automatique avec un bracelet en caoutchouc vulcanis\u00e9 parfaitement adapt\u00e9s au rythme de la vie urbaine.<\/p>\n<p>D\u00e9j\u00e0 garanties 2 ans, la bijouterie Temps &amp; OR vous apporte une confiance suppl\u00e9mentaire pour ces produits. Selon vos besoins, ces montres peuvent \u00eatre \u00e9galement r\u00e9serv\u00e9es \u00e0 la bijouterie. La mise \u00e0 mesure offerte ainsi qu&#8217;un emballage cadeau vous y seront propos\u00e9s.<\/p>\n<p><div class=\"alert alert_error\"><div class=\"alert_icon\"><svg viewBox=\"0 0 28 28\"><defs><style>.path{fill:none;stroke:#000;stroke-miterlimit:10;stroke-width:1.5px;}<\/style><\/defs><g><circle cx=\"14\" cy=\"20\" r=\"0.33\" class=\"path\"\/><line x1=\"14\" y1=\"8.72\" x2=\"14\" y2=\"16.72\" class=\"path\"\/><path d=\"M12.6,3.42,1.54,22.58A1.61,1.61,0,0,0,2.93,25H25.07a1.61,1.61,0,0,0,1.39-2.42L15.4,3.42A1.61,1.61,0,0,0,12.6,3.42Z\" class=\"path\"\/><\/g><\/svg><\/div><div class=\"alert_wrapper\">Le montant affich\u00e9 peut \u00eatre modifi\u00e9 par le fournisseur sans que nous en soyons inform\u00e9s. Une diff\u00e9rence entre le prix affich\u00e9 ici et en magasin reste possible.<\/div><a href=\"#\" class=\"close mfn-close-icon\"><span class=\"icon\">\u2715<\/span><\/a><\/div>\n<div class=\"alert alert_info\"><div class=\"alert_icon\"><svg viewBox=\"0 0 28 28\"><defs><style>.path{fill:none;stroke:#000;stroke-miterlimit:10;stroke-width:1.5px;}<\/style><\/defs><g><circle class=\"path\" cx=\"14\" cy=\"14\" r=\"12\"\/><path class=\"path\" d=\"M11.2,9.12a3.4,3.4,0,0,1,3-1.69,2.84,2.84,0,0,1,3,2.76,3.16,3.16,0,0,1-.84,2.23c-.63.74-1.58,1.18-2.19,1.88a1,1,0,0,0-.26.64v2.32\"\/><circle class=\"path\" cx=\"14\" cy=\"20\" r=\"0.33\"\/><\/g><\/svg><\/div><div class=\"alert_wrapper\">Faites vos demandes particuli\u00e8res ou passez votre commande via ce formulaire <\/div><a href=\"#\" class=\"close mfn-close-icon\"><span class=\"icon\">\u2715<\/span><\/a><\/div>\n <a class=\"button  button_size_3\" href=\"https:\/\/tempsetor.be\/galerie\/ma-commande\/\"     target=\"_blank\"    title=\"\"><span class=\"button_label\">&gt; Formulaire<\/span><\/a>\n<\/p>\n","protected":false},"featured_media":7548,"template":"","meta":{"_monsterinsights_skip_tracking":false,"_monsterinsights_sitenote_active":false,"_monsterinsights_sitenote_note":"","_monsterinsights_sitenote_category":0},"product_brand":[],"product_cat":[65,40,39],"product_tag":[],"class_list":{"0":"post-7547","1":"product","2":"type-product","3":"status-publish","4":"has-post-thumbnail","6":"product_cat-briston-hommes","7":"product_cat-montres-hommes","8":"product_cat-hommes","10":"first","11":"instock","12":"shipping-taxable","13":"purchasable","14":"product-type-simple"},"_links":{"self":[{"href":"https:\/\/tempsetor.be\/galerie\/wp-json\/wp\/v2\/product\/7547","targetHints":{"allow":["GET"]}}],"collection":[{"href":"https:\/\/tempsetor.be\/galerie\/wp-json\/wp\/v2\/product"}],"about":[{"href":"https:\/\/tempsetor.be\/galerie\/wp-json\/wp\/v2\/types\/product"}],"wp:featuredmedia":[{"embeddable":true,"href":"https:\/\/tempsetor.be\/galerie\/wp-json\/wp\/v2\/media\/7548"}],"wp:attachment":[{"href":"https:\/\/tempsetor.be\/galerie\/wp-json\/wp\/v2\/media?parent=7547"}],"wp:term":[{"taxonomy":"product_brand","embeddable":true,"href":"https:\/\/tempsetor.be\/galerie\/wp-json\/wp\/v2\/product_brand?post=7547"},{"taxonomy":"product_cat","embeddable":true,"href":"https:\/\/tempsetor.be\/galerie\/wp-json\/wp\/v2\/product_cat?post=7547"},{"taxonomy":"product_tag","embeddable":true,"href":"https:\/\/tempsetor.be\/galerie\/wp-json\/wp\/v2\/product_tag?post=7547"}],"curies":[{"name":"wp","href":"https:\/\/api.w.org\/{rel}","templated":true}]}}