{"id":7566,"date":"2024-03-07T20:27:32","date_gmt":"2024-03-07T19:27:32","guid":{"rendered":"https:\/\/tempsetor.be\/galerie\/?post_type=product&#038;p=7566"},"modified":"2024-03-07T20:40:58","modified_gmt":"2024-03-07T19:40:58","slug":"montre-hommes-hamilton-khaki-aviation-pilot-day-date-auto-h64635550","status":"publish","type":"product","link":"https:\/\/tempsetor.be\/galerie\/produit\/montre-hommes-hamilton-khaki-aviation-pilot-day-date-auto-h64635550\/","title":{"rendered":"Montre hommes Hamilton &#8211; Khaki Aviation &#8211; Pilot Day Date Auto &#8211; H64635550"},"content":{"rendered":"<p>Le mouvement automatique H-30 est une cr\u00e9ation d&#8217;Hamilton, con\u00e7u pour garantir une performance fiable et pr\u00e9cise. Avec une impressionnante r\u00e9serve de marche de 80 heures, il offre une autonomie consid\u00e9rable pour une montre m\u00e9canique. De plus, le spiral en Nivachron\u2122 assure une stabilit\u00e9 accrue face aux variations de temp\u00e9rature et aux champs magn\u00e9tiques, garantissant ainsi une pr\u00e9cision optimale dans diverses conditions d&#8217;utilisation.<\/p>\n","protected":false},"excerpt":{"rendered":"<p><img loading=\"lazy\" decoding=\"async\" class=\"size-full wp-image-5425 alignnone\" src=\"https:\/\/www.tempsetor.be\/galerie\/wp-content\/uploads\/2020\/12\/Hamilton.png\" alt=\"logo Hamilton\" width=\"150\" height=\"29\" srcset=\"https:\/\/tempsetor.be\/galerie\/wp-content\/uploads\/2020\/12\/Hamilton.png 150w, https:\/\/tempsetor.be\/galerie\/wp-content\/uploads\/2020\/12\/Hamilton-50x10.png 50w\" sizes=\"auto, (max-width:767px) 150px, 150px\" \/><\/p>\n<h1 class=\"page-title large\"><span class=\"pretitle\" data-ui-id=\"page-pretitle-wrapper\">KHAKI AVIATION<\/span><span class=\"base\" data-ui-id=\"page-title-wrapper\">PILOT &#8211; DAY DATE AUTO<\/span><\/h1>\n<div class=\"product-main-attributes\">Automatique | 42mm | H64635550<\/div>\n<p>Destin\u00e9e aux v\u00e9ritables passionn\u00e9s d\u2019aviation, la Khaki Aviation Pilot Day Date \u00e9voque l\u2019esprit d\u2019exploration et d\u2019aventure de la Khaki. Aliment\u00e9 par le mouvement automatique H-30 avec une r\u00e9serve de marche de 80 heures et un spiral en Nivachron\u2122, ce mod\u00e8le pr\u00e9sente un guichet jour-date et de grands chiffres pour une meilleure lisibilit\u00e9. La Khaki Aviation Day Date 42 mm allie un bracelet en cuir marron clair \u00e0 un cadran argent\u00e9 pour un look intemporel qui \u00e9voque les d\u00e9buts du pilotage de pr\u00e9cision.<\/p>\n<p>D\u00e9j\u00e0 garanties 2 ans, la bijouterie Temps &amp; OR vous apporte une confiance suppl\u00e9mentaire pour ces produits. Selon vos besoins, ces montres peuvent \u00eatre \u00e9galement r\u00e9serv\u00e9es \u00e0 la bijouterie. La mise \u00e0 mesure offerte ainsi qu&#8217;un emballage cadeau vous y seront propos\u00e9s.<\/p>\n<p><div class=\"alert alert_error\"><div class=\"alert_icon\"><svg viewBox=\"0 0 28 28\"><defs><style>.path{fill:none;stroke:#000;stroke-miterlimit:10;stroke-width:1.5px;}<\/style><\/defs><g><circle cx=\"14\" cy=\"20\" r=\"0.33\" class=\"path\"\/><line x1=\"14\" y1=\"8.72\" x2=\"14\" y2=\"16.72\" class=\"path\"\/><path d=\"M12.6,3.42,1.54,22.58A1.61,1.61,0,0,0,2.93,25H25.07a1.61,1.61,0,0,0,1.39-2.42L15.4,3.42A1.61,1.61,0,0,0,12.6,3.42Z\" class=\"path\"\/><\/g><\/svg><\/div><div class=\"alert_wrapper\">Le montant affich\u00e9 peut \u00eatre modifi\u00e9 par le fournisseur sans que nous en soyons inform\u00e9s. Une diff\u00e9rence entre le prix affich\u00e9 ici et en magasin reste possible.<\/div><a href=\"#\" class=\"close mfn-close-icon\"><span class=\"icon\">\u2715<\/span><\/a><\/div>\n<div class=\"alert alert_info\"><div class=\"alert_icon\"><svg viewBox=\"0 0 28 28\"><defs><style>.path{fill:none;stroke:#000;stroke-miterlimit:10;stroke-width:1.5px;}<\/style><\/defs><g><circle class=\"path\" cx=\"14\" cy=\"14\" r=\"12\"\/><path class=\"path\" d=\"M11.2,9.12a3.4,3.4,0,0,1,3-1.69,2.84,2.84,0,0,1,3,2.76,3.16,3.16,0,0,1-.84,2.23c-.63.74-1.58,1.18-2.19,1.88a1,1,0,0,0-.26.64v2.32\"\/><circle class=\"path\" cx=\"14\" cy=\"20\" r=\"0.33\"\/><\/g><\/svg><\/div><div class=\"alert_wrapper\">Faites vos demandes particuli\u00e8res ou passez votre commande via ce formulaire <\/div><a href=\"#\" class=\"close mfn-close-icon\"><span class=\"icon\">\u2715<\/span><\/a><\/div>\n <a class=\"button  button_size_3\" href=\"https:\/\/tempsetor.be\/galerie\/ma-commande\/\"     target=\"_blank\"    title=\"\"><span class=\"button_label\">&gt; Formulaire<\/span><\/a>\n<\/p>\n","protected":false},"featured_media":7568,"template":"","meta":{"_monsterinsights_skip_tracking":false,"_monsterinsights_sitenote_active":false,"_monsterinsights_sitenote_note":"","_monsterinsights_sitenote_category":0},"product_brand":[],"product_cat":[1628,40,39],"product_tag":[],"class_list":{"0":"post-7566","1":"product","2":"type-product","3":"status-publish","4":"has-post-thumbnail","6":"product_cat-hamilton-hommes","7":"product_cat-montres-hommes","8":"product_cat-hommes","10":"first","11":"instock","12":"shipping-taxable","13":"purchasable","14":"product-type-simple"},"_links":{"self":[{"href":"https:\/\/tempsetor.be\/galerie\/wp-json\/wp\/v2\/product\/7566","targetHints":{"allow":["GET"]}}],"collection":[{"href":"https:\/\/tempsetor.be\/galerie\/wp-json\/wp\/v2\/product"}],"about":[{"href":"https:\/\/tempsetor.be\/galerie\/wp-json\/wp\/v2\/types\/product"}],"wp:featuredmedia":[{"embeddable":true,"href":"https:\/\/tempsetor.be\/galerie\/wp-json\/wp\/v2\/media\/7568"}],"wp:attachment":[{"href":"https:\/\/tempsetor.be\/galerie\/wp-json\/wp\/v2\/media?parent=7566"}],"wp:term":[{"taxonomy":"product_brand","embeddable":true,"href":"https:\/\/tempsetor.be\/galerie\/wp-json\/wp\/v2\/product_brand?post=7566"},{"taxonomy":"product_cat","embeddable":true,"href":"https:\/\/tempsetor.be\/galerie\/wp-json\/wp\/v2\/product_cat?post=7566"},{"taxonomy":"product_tag","embeddable":true,"href":"https:\/\/tempsetor.be\/galerie\/wp-json\/wp\/v2\/product_tag?post=7566"}],"curies":[{"name":"wp","href":"https:\/\/api.w.org\/{rel}","templated":true}]}}