{"id":7591,"date":"2024-03-20T21:06:33","date_gmt":"2024-03-20T20:06:33","guid":{"rendered":"https:\/\/tempsetor.be\/galerie\/?post_type=product&#038;p=7591"},"modified":"2024-03-20T21:10:01","modified_gmt":"2024-03-20T20:10:01","slug":"montre-dames-pontiac-hydra-p10088","status":"publish","type":"product","link":"https:\/\/tempsetor.be\/galerie\/produit\/montre-dames-pontiac-hydra-p10088\/","title":{"rendered":"Montre dames &#8211; Pontiac &#8211; Hydra &#8211; P10088"},"content":{"rendered":"<p align=\"LEFT\">Avec une vari\u00e9t\u00e9 de mod\u00e8les allant des classiques intemporels aux cr\u00e9ations contemporaines, les montres Ponctiac sont con\u00e7ues pour satisfaire les go\u00fbts les plus exigeants.<\/p>\n","protected":false},"excerpt":{"rendered":"<p><img loading=\"lazy\" decoding=\"async\" class=\"size-full wp-image-5807 alignleft\" src=\"https:\/\/tempsetor.be\/galerie\/wp-content\/uploads\/2019\/02\/Pontiac_Logo-150px.png\" alt=\"logo Pontiac\" width=\"150\" height=\"70\" srcset=\"https:\/\/tempsetor.be\/galerie\/wp-content\/uploads\/2019\/02\/Pontiac_Logo-150px.png 150w, https:\/\/tempsetor.be\/galerie\/wp-content\/uploads\/2019\/02\/Pontiac_Logo-150px-50x23.png 50w\" sizes=\"auto, (max-width:767px) 150px, 150px\" \/><\/p>\n<p>D\u00e9couvrez l&#8217;excellence horlog\u00e8re avec Ponctiac, une marque qui incarne l&#8217;essence du style et de la qualit\u00e9. Depuis ses d\u00e9buts, Ponctiac s&#8217;est distingu\u00e9e par son engagement envers l&#8217;artisanat de pr\u00e9cision et l&#8217;esth\u00e9tique raffin\u00e9e. Chaque montre Ponctiac allie l&#8217;innovation technique \u00e0 un design \u00e9l\u00e9gant, offrant \u00e0 ses porteurs une touche de sophistication intemporelle. Avec une vari\u00e9t\u00e9 de mod\u00e8les allant des classiques intemporels aux cr\u00e9ations contemporaines, les montres Ponctiac sont con\u00e7ues pour satisfaire les go\u00fbts les plus exigeants.<\/p>\n<p>D\u00e9j\u00e0 garanties 2 ans, la bijouterie Temps &amp; OR vous apporte une confiance suppl\u00e9mentaire pour ces produits. Selon vos besoins, ces montres peuvent \u00eatre \u00e9galement r\u00e9serv\u00e9es \u00e0 la bijouterie. La mise \u00e0 mesure offerte ainsi qu&#8217;un emballage cadeau vous y seront propos\u00e9s.<\/p>\n<p><div class=\"alert alert_error\"><div class=\"alert_icon\"><svg viewBox=\"0 0 28 28\"><defs><style>.path{fill:none;stroke:#000;stroke-miterlimit:10;stroke-width:1.5px;}<\/style><\/defs><g><circle cx=\"14\" cy=\"20\" r=\"0.33\" class=\"path\"\/><line x1=\"14\" y1=\"8.72\" x2=\"14\" y2=\"16.72\" class=\"path\"\/><path d=\"M12.6,3.42,1.54,22.58A1.61,1.61,0,0,0,2.93,25H25.07a1.61,1.61,0,0,0,1.39-2.42L15.4,3.42A1.61,1.61,0,0,0,12.6,3.42Z\" class=\"path\"\/><\/g><\/svg><\/div><div class=\"alert_wrapper\">Le montant affich\u00e9 peut \u00eatre modifi\u00e9 par le fournisseur sans que nous en soyons inform\u00e9s. Une diff\u00e9rence entre le prix affich\u00e9 ici et en magasin reste possible.<\/div><a href=\"#\" class=\"close mfn-close-icon\"><span class=\"icon\">\u2715<\/span><\/a><\/div>\n<div class=\"alert alert_info\"><div class=\"alert_icon\"><svg viewBox=\"0 0 28 28\"><defs><style>.path{fill:none;stroke:#000;stroke-miterlimit:10;stroke-width:1.5px;}<\/style><\/defs><g><circle class=\"path\" cx=\"14\" cy=\"14\" r=\"12\"\/><path class=\"path\" d=\"M11.2,9.12a3.4,3.4,0,0,1,3-1.69,2.84,2.84,0,0,1,3,2.76,3.16,3.16,0,0,1-.84,2.23c-.63.74-1.58,1.18-2.19,1.88a1,1,0,0,0-.26.64v2.32\"\/><circle class=\"path\" cx=\"14\" cy=\"20\" r=\"0.33\"\/><\/g><\/svg><\/div><div class=\"alert_wrapper\">Faites vos demandes particuli\u00e8res ou passez votre commande via ce formulaire <\/div><a href=\"#\" class=\"close mfn-close-icon\"><span class=\"icon\">\u2715<\/span><\/a><\/div>\n <a class=\"button  button_size_3\" href=\"https:\/\/tempsetor.be\/galerie\/ma-commande\/\"     target=\"_blank\"    title=\"\"><span class=\"button_label\">&gt; Formulaire<\/span><\/a>\n<\/p>\n","protected":false},"featured_media":7592,"template":"","meta":{"_monsterinsights_skip_tracking":false,"_monsterinsights_sitenote_active":false,"_monsterinsights_sitenote_note":"","_monsterinsights_sitenote_category":0},"product_brand":[],"product_cat":[28,59,27],"product_tag":[],"class_list":{"0":"post-7591","1":"product","2":"type-product","3":"status-publish","4":"has-post-thumbnail","6":"product_cat-montres-dames","7":"product_cat-pontiac-dames","8":"product_cat-dames","10":"first","11":"instock","12":"shipping-taxable","13":"purchasable","14":"product-type-simple"},"_links":{"self":[{"href":"https:\/\/tempsetor.be\/galerie\/wp-json\/wp\/v2\/product\/7591","targetHints":{"allow":["GET"]}}],"collection":[{"href":"https:\/\/tempsetor.be\/galerie\/wp-json\/wp\/v2\/product"}],"about":[{"href":"https:\/\/tempsetor.be\/galerie\/wp-json\/wp\/v2\/types\/product"}],"wp:featuredmedia":[{"embeddable":true,"href":"https:\/\/tempsetor.be\/galerie\/wp-json\/wp\/v2\/media\/7592"}],"wp:attachment":[{"href":"https:\/\/tempsetor.be\/galerie\/wp-json\/wp\/v2\/media?parent=7591"}],"wp:term":[{"taxonomy":"product_brand","embeddable":true,"href":"https:\/\/tempsetor.be\/galerie\/wp-json\/wp\/v2\/product_brand?post=7591"},{"taxonomy":"product_cat","embeddable":true,"href":"https:\/\/tempsetor.be\/galerie\/wp-json\/wp\/v2\/product_cat?post=7591"},{"taxonomy":"product_tag","embeddable":true,"href":"https:\/\/tempsetor.be\/galerie\/wp-json\/wp\/v2\/product_tag?post=7591"}],"curies":[{"name":"wp","href":"https:\/\/api.w.org\/{rel}","templated":true}]}}