{"id":7805,"date":"2024-05-24T16:55:35","date_gmt":"2024-05-24T14:55:35","guid":{"rendered":"https:\/\/tempsetor.be\/galerie\/?post_type=product&#038;p=7805"},"modified":"2025-11-19T21:10:33","modified_gmt":"2025-11-19T20:10:33","slug":"montre-hommes-vostok-atomic-age-ym86-640a695","status":"publish","type":"product","link":"https:\/\/tempsetor.be\/galerie\/produit\/montre-hommes-vostok-atomic-age-ym86-640a695\/","title":{"rendered":"Montre hommes Vostok Europe &#8211; Atomic Age &#8211; YM86-640A695"},"content":{"rendered":"<p>Le design combine un bo\u00eetier anatomique polygonal techno-futuriste unique, une illumination au tritium et les meilleurs mouvements automatiques et \u00e0 quartz. Le bo\u00eetier se compose de deux parties m\u00e9talliques soud\u00e9es et fix\u00e9es par 2 rivets. Des bracelets en silicone sp\u00e9cialement con\u00e7us avec des trous de ventilation offrent un confort exceptionnel pour un usage quotidien. Les aiguilles sont bross\u00e9es et squelett\u00e9es, les cadrans ont une texture granul\u00e9e.<\/p>\n","protected":false},"excerpt":{"rendered":"<h3><img loading=\"lazy\" decoding=\"async\" class=\"wp-image-4711 size-full alignleft\" src=\"https:\/\/tempsetor.be\/galerie\/wp-content\/uploads\/2019\/06\/vostok-e1561723260858.png\" alt=\"Logo Vostok Europe\" width=\"149\" height=\"94\" \/>Oppenheimer line<\/h3>\n<p>L&#8217;\u00e8re atomique \u2013 une p\u00e9riode de d\u00e9veloppement des technologies nucl\u00e9aires qui a commenc\u00e9 avec le lancement du premier r\u00e9acteur nucl\u00e9aire en 1942 et s&#8217;est poursuivie par les progr\u00e8s de l&#8217;industrie nucl\u00e9aire, laquelle constitue une partie importante de l&#8217;\u00e8re technologique moderne.<\/p>\n<p>La collection Atomic Age comprend 3 lignes d\u00e9di\u00e9es aux trois plus grands physiciens nucl\u00e9aires du 20e si\u00e8cle : Robert Oppenheimer, Enrico Fermi, Andre\u00ef Sakharov.<\/p>\n<p>Robert Oppenheimer \u00e9tait le chef du laboratoire de Los Alamos et du &#8220;Projet Manhattan&#8221; qui a d\u00e9velopp\u00e9 les premi\u00e8res armes nucl\u00e9aires. Apr\u00e8s la Seconde Guerre mondiale, Oppenheimer est devenu pr\u00e9sident du Comit\u00e9 consultatif g\u00e9n\u00e9ral influent de la toute nouvelle Commission de l&#8217;\u00e9nergie atomique des \u00c9tats-Unis. Il a utilis\u00e9 cette position pour plaider en faveur du contr\u00f4le international de l&#8217;\u00e9nergie nucl\u00e9aire afin d&#8217;\u00e9viter la prolif\u00e9ration nucl\u00e9aire et une course aux armements nucl\u00e9aires avec l&#8217;Union sovi\u00e9tique.<\/p>\n<p>D\u00e9j\u00e0 garanties 2 ans, le service apr\u00e8s-vente de la bijouterie <strong>Temps &amp; OR<\/strong> vous apporte une confiance suppl\u00e9mentaire pour ces produits. Selon vos besoins, ces montres peuvent \u00eatre \u00e9galement r\u00e9serv\u00e9es \u00e0 la bijouterie. La mise \u00e0 mesure offerte ainsi qu&#8217;un emballage cadeau vous y seront propos\u00e9s.<\/p>\n<p><div class=\"alert alert_error\"><div class=\"alert_icon\"><svg viewBox=\"0 0 28 28\"><defs><style>.path{fill:none;stroke:#000;stroke-miterlimit:10;stroke-width:1.5px;}<\/style><\/defs><g><circle cx=\"14\" cy=\"20\" r=\"0.33\" class=\"path\"\/><line x1=\"14\" y1=\"8.72\" x2=\"14\" y2=\"16.72\" class=\"path\"\/><path d=\"M12.6,3.42,1.54,22.58A1.61,1.61,0,0,0,2.93,25H25.07a1.61,1.61,0,0,0,1.39-2.42L15.4,3.42A1.61,1.61,0,0,0,12.6,3.42Z\" class=\"path\"\/><\/g><\/svg><\/div><div class=\"alert_wrapper\">Le montant affich\u00e9 peut \u00eatre modifi\u00e9 par le fournisseur sans que nous en soyons inform\u00e9s. Une diff\u00e9rence entre le prix affich\u00e9 ici et en magasin reste possible.<\/div><a href=\"#\" class=\"close mfn-close-icon\"><span class=\"icon\">\u2715<\/span><\/a><\/div>\n<div class=\"alert alert_info\"><div class=\"alert_icon\"><svg viewBox=\"0 0 28 28\"><defs><style>.path{fill:none;stroke:#000;stroke-miterlimit:10;stroke-width:1.5px;}<\/style><\/defs><g><circle class=\"path\" cx=\"14\" cy=\"14\" r=\"12\"\/><path class=\"path\" d=\"M11.2,9.12a3.4,3.4,0,0,1,3-1.69,2.84,2.84,0,0,1,3,2.76,3.16,3.16,0,0,1-.84,2.23c-.63.74-1.58,1.18-2.19,1.88a1,1,0,0,0-.26.64v2.32\"\/><circle class=\"path\" cx=\"14\" cy=\"20\" r=\"0.33\"\/><\/g><\/svg><\/div><div class=\"alert_wrapper\">Faites vos demandes particuli\u00e8res ou passez votre commande via ce formulaire <\/div><a href=\"#\" class=\"close mfn-close-icon\"><span class=\"icon\">\u2715<\/span><\/a><\/div>\n <a class=\"button  button_size_3\" href=\"https:\/\/tempsetor.be\/galerie\/ma-commande\/\"     target=\"_blank\"    title=\"\"><span class=\"button_label\">&gt; Formulaire<\/span><\/a>\n<\/p>\n","protected":false},"featured_media":7806,"template":"","meta":{"_monsterinsights_skip_tracking":false,"_monsterinsights_sitenote_active":false,"_monsterinsights_sitenote_note":"","_monsterinsights_sitenote_category":0},"product_brand":[],"product_cat":[40,39,1186],"product_tag":[],"class_list":{"0":"post-7805","1":"product","2":"type-product","3":"status-publish","4":"has-post-thumbnail","6":"product_cat-montres-hommes","7":"product_cat-hommes","8":"product_cat-vostok-europe-hommes","10":"first","11":"instock","12":"shipping-taxable","13":"purchasable","14":"product-type-simple"},"_links":{"self":[{"href":"https:\/\/tempsetor.be\/galerie\/wp-json\/wp\/v2\/product\/7805","targetHints":{"allow":["GET"]}}],"collection":[{"href":"https:\/\/tempsetor.be\/galerie\/wp-json\/wp\/v2\/product"}],"about":[{"href":"https:\/\/tempsetor.be\/galerie\/wp-json\/wp\/v2\/types\/product"}],"wp:featuredmedia":[{"embeddable":true,"href":"https:\/\/tempsetor.be\/galerie\/wp-json\/wp\/v2\/media\/7806"}],"wp:attachment":[{"href":"https:\/\/tempsetor.be\/galerie\/wp-json\/wp\/v2\/media?parent=7805"}],"wp:term":[{"taxonomy":"product_brand","embeddable":true,"href":"https:\/\/tempsetor.be\/galerie\/wp-json\/wp\/v2\/product_brand?post=7805"},{"taxonomy":"product_cat","embeddable":true,"href":"https:\/\/tempsetor.be\/galerie\/wp-json\/wp\/v2\/product_cat?post=7805"},{"taxonomy":"product_tag","embeddable":true,"href":"https:\/\/tempsetor.be\/galerie\/wp-json\/wp\/v2\/product_tag?post=7805"}],"curies":[{"name":"wp","href":"https:\/\/api.w.org\/{rel}","templated":true}]}}