{"id":7817,"date":"2024-05-28T18:48:12","date_gmt":"2024-05-28T16:48:12","guid":{"rendered":"https:\/\/tempsetor.be\/galerie\/?post_type=product&#038;p=7817"},"modified":"2024-05-28T18:53:42","modified_gmt":"2024-05-28T16:53:42","slug":"bougie-baobab-ancient-mark-papunya","status":"publish","type":"product","link":"https:\/\/tempsetor.be\/galerie\/produit\/bougie-baobab-ancient-mark-papunya\/","title":{"rendered":"Bougie Baobab &#8211; Ancient Mark &#8211; Papunya"},"content":{"rendered":"<p>L\u2019\u00e9maillage de la bougie parfum\u00e9e Papunya est d\u2019une couleur ocre rouge parsem\u00e9e de lignes \u00e9crues donnant \u00e0 l\u2019objet une allure tr\u00e8s tribale. On peut voir sur la c\u00e9ramique des gravures dans la mati\u00e8re repr\u00e9sentant les symboles de l\u2019art aborig\u00e8ne. Papunya est un lieu dans lequel des communaut\u00e9s aborig\u00e8nes sont regroup\u00e9es, qui devenu le point de d\u00e9part du mouvement artistique aborig\u00e8ne.<\/p>\n","protected":false},"excerpt":{"rendered":"<p><img loading=\"lazy\" decoding=\"async\" class=\"size-full wp-image-4311 alignleft\" src=\"https:\/\/tempsetor.be\/galerie\/wp-content\/uploads\/2019\/03\/baobab.jpg\" alt=\"logo Baobab\" width=\"128\" height=\"142\" srcset=\"https:\/\/tempsetor.be\/galerie\/wp-content\/uploads\/2019\/03\/baobab.jpg 128w, https:\/\/tempsetor.be\/galerie\/wp-content\/uploads\/2019\/03\/baobab-45x50.jpg 45w, https:\/\/tempsetor.be\/galerie\/wp-content\/uploads\/2019\/03\/baobab-68x75.jpg 68w\" sizes=\"auto, (max-width:767px) 128px, 128px\" \/>Ces collections de bougies en c\u00e9ramique sont un rappel \u00e0 la terre noble, celle que l\u2019on p\u00e9trit, que l\u2019on moule et que l\u2019on recouvre d\u2019\u00e9mail. Toutes nos c\u00e9ramiques sont faites \u00e0 la main au Portugal. Un moule est tout d\u2019abord mis au point et reproduit dans toutes nos tailles. La mati\u00e8re y est coul\u00e9e et va ensuite s\u00e9cher et se durcir. Apr\u00e8s quelques jours, l\u2019objet sort de son moule et va subir des plongeons dans l\u2019\u00e9mail afin de se recouvrir de couleur. C\u2019est alors que la derni\u00e8re manipulation de la pi\u00e8ce s\u2019op\u00e8re, celle-ci est cuite \u00e0 tr\u00e8s haute temp\u00e9rature dans un four. Magie de la mati\u00e8re et du travail des artisans qui reproduisent les gestes de g\u00e9n\u00e9ration en g\u00e9n\u00e9ration.<\/p>\n<p>Son parfum aromatique de g\u00e9ranium et de menthe a la magie d\u2019\u00e9loigner les moustiques \u00e0 la tomb\u00e9e de la nuit.<\/p>\n<h2>Fragrance<\/h2>\n<p><strong>Menthe poivr\u00e9e &#8211; g\u00e9ranium &#8211; bois flott\u00e9<\/strong><\/p>\n<div class=\"icon_box_jmn\">\n<h4>Tailles disponibles en magasin (en cm)<\/h4>\n<\/div>\n<p><div class=\"column one-third mobile-one\"><div class=\"mcb-column-inner\"><div class=\"icon_box icon_position_top has_border\"><div class=\"icon_wrapper\"><div class=\"icon\"><i class=\"icon-bitbucket\" aria-hidden=\"true\"><\/i><\/div><\/div><div class=\"desc_wrapper\"><h4 class=\"title \">Max 10<\/h4><div class=\"desc\">95\u20ac<\/div><\/div><\/div>\n<\/div><\/div>\n<div class=\"column one-third mobile-one\"><div class=\"mcb-column-inner\"><div class=\"icon_box icon_position_top has_border\"><div class=\"icon_wrapper\"><div class=\"icon\"><i class=\"icon-bitbucket\" aria-hidden=\"true\"><\/i><\/div><\/div><div class=\"desc_wrapper\"><h4 class=\"title \">Max 16<\/h4><div class=\"desc\">125\u20ac<\/div><\/div><\/div>\n<\/div><\/div>\n<div class=\"column one-third mobile-one\"><div class=\"mcb-column-inner\"><div class=\"icon_box icon_position_top has_border\"><div class=\"icon_wrapper\"><div class=\"icon\"><i class=\"icon-bitbucket\" aria-hidden=\"true\"><\/i><\/div><\/div><div class=\"desc_wrapper\"><h4 class=\"title \">Max 24<\/h4><div class=\"desc\">250\u20ac<\/div><\/div><\/div>\n<\/div><\/div>\n<\/p>\n<p><div class=\"alert alert_error\"><div class=\"alert_icon\"><svg viewBox=\"0 0 28 28\"><defs><style>.path{fill:none;stroke:#000;stroke-miterlimit:10;stroke-width:1.5px;}<\/style><\/defs><g><circle cx=\"14\" cy=\"20\" r=\"0.33\" class=\"path\"\/><line x1=\"14\" y1=\"8.72\" x2=\"14\" y2=\"16.72\" class=\"path\"\/><path d=\"M12.6,3.42,1.54,22.58A1.61,1.61,0,0,0,2.93,25H25.07a1.61,1.61,0,0,0,1.39-2.42L15.4,3.42A1.61,1.61,0,0,0,12.6,3.42Z\" class=\"path\"\/><\/g><\/svg><\/div><div class=\"alert_wrapper\">Le montant affich\u00e9 peut \u00eatre modifi\u00e9 par le fournisseur sans que nous en soyons inform\u00e9s. Une diff\u00e9rence entre le prix affich\u00e9 ici et en magasin reste possible.<\/div><a href=\"#\" class=\"close mfn-close-icon\"><span class=\"icon\">\u2715<\/span><\/a><\/div>\n<div class=\"alert alert_info\"><div class=\"alert_icon\"><svg viewBox=\"0 0 28 28\"><defs><style>.path{fill:none;stroke:#000;stroke-miterlimit:10;stroke-width:1.5px;}<\/style><\/defs><g><circle class=\"path\" cx=\"14\" cy=\"14\" r=\"12\"\/><path class=\"path\" d=\"M11.2,9.12a3.4,3.4,0,0,1,3-1.69,2.84,2.84,0,0,1,3,2.76,3.16,3.16,0,0,1-.84,2.23c-.63.74-1.58,1.18-2.19,1.88a1,1,0,0,0-.26.64v2.32\"\/><circle class=\"path\" cx=\"14\" cy=\"20\" r=\"0.33\"\/><\/g><\/svg><\/div><div class=\"alert_wrapper\">Faites vos demandes particuli\u00e8res ou passez votre commande via ce formulaire <\/div><a href=\"#\" class=\"close mfn-close-icon\"><span class=\"icon\">\u2715<\/span><\/a><\/div>\n <a class=\"button  button_size_3\" href=\"https:\/\/tempsetor.be\/galerie\/ma-commande\/\"     target=\"_blank\"    title=\"\"><span class=\"button_label\">&gt; Formulaire<\/span><\/a>\n<\/p>\n","protected":false},"featured_media":7819,"template":"","meta":{"_monsterinsights_skip_tracking":false,"_monsterinsights_sitenote_active":false,"_monsterinsights_sitenote_note":"","_monsterinsights_sitenote_category":0},"product_brand":[],"product_cat":[1070,2362,903,1005],"product_tag":[],"class_list":{"0":"post-7817","1":"product","2":"type-product","3":"status-publish","4":"has-post-thumbnail","6":"product_cat-accessoirelifestyle","7":"product_cat-ancient-mark","8":"product_cat-baobab","9":"product_cat-baobab-bougies","11":"first","12":"instock","13":"shipping-taxable","14":"purchasable","15":"product-type-simple"},"_links":{"self":[{"href":"https:\/\/tempsetor.be\/galerie\/wp-json\/wp\/v2\/product\/7817","targetHints":{"allow":["GET"]}}],"collection":[{"href":"https:\/\/tempsetor.be\/galerie\/wp-json\/wp\/v2\/product"}],"about":[{"href":"https:\/\/tempsetor.be\/galerie\/wp-json\/wp\/v2\/types\/product"}],"wp:featuredmedia":[{"embeddable":true,"href":"https:\/\/tempsetor.be\/galerie\/wp-json\/wp\/v2\/media\/7819"}],"wp:attachment":[{"href":"https:\/\/tempsetor.be\/galerie\/wp-json\/wp\/v2\/media?parent=7817"}],"wp:term":[{"taxonomy":"product_brand","embeddable":true,"href":"https:\/\/tempsetor.be\/galerie\/wp-json\/wp\/v2\/product_brand?post=7817"},{"taxonomy":"product_cat","embeddable":true,"href":"https:\/\/tempsetor.be\/galerie\/wp-json\/wp\/v2\/product_cat?post=7817"},{"taxonomy":"product_tag","embeddable":true,"href":"https:\/\/tempsetor.be\/galerie\/wp-json\/wp\/v2\/product_tag?post=7817"}],"curies":[{"name":"wp","href":"https:\/\/api.w.org\/{rel}","templated":true}]}}