{"id":7864,"date":"2024-06-07T17:09:02","date_gmt":"2024-06-07T15:09:02","guid":{"rendered":"https:\/\/tempsetor.be\/galerie\/?post_type=product&#038;p=7864"},"modified":"2025-07-10T00:38:33","modified_gmt":"2025-07-09T22:38:33","slug":"montre-dames-briston-clubmaster-classic-summer-vibes-vert-anglais-24140-sa-t-10-nyg","status":"publish","type":"product","link":"https:\/\/tempsetor.be\/galerie\/produit\/montre-dames-briston-clubmaster-classic-summer-vibes-vert-anglais-24140-sa-t-10-nyg\/","title":{"rendered":"Montre Briston &#8211; Clubmaster Classic Summer Vibes &#8211; Vert Anglais &#8211; 24140.SA.T.10.NYG"},"content":{"rendered":"<p>MONTRE CHRONOGRAPHE DATE, AC\u00c9TATE \u00c9CAILLE, CADRAN VERT ANGLAIS SOLEILL\u00c9 ET BRACELET NATO JAUNE FLUO EN 245 MM<\/p>\n","protected":false},"excerpt":{"rendered":"<h3><img loading=\"lazy\" decoding=\"async\" class=\"wp-image-2750 size-full alignleft\" src=\"https:\/\/tempsetor.be\/galerie\/wp-content\/uploads\/2015\/04\/briston-1.jpg\" alt=\"\" width=\"150\" height=\"75\" \/><\/h3>\n<h1 class=\"product_title entry-title wd-entities-title\">CLUBMASTER CLASSIC SUMMER VIBES \u2013 VERT ANGLAIS<\/h1>\n<p>Un peu de couleurs pour l\u2019\u00e9t\u00e9! Briston adapte son iconique mod\u00e8le Clubmaster Classic avec des couleurs chatoyantes pour une touche \u201cSummer Vibes\u201d.<\/p>\n<p>Fid\u00e8le \u00e0 la forme carr\u00e9-cambr\u00e9 des Clubmaster, cette montre est faite pour vous accompagner tout l\u2019\u00e9t\u00e9 :<\/p>\n<ul>\n<li>bo\u00eetier ac\u00e9tate fa\u00e7on \u00e9caille en 40 mm (aussi bien pour les Hommes que pour les Femmes),<\/li>\n<li>fonction chronographe date avec un compteur minutes (\u00e0 gauche) et un compteur 24 heures (\u00e0 droite),<\/li>\n<li>cadran vert anglais soleill\u00e9,<\/li>\n<li>aiguilles chronographe et compteurs laqu\u00e9es jaune fluo,<\/li>\n<\/ul>\n<p>Et bien s\u00fbr, cette montre \u2018Summer Vibes\u2019 est \u00e9quip\u00e9e de l\u2019incontournable bracelet NATO interchangeable en jaune fluo 245 mm pour l\u2019occasion.<\/p>\n<p><div class=\"alert alert_error\"><div class=\"alert_icon\"><svg viewBox=\"0 0 28 28\"><defs><style>.path{fill:none;stroke:#000;stroke-miterlimit:10;stroke-width:1.5px;}<\/style><\/defs><g><circle cx=\"14\" cy=\"20\" r=\"0.33\" class=\"path\"\/><line x1=\"14\" y1=\"8.72\" x2=\"14\" y2=\"16.72\" class=\"path\"\/><path d=\"M12.6,3.42,1.54,22.58A1.61,1.61,0,0,0,2.93,25H25.07a1.61,1.61,0,0,0,1.39-2.42L15.4,3.42A1.61,1.61,0,0,0,12.6,3.42Z\" class=\"path\"\/><\/g><\/svg><\/div><div class=\"alert_wrapper\">Le montant affich\u00e9 peut \u00eatre modifi\u00e9 par le fournisseur sans que nous en soyons inform\u00e9s. Une diff\u00e9rence entre le prix affich\u00e9 ici et en magasin reste possible.<\/div><a href=\"#\" class=\"close mfn-close-icon\"><span class=\"icon\">\u2715<\/span><\/a><\/div>\n<div class=\"alert alert_info\"><div class=\"alert_icon\"><svg viewBox=\"0 0 28 28\"><defs><style>.path{fill:none;stroke:#000;stroke-miterlimit:10;stroke-width:1.5px;}<\/style><\/defs><g><circle class=\"path\" cx=\"14\" cy=\"14\" r=\"12\"\/><path class=\"path\" d=\"M11.2,9.12a3.4,3.4,0,0,1,3-1.69,2.84,2.84,0,0,1,3,2.76,3.16,3.16,0,0,1-.84,2.23c-.63.74-1.58,1.18-2.19,1.88a1,1,0,0,0-.26.64v2.32\"\/><circle class=\"path\" cx=\"14\" cy=\"20\" r=\"0.33\"\/><\/g><\/svg><\/div><div class=\"alert_wrapper\">Faites vos demandes particuli\u00e8res ou passez votre commande via ce formulaire <\/div><a href=\"#\" class=\"close mfn-close-icon\"><span class=\"icon\">\u2715<\/span><\/a><\/div>\n <a class=\"button  button_size_3\" href=\"https:\/\/tempsetor.be\/galerie\/ma-commande\/\"     target=\"_blank\"    title=\"\"><span class=\"button_label\">&gt; Formulaire<\/span><\/a>\n<\/p>\n","protected":false},"featured_media":7866,"template":"","meta":{"_monsterinsights_skip_tracking":false,"_monsterinsights_sitenote_active":false,"_monsterinsights_sitenote_note":"","_monsterinsights_sitenote_category":0},"product_brand":[],"product_cat":[65,40,39],"product_tag":[],"class_list":{"0":"post-7864","1":"product","2":"type-product","3":"status-publish","4":"has-post-thumbnail","6":"product_cat-briston-hommes","7":"product_cat-montres-hommes","8":"product_cat-hommes","10":"first","11":"instock","12":"shipping-taxable","13":"purchasable","14":"product-type-simple"},"_links":{"self":[{"href":"https:\/\/tempsetor.be\/galerie\/wp-json\/wp\/v2\/product\/7864","targetHints":{"allow":["GET"]}}],"collection":[{"href":"https:\/\/tempsetor.be\/galerie\/wp-json\/wp\/v2\/product"}],"about":[{"href":"https:\/\/tempsetor.be\/galerie\/wp-json\/wp\/v2\/types\/product"}],"wp:featuredmedia":[{"embeddable":true,"href":"https:\/\/tempsetor.be\/galerie\/wp-json\/wp\/v2\/media\/7866"}],"wp:attachment":[{"href":"https:\/\/tempsetor.be\/galerie\/wp-json\/wp\/v2\/media?parent=7864"}],"wp:term":[{"taxonomy":"product_brand","embeddable":true,"href":"https:\/\/tempsetor.be\/galerie\/wp-json\/wp\/v2\/product_brand?post=7864"},{"taxonomy":"product_cat","embeddable":true,"href":"https:\/\/tempsetor.be\/galerie\/wp-json\/wp\/v2\/product_cat?post=7864"},{"taxonomy":"product_tag","embeddable":true,"href":"https:\/\/tempsetor.be\/galerie\/wp-json\/wp\/v2\/product_tag?post=7864"}],"curies":[{"name":"wp","href":"https:\/\/api.w.org\/{rel}","templated":true}]}}