{"id":7878,"date":"2024-06-07T17:44:46","date_gmt":"2024-06-07T15:44:46","guid":{"rendered":"https:\/\/tempsetor.be\/galerie\/?post_type=product&#038;p=7878"},"modified":"2024-06-07T17:52:29","modified_gmt":"2024-06-07T15:52:29","slug":"montre-briston-clubmaster-regatta-noyer-241542-sa-t-15w-nnb","status":"publish","type":"product","link":"https:\/\/tempsetor.be\/galerie\/produit\/montre-briston-clubmaster-regatta-noyer-241542-sa-t-15w-nnb\/","title":{"rendered":"Montre Briston &#8211; Clubmaster Regatta &#8211; Noyer &#8211; 241542.SA.T.15W.NNB"},"content":{"rendered":"<p>MONTRE CHRONOGRAPHE AVEC COMPTEUR R\u00c9GATE, BO\u00ceTIER AC\u00c9TATE \u00c9CAILLE, CADRAN EN NOYER ET BRACELET NATO BLEU MARINE 245 MM.<\/p>\n<p>Des montres fran\u00e7aises n\u00e9e d\u2019un esprit tr\u00e8s \u00abbritish\u00bb. Des campus d\u2019Oxford, des courses d\u2019avirons aux abords des terrains de polo ou de cricket, on ressent cet esprit &#8220;<em>sport chic so british<\/em>&#8220;. Un style de vie \u00e0 la fois chic, d\u00e9contract\u00e9 et souvent d\u00e9cal\u00e9.<\/p>\n","protected":false},"excerpt":{"rendered":"<h3><img loading=\"lazy\" decoding=\"async\" class=\"wp-image-2750 size-full alignleft\" src=\"https:\/\/tempsetor.be\/galerie\/wp-content\/uploads\/2015\/04\/briston-1.jpg\" alt=\"\" width=\"150\" height=\"75\" \/><\/h3>\n<h1 class=\"product_title entry-title wd-entities-title\">CLUBMASTER REGATTA \u2013 NOYER<\/h1>\n<p>Pour les passionn\u00e9s de voile et de r\u00e9gate, Briston vous propose cette montre pour homme : la Clubmaster Regatta \u00e9quip\u00e9e qu\u2019un mouvement hybride m\u00e9ca-quartz.<\/p>\n<p>Fid\u00e8le \u00e0 la forme carr\u00e9-cambr\u00e9 des Clubmaster, cette montre est faite pour vous accompagner en bateau :<\/p>\n<ul>\n<li>bo\u00eetier ac\u00e9tate en 42 mm avec une couronne viss\u00e9e,<\/li>\n<li>fonctions chronographe avec un compteur r\u00e9gate (d\u00e9compte 5\u2019+5\u2032), un compteur 24 heures et un petite seconde \u00e0 6h,<\/li>\n<li>bague int\u00e9rieure avec une \u00e9chelle tachym\u00e9trique nautique,<\/li>\n<li>cadran en noyer avec des lignes verticales noires,<\/li>\n<li>inserts luminescents en Superluminova\u00ae sur inserts et aiguilles,<\/li>\n<li>\u00e9tanche \u00e0 200 m\u00e8tres (20 ATM).<\/li>\n<\/ul>\n<p>Inspir\u00e9 des montres \u201cyachtimers\u201d des ann\u00e9es 1960, cette nouvelle Clumaster met \u00e0 l\u2019honneur le monde du nautisme, de la voile et du Yatching.<\/p>\n<p>D\u00e9j\u00e0 garanties 2 ans, la bijouterie <strong>Temps &amp; OR<\/strong> vous apporte une confiance suppl\u00e9mentaire pour ces produits. Selon vos besoins, ces montres peuvent \u00eatre \u00e9galement r\u00e9serv\u00e9es \u00e0 la bijouterie. La mise \u00e0 mesure offerte ainsi qu&#8217;un emballage cadeau vous y seront propos\u00e9s.<\/p>\n<p><div class=\"alert alert_error\"><div class=\"alert_icon\"><svg viewBox=\"0 0 28 28\"><defs><style>.path{fill:none;stroke:#000;stroke-miterlimit:10;stroke-width:1.5px;}<\/style><\/defs><g><circle cx=\"14\" cy=\"20\" r=\"0.33\" class=\"path\"\/><line x1=\"14\" y1=\"8.72\" x2=\"14\" y2=\"16.72\" class=\"path\"\/><path d=\"M12.6,3.42,1.54,22.58A1.61,1.61,0,0,0,2.93,25H25.07a1.61,1.61,0,0,0,1.39-2.42L15.4,3.42A1.61,1.61,0,0,0,12.6,3.42Z\" class=\"path\"\/><\/g><\/svg><\/div><div class=\"alert_wrapper\">Le montant affich\u00e9 peut \u00eatre modifi\u00e9 par le fournisseur sans que nous en soyons inform\u00e9s. Une diff\u00e9rence entre le prix affich\u00e9 ici et en magasin reste possible.<\/div><a href=\"#\" class=\"close mfn-close-icon\"><span class=\"icon\">\u2715<\/span><\/a><\/div>\n<div class=\"alert alert_info\"><div class=\"alert_icon\"><svg viewBox=\"0 0 28 28\"><defs><style>.path{fill:none;stroke:#000;stroke-miterlimit:10;stroke-width:1.5px;}<\/style><\/defs><g><circle class=\"path\" cx=\"14\" cy=\"14\" r=\"12\"\/><path class=\"path\" d=\"M11.2,9.12a3.4,3.4,0,0,1,3-1.69,2.84,2.84,0,0,1,3,2.76,3.16,3.16,0,0,1-.84,2.23c-.63.74-1.58,1.18-2.19,1.88a1,1,0,0,0-.26.64v2.32\"\/><circle class=\"path\" cx=\"14\" cy=\"20\" r=\"0.33\"\/><\/g><\/svg><\/div><div class=\"alert_wrapper\">Faites vos demandes particuli\u00e8res ou passez votre commande via ce formulaire <\/div><a href=\"#\" class=\"close mfn-close-icon\"><span class=\"icon\">\u2715<\/span><\/a><\/div>\n <a class=\"button  button_size_3\" href=\"https:\/\/tempsetor.be\/galerie\/ma-commande\/\"     target=\"_blank\"    title=\"\"><span class=\"button_label\">&gt; Formulaire<\/span><\/a>\n<\/p>\n","protected":false},"featured_media":7880,"template":"","meta":{"_monsterinsights_skip_tracking":false,"_monsterinsights_sitenote_active":false,"_monsterinsights_sitenote_note":"","_monsterinsights_sitenote_category":0},"product_brand":[],"product_cat":[65,40,39],"product_tag":[],"class_list":{"0":"post-7878","1":"product","2":"type-product","3":"status-publish","4":"has-post-thumbnail","6":"product_cat-briston-hommes","7":"product_cat-montres-hommes","8":"product_cat-hommes","10":"first","11":"instock","12":"shipping-taxable","13":"purchasable","14":"product-type-simple"},"_links":{"self":[{"href":"https:\/\/tempsetor.be\/galerie\/wp-json\/wp\/v2\/product\/7878","targetHints":{"allow":["GET"]}}],"collection":[{"href":"https:\/\/tempsetor.be\/galerie\/wp-json\/wp\/v2\/product"}],"about":[{"href":"https:\/\/tempsetor.be\/galerie\/wp-json\/wp\/v2\/types\/product"}],"wp:featuredmedia":[{"embeddable":true,"href":"https:\/\/tempsetor.be\/galerie\/wp-json\/wp\/v2\/media\/7880"}],"wp:attachment":[{"href":"https:\/\/tempsetor.be\/galerie\/wp-json\/wp\/v2\/media?parent=7878"}],"wp:term":[{"taxonomy":"product_brand","embeddable":true,"href":"https:\/\/tempsetor.be\/galerie\/wp-json\/wp\/v2\/product_brand?post=7878"},{"taxonomy":"product_cat","embeddable":true,"href":"https:\/\/tempsetor.be\/galerie\/wp-json\/wp\/v2\/product_cat?post=7878"},{"taxonomy":"product_tag","embeddable":true,"href":"https:\/\/tempsetor.be\/galerie\/wp-json\/wp\/v2\/product_tag?post=7878"}],"curies":[{"name":"wp","href":"https:\/\/api.w.org\/{rel}","templated":true}]}}