{"id":7907,"date":"2024-08-04T21:05:51","date_gmt":"2024-08-04T19:05:51","guid":{"rendered":"https:\/\/tempsetor.be\/galerie\/?post_type=product&#038;p=7907"},"modified":"2024-08-04T21:13:31","modified_gmt":"2024-08-04T19:13:31","slug":"montre-hommes-hugo-boss-skytraveller-1514194","status":"publish","type":"product","link":"https:\/\/tempsetor.be\/galerie\/produit\/montre-hommes-hugo-boss-skytraveller-1514194\/","title":{"rendered":"Montre hommes &#8211; Hugo Boss &#8211; Skytraveller &#8211; 1514194"},"content":{"rendered":"<p>Con\u00e7ue pour les hommes qui appr\u00e9cient le style et la fonctionnalit\u00e9, cette montre est l&#8217;accessoire parfait pour compl\u00e9ter votre tenue.<\/p>\n","protected":false},"excerpt":{"rendered":"<p><img loading=\"lazy\" decoding=\"async\" class=\"alignleft size-full wp-image-3176\" src=\"https:\/\/tempsetor.be\/galerie\/wp-content\/uploads\/2017\/12\/Hugo-Boss-logo-e1512852406736.jpg\" alt=\"logo Hugo Boss\" width=\"151\" height=\"60\" \/><\/p>\n<p>D\u00e9couvrez l&#8217;\u00e9l\u00e9gance sportive et la pr\u00e9cision de la montre Hugo Boss Chronographe Bleu Skytraveller. Con\u00e7ue pour les hommes qui appr\u00e9cient le style et la fonctionnalit\u00e9, cette montre est l&#8217;accessoire parfait pour compl\u00e9ter votre tenue. Son bo\u00eetier rond en acier inoxydable argent\u00e9 de 44 mm est robuste et durable, tandis que le bracelet en cuir marron de 22 mm ajoute une touche de sophistication et de confort.<\/p>\n<p>Dot\u00e9e d&#8217;un mouvement quartz de haute pr\u00e9cision, cette montre chronographe offre des fonctionnalit\u00e9s avanc\u00e9es pour les activit\u00e9s sportives et quotidiennes. L&#8217;affichage analogique est prot\u00e9g\u00e9 par un verre min\u00e9ral r\u00e9sistant, et la montre est \u00e9tanche jusqu&#8217;\u00e0 50 m\u00e8tres (5 ATM), la rendant id\u00e9ale pour une utilisation en milieu aquatique. La fermeture \u00e0 boucle d\u00e9ployante assure une s\u00e9curit\u00e9 et un confort optimal.<\/p>\n<p>Parfaitement adapt\u00e9e \u00e0 l&#8217;homme adulte actif et \u00e9l\u00e9gant, la Hugo Boss Chronographe Bleu Skytraveller combine le style intemporel avec des caract\u00e9ristiques modernes. Faites l&#8217;exp\u00e9rience de l&#8217;excellence avec cette montre de sport sophistiqu\u00e9e, id\u00e9ale pour toutes les occasions.<\/p>\n<p>D\u00e9j\u00e0 garanties 2 ans, le service apr\u00e8s-vente de la bijouterie <strong>Temps &amp; OR<\/strong> vous apporte une confiance suppl\u00e9mentaire pour ces produits. Selon vos besoins, ces montres peuvent \u00eatre \u00e9galement r\u00e9serv\u00e9es \u00e0 la bijouterie. La mise \u00e0 mesure offerte ainsi qu&#8217;un emballage cadeau vous y seront propos\u00e9s.<\/p>\n<p><div class=\"alert alert_error\"><div class=\"alert_icon\"><svg viewBox=\"0 0 28 28\"><defs><style>.path{fill:none;stroke:#000;stroke-miterlimit:10;stroke-width:1.5px;}<\/style><\/defs><g><circle cx=\"14\" cy=\"20\" r=\"0.33\" class=\"path\"\/><line x1=\"14\" y1=\"8.72\" x2=\"14\" y2=\"16.72\" class=\"path\"\/><path d=\"M12.6,3.42,1.54,22.58A1.61,1.61,0,0,0,2.93,25H25.07a1.61,1.61,0,0,0,1.39-2.42L15.4,3.42A1.61,1.61,0,0,0,12.6,3.42Z\" class=\"path\"\/><\/g><\/svg><\/div><div class=\"alert_wrapper\">Le montant affich\u00e9 peut \u00eatre modifi\u00e9 par le fournisseur sans que nous en soyons inform\u00e9s. Une diff\u00e9rence entre le prix affich\u00e9 ici et en magasin reste possible.<\/div><a href=\"#\" class=\"close mfn-close-icon\"><span class=\"icon\">\u2715<\/span><\/a><\/div>\n<div class=\"alert alert_info\"><div class=\"alert_icon\"><svg viewBox=\"0 0 28 28\"><defs><style>.path{fill:none;stroke:#000;stroke-miterlimit:10;stroke-width:1.5px;}<\/style><\/defs><g><circle class=\"path\" cx=\"14\" cy=\"14\" r=\"12\"\/><path class=\"path\" d=\"M11.2,9.12a3.4,3.4,0,0,1,3-1.69,2.84,2.84,0,0,1,3,2.76,3.16,3.16,0,0,1-.84,2.23c-.63.74-1.58,1.18-2.19,1.88a1,1,0,0,0-.26.64v2.32\"\/><circle class=\"path\" cx=\"14\" cy=\"20\" r=\"0.33\"\/><\/g><\/svg><\/div><div class=\"alert_wrapper\">Faites vos demandes particuli\u00e8res ou passez votre commande via ce formulaire <\/div><a href=\"#\" class=\"close mfn-close-icon\"><span class=\"icon\">\u2715<\/span><\/a><\/div>\n <a class=\"button  button_size_3\" href=\"https:\/\/tempsetor.be\/galerie\/ma-commande\/\"     target=\"_blank\"    title=\"\"><span class=\"button_label\">&gt; Formulaire<\/span><\/a>\n<\/p>\n","protected":false},"featured_media":7909,"template":"","meta":{"_monsterinsights_skip_tracking":false,"_monsterinsights_sitenote_active":false,"_monsterinsights_sitenote_note":"","_monsterinsights_sitenote_category":0},"product_brand":[],"product_cat":[64,40,39],"product_tag":[],"class_list":{"0":"post-7907","1":"product","2":"type-product","3":"status-publish","4":"has-post-thumbnail","6":"product_cat-boss-hommes","7":"product_cat-montres-hommes","8":"product_cat-hommes","10":"first","11":"instock","12":"shipping-taxable","13":"purchasable","14":"product-type-simple"},"_links":{"self":[{"href":"https:\/\/tempsetor.be\/galerie\/wp-json\/wp\/v2\/product\/7907","targetHints":{"allow":["GET"]}}],"collection":[{"href":"https:\/\/tempsetor.be\/galerie\/wp-json\/wp\/v2\/product"}],"about":[{"href":"https:\/\/tempsetor.be\/galerie\/wp-json\/wp\/v2\/types\/product"}],"wp:featuredmedia":[{"embeddable":true,"href":"https:\/\/tempsetor.be\/galerie\/wp-json\/wp\/v2\/media\/7909"}],"wp:attachment":[{"href":"https:\/\/tempsetor.be\/galerie\/wp-json\/wp\/v2\/media?parent=7907"}],"wp:term":[{"taxonomy":"product_brand","embeddable":true,"href":"https:\/\/tempsetor.be\/galerie\/wp-json\/wp\/v2\/product_brand?post=7907"},{"taxonomy":"product_cat","embeddable":true,"href":"https:\/\/tempsetor.be\/galerie\/wp-json\/wp\/v2\/product_cat?post=7907"},{"taxonomy":"product_tag","embeddable":true,"href":"https:\/\/tempsetor.be\/galerie\/wp-json\/wp\/v2\/product_tag?post=7907"}],"curies":[{"name":"wp","href":"https:\/\/api.w.org\/{rel}","templated":true}]}}