{"id":7951,"date":"2024-09-16T15:13:42","date_gmt":"2024-09-16T13:13:42","guid":{"rendered":"https:\/\/tempsetor.be\/galerie\/?post_type=product&#038;p=7951"},"modified":"2024-09-16T15:28:06","modified_gmt":"2024-09-16T13:28:06","slug":"diffuseur-baobab-sacred-trees-morondo-500ml","status":"publish","type":"product","link":"https:\/\/tempsetor.be\/galerie\/produit\/diffuseur-baobab-sacred-trees-morondo-500ml\/","title":{"rendered":"Diffuseur Baobab &#8211; SACRED TREES &#8211; MORONDO &#8211; 500ml"},"content":{"rendered":"<p>Le parfum de la bougie Morondo s\u2019inscrit dans ce d\u00e9sir de retranscrire la chaleur africaine. Les notes de cannelle et d\u2019amande offrent au parfum des facettes tr\u00e8s gourmandes. Dans un second temps on d\u00e9couvre le bois de c\u00e8dre qui englobe cette gourmandise dans un esprit fondamentalement bois\u00e9 en accord avec la th\u00e9matique de cette collection dont le but ultime et de rappeler la n\u00e9cessit\u00e9 de prot\u00e9ger nos for\u00eats.<\/p>\n","protected":false},"excerpt":{"rendered":"<p><img loading=\"lazy\" decoding=\"async\" class=\"size-full wp-image-4311 alignleft\" src=\"https:\/\/tempsetor.be\/galerie\/wp-content\/uploads\/2019\/03\/baobab.jpg\" alt=\"logo Baobab\" width=\"128\" height=\"142\" srcset=\"https:\/\/tempsetor.be\/galerie\/wp-content\/uploads\/2019\/03\/baobab.jpg 128w, https:\/\/tempsetor.be\/galerie\/wp-content\/uploads\/2019\/03\/baobab-45x50.jpg 45w, https:\/\/tempsetor.be\/galerie\/wp-content\/uploads\/2019\/03\/baobab-68x75.jpg 68w\" sizes=\"auto, (max-width:767px) 128px, 128px\" \/>Le diffuseur de parfum Morondo a \u00e9t\u00e9 r\u00e9alis\u00e9 dans un verre sublim\u00e9 d\u2019un d\u00e9cor dessin\u00e9 par Uniwax dans la grande tradition des imprim\u00e9s africains traditionnels. L\u2019arbre baobab aux couleurs s\u00e9pia se dresse sur le verre tel un gardien d\u2019une nature en danger. Son parfum aux notes ambr\u00e9es de cannelle, d\u2019amande et de bois de c\u00e8dre remplira votre int\u00e9rieur de volutes \u00e9pic\u00e9es vous invitant subtilement \u00e0 d\u00e9couvrir l\u2019Afrique. Les parfums des collections Sacred Trees ont \u00e9t\u00e9 pens\u00e9es dans leur composition avec des mati\u00e8res premi\u00e8res sourc\u00e9es en Afrique et dans une recherche de notes bois\u00e9es et chaudes.<\/p>\n<div class=\"product__senteur\">\n<h4>Cannelle &#8211; Amande &#8211; Bois de C\u00e8dre<\/h4>\n<\/div>\n<p><div class=\"alert alert_error\"><div class=\"alert_icon\"><svg viewBox=\"0 0 28 28\"><defs><style>.path{fill:none;stroke:#000;stroke-miterlimit:10;stroke-width:1.5px;}<\/style><\/defs><g><circle cx=\"14\" cy=\"20\" r=\"0.33\" class=\"path\"\/><line x1=\"14\" y1=\"8.72\" x2=\"14\" y2=\"16.72\" class=\"path\"\/><path d=\"M12.6,3.42,1.54,22.58A1.61,1.61,0,0,0,2.93,25H25.07a1.61,1.61,0,0,0,1.39-2.42L15.4,3.42A1.61,1.61,0,0,0,12.6,3.42Z\" class=\"path\"\/><\/g><\/svg><\/div><div class=\"alert_wrapper\">Le montant affich\u00e9 peut \u00eatre modifi\u00e9 par le fournisseur sans que nous en soyons inform\u00e9s. Une diff\u00e9rence entre le prix affich\u00e9 ici et en magasin reste possible.<\/div><a href=\"#\" class=\"close mfn-close-icon\"><span class=\"icon\">\u2715<\/span><\/a><\/div>\n<div class=\"alert alert_info\"><div class=\"alert_icon\"><svg viewBox=\"0 0 28 28\"><defs><style>.path{fill:none;stroke:#000;stroke-miterlimit:10;stroke-width:1.5px;}<\/style><\/defs><g><circle class=\"path\" cx=\"14\" cy=\"14\" r=\"12\"\/><path class=\"path\" d=\"M11.2,9.12a3.4,3.4,0,0,1,3-1.69,2.84,2.84,0,0,1,3,2.76,3.16,3.16,0,0,1-.84,2.23c-.63.74-1.58,1.18-2.19,1.88a1,1,0,0,0-.26.64v2.32\"\/><circle class=\"path\" cx=\"14\" cy=\"20\" r=\"0.33\"\/><\/g><\/svg><\/div><div class=\"alert_wrapper\">Faites vos demandes particuli\u00e8res ou passez votre commande via ce formulaire <\/div><a href=\"#\" class=\"close mfn-close-icon\"><span class=\"icon\">\u2715<\/span><\/a><\/div>\n <a class=\"button  button_size_3\" href=\"https:\/\/tempsetor.be\/galerie\/ma-commande\/\"     target=\"_blank\"    title=\"\"><span class=\"button_label\">&gt; Formulaire<\/span><\/a>\n<\/p>\n","protected":false},"featured_media":7952,"template":"","meta":{"_monsterinsights_skip_tracking":false,"_monsterinsights_sitenote_active":false,"_monsterinsights_sitenote_note":"","_monsterinsights_sitenote_category":0},"product_brand":[],"product_cat":[903,1004],"product_tag":[],"class_list":{"0":"post-7951","1":"product","2":"type-product","3":"status-publish","4":"has-post-thumbnail","6":"product_cat-baobab","7":"product_cat-diffuseur-baobab","9":"first","10":"instock","11":"shipping-taxable","12":"purchasable","13":"product-type-simple"},"_links":{"self":[{"href":"https:\/\/tempsetor.be\/galerie\/wp-json\/wp\/v2\/product\/7951","targetHints":{"allow":["GET"]}}],"collection":[{"href":"https:\/\/tempsetor.be\/galerie\/wp-json\/wp\/v2\/product"}],"about":[{"href":"https:\/\/tempsetor.be\/galerie\/wp-json\/wp\/v2\/types\/product"}],"wp:featuredmedia":[{"embeddable":true,"href":"https:\/\/tempsetor.be\/galerie\/wp-json\/wp\/v2\/media\/7952"}],"wp:attachment":[{"href":"https:\/\/tempsetor.be\/galerie\/wp-json\/wp\/v2\/media?parent=7951"}],"wp:term":[{"taxonomy":"product_brand","embeddable":true,"href":"https:\/\/tempsetor.be\/galerie\/wp-json\/wp\/v2\/product_brand?post=7951"},{"taxonomy":"product_cat","embeddable":true,"href":"https:\/\/tempsetor.be\/galerie\/wp-json\/wp\/v2\/product_cat?post=7951"},{"taxonomy":"product_tag","embeddable":true,"href":"https:\/\/tempsetor.be\/galerie\/wp-json\/wp\/v2\/product_tag?post=7951"}],"curies":[{"name":"wp","href":"https:\/\/api.w.org\/{rel}","templated":true}]}}