{"id":7970,"date":"2024-10-16T11:30:45","date_gmt":"2024-10-16T09:30:45","guid":{"rendered":"https:\/\/tempsetor.be\/galerie\/?post_type=product&#038;p=7970"},"modified":"2024-11-25T13:17:42","modified_gmt":"2024-11-25T12:17:42","slug":"baobab-diffuseur-de-voiture-cyprium","status":"publish","type":"product","link":"https:\/\/tempsetor.be\/galerie\/produit\/baobab-diffuseur-de-voiture-cyprium\/","title":{"rendered":"Baobab &#8211; diffuseur de voiture &#8211; Cyprium"},"content":{"rendered":"<p>Le diffuseur de parfum pour voiture <strong>Cyprium<\/strong> de Baobab allie \u00e9l\u00e9gance et technologie pour sublimer vos trajets quotidiens. Avec son design sophistiqu\u00e9 en m\u00e9tal cuivr\u00e9, il se fixe facilement \u00e0 la ventilation de votre voiture et lib\u00e8re un parfum captivant gr\u00e2ce \u00e0 ses billes de polym\u00e8res. Les notes subtiles de <strong>santal, iris et papyrus<\/strong> cr\u00e9ent une ambiance enveloppante et apaisante, transformant chaque moment pass\u00e9 au volant en une exp\u00e9rience sensorielle unique. Con\u00e7u pour durer deux \u00e0 trois mois, il peut \u00eatre ais\u00e9ment recharg\u00e9 pour prolonger le plaisir.<\/p>\n","protected":false},"excerpt":{"rendered":"<p><img loading=\"lazy\" decoding=\"async\" class=\"size-full wp-image-4311 alignleft\" src=\"https:\/\/tempsetor.be\/galerie\/wp-content\/uploads\/2019\/03\/baobab.jpg\" alt=\"logo Baobab\" width=\"128\" height=\"142\" srcset=\"https:\/\/tempsetor.be\/galerie\/wp-content\/uploads\/2019\/03\/baobab.jpg 128w, https:\/\/tempsetor.be\/galerie\/wp-content\/uploads\/2019\/03\/baobab-45x50.jpg 45w, https:\/\/tempsetor.be\/galerie\/wp-content\/uploads\/2019\/03\/baobab-68x75.jpg 68w\" sizes=\"auto, (max-width:767px) 128px, 128px\" \/>Le diffuseur de parfum pour voiture en m\u00e9tal cuivr\u00e9, perfectionn\u00e9 au cours de deux ann\u00e9es de d\u00e9veloppement, apporte une touche chaleureuse et raffin\u00e9e \u00e0 votre int\u00e9rieur. Se fixant ais\u00e9ment \u00e0 la ventilation, il diffuse le parfum encapsul\u00e9 dans des billes de polym\u00e8res pendant environ deux \u00e0 trois mois. Associ\u00e9 au parfum Cyprium, il offre une exp\u00e9rience olfactive enveloppante. Lorsque la recharge initiale est termin\u00e9e, laissez-vous inspirer par nos recharges disponibles pour enrichir vos trajets.<\/p>\n<p>D\u00e9couvrez le diffuseur de voiture <strong>Cyprium<\/strong> de Baobab. Avec ses notes envo\u00fbtantes de <strong>santal, iris et papyrus<\/strong>, il cr\u00e9e une ambiance raffin\u00e9e et apaisante dans votre voiture. Con\u00e7u en m\u00e9tal cuivr\u00e9, il se fixe facilement \u00e0 la ventilation et diffuse un parfum \u00e9l\u00e9gant pendant deux \u00e0 trois mois. Rechargez-le pour prolonger le plaisir.<\/p>\n<h2>Fragrance<\/h2>\n<p><strong>Santal &#8211; Iris &#8211; Papyrus<\/strong><\/p>\n<p><div class=\"alert alert_error\"><div class=\"alert_icon\"><svg viewBox=\"0 0 28 28\"><defs><style>.path{fill:none;stroke:#000;stroke-miterlimit:10;stroke-width:1.5px;}<\/style><\/defs><g><circle cx=\"14\" cy=\"20\" r=\"0.33\" class=\"path\"\/><line x1=\"14\" y1=\"8.72\" x2=\"14\" y2=\"16.72\" class=\"path\"\/><path d=\"M12.6,3.42,1.54,22.58A1.61,1.61,0,0,0,2.93,25H25.07a1.61,1.61,0,0,0,1.39-2.42L15.4,3.42A1.61,1.61,0,0,0,12.6,3.42Z\" class=\"path\"\/><\/g><\/svg><\/div><div class=\"alert_wrapper\">Le montant affich\u00e9 peut \u00eatre modifi\u00e9 par le fournisseur sans que nous en soyons inform\u00e9s. Une diff\u00e9rence entre le prix affich\u00e9 ici et en magasin reste possible.<\/div><a href=\"#\" class=\"close mfn-close-icon\"><span class=\"icon\">\u2715<\/span><\/a><\/div>\n<div class=\"alert alert_info\"><div class=\"alert_icon\"><svg viewBox=\"0 0 28 28\"><defs><style>.path{fill:none;stroke:#000;stroke-miterlimit:10;stroke-width:1.5px;}<\/style><\/defs><g><circle class=\"path\" cx=\"14\" cy=\"14\" r=\"12\"\/><path class=\"path\" d=\"M11.2,9.12a3.4,3.4,0,0,1,3-1.69,2.84,2.84,0,0,1,3,2.76,3.16,3.16,0,0,1-.84,2.23c-.63.74-1.58,1.18-2.19,1.88a1,1,0,0,0-.26.64v2.32\"\/><circle class=\"path\" cx=\"14\" cy=\"20\" r=\"0.33\"\/><\/g><\/svg><\/div><div class=\"alert_wrapper\">Faites vos demandes particuli\u00e8res ou passez votre commande via ce formulaire <\/div><a href=\"#\" class=\"close mfn-close-icon\"><span class=\"icon\">\u2715<\/span><\/a><\/div>\n <a class=\"button  button_size_3\" href=\"https:\/\/tempsetor.be\/galerie\/ma-commande\/\"     target=\"_blank\"    title=\"\"><span class=\"button_label\">&gt; Formulaire<\/span><\/a>\n<\/p>\n","protected":false},"featured_media":7971,"template":"","meta":{"_monsterinsights_skip_tracking":false,"_monsterinsights_sitenote_active":false,"_monsterinsights_sitenote_note":"","_monsterinsights_sitenote_category":0},"product_brand":[],"product_cat":[903,2409],"product_tag":[],"class_list":{"0":"post-7970","1":"product","2":"type-product","3":"status-publish","4":"has-post-thumbnail","6":"product_cat-baobab","7":"product_cat-diffuseur-de-voiture","9":"first","10":"instock","11":"shipping-taxable","12":"purchasable","13":"product-type-simple"},"_links":{"self":[{"href":"https:\/\/tempsetor.be\/galerie\/wp-json\/wp\/v2\/product\/7970","targetHints":{"allow":["GET"]}}],"collection":[{"href":"https:\/\/tempsetor.be\/galerie\/wp-json\/wp\/v2\/product"}],"about":[{"href":"https:\/\/tempsetor.be\/galerie\/wp-json\/wp\/v2\/types\/product"}],"wp:featuredmedia":[{"embeddable":true,"href":"https:\/\/tempsetor.be\/galerie\/wp-json\/wp\/v2\/media\/7971"}],"wp:attachment":[{"href":"https:\/\/tempsetor.be\/galerie\/wp-json\/wp\/v2\/media?parent=7970"}],"wp:term":[{"taxonomy":"product_brand","embeddable":true,"href":"https:\/\/tempsetor.be\/galerie\/wp-json\/wp\/v2\/product_brand?post=7970"},{"taxonomy":"product_cat","embeddable":true,"href":"https:\/\/tempsetor.be\/galerie\/wp-json\/wp\/v2\/product_cat?post=7970"},{"taxonomy":"product_tag","embeddable":true,"href":"https:\/\/tempsetor.be\/galerie\/wp-json\/wp\/v2\/product_tag?post=7970"}],"curies":[{"name":"wp","href":"https:\/\/api.w.org\/{rel}","templated":true}]}}