{"id":7991,"date":"2024-10-24T12:36:35","date_gmt":"2024-10-24T10:36:35","guid":{"rendered":"https:\/\/tempsetor.be\/galerie\/?post_type=product&#038;p=7991"},"modified":"2024-10-24T13:07:10","modified_gmt":"2024-10-24T11:07:10","slug":"montre-briston-clubmaster-legend-sku-241639-sa-t-1w-ch","status":"publish","type":"product","link":"https:\/\/tempsetor.be\/galerie\/produit\/montre-briston-clubmaster-legend-sku-241639-sa-t-1w-ch\/","title":{"rendered":"Montre Briston &#8211; Clubmaster LEGEND &#8211; SKU: 241639.SA.T.1W.CH"},"content":{"rendered":"<p>La Briston Clubmaster Legend Petite Seconde est une montre automatique \u00e9l\u00e9gante et masculine. Bo\u00eetier en acier inoxydable et ac\u00e9tate \u00e9caille, cadran noir, lunette tournante bidirectionnelle et bracelet en cuir de veau vintage. \u00c9tanche \u00e0 50m. Calibre Miyota 82S5 avec r\u00e9serve de marche de 42 heures.<\/p>\n","protected":false},"excerpt":{"rendered":"<h3><img loading=\"lazy\" decoding=\"async\" class=\"wp-image-2750 size-full alignleft\" src=\"https:\/\/tempsetor.be\/galerie\/wp-content\/uploads\/2015\/04\/briston-1.jpg\" alt=\"\" width=\"150\" height=\"75\" \/><\/h3>\n<h1 class=\"product_title entry-title wd-entities-title\">CLUBMASTER LEGEND<\/h1>\n<p>La Briston Clubmaster Legend allie tradition horlog\u00e8re et \u00e9l\u00e9gance moderne. Dot\u00e9e d\u2019un bo\u00eetier carr\u00e9 cambr\u00e9 en acier inoxydable et ac\u00e9tate \u00e9caille, cette montre automatique pour hommes affiche un style unique. Le mouvement Miyota 82S5 assure une r\u00e9serve de marche jusqu\u2019\u00e0 42 heures, tandis que le cadran noir pr\u00e9sente des fonctions Heures, Minutes et une Petite Seconde \u00e0 6 heures. Sa lunette tournante bidirectionnelle permet de suivre un second fuseau horaire gr\u00e2ce aux indications 12 heures. Les aiguilles sont dot\u00e9es d\u2019inserts luminescents Superluminova\u00ae pour une lecture optimale, m\u00eame en faible luminosit\u00e9.<\/p>\n<p>La Clubmaster Legend est \u00e9quip\u00e9e d\u2019une glace saphir ultra-r\u00e9sistante et est \u00e9tanche jusqu\u2019\u00e0 50m (5 ATM). Le bracelet en cuir de veau vintage noir, avec surpiq\u00fbres noires, est interchangeable pour plus de polyvalence. Avec son design sophistiqu\u00e9 et ses mat\u00e9riaux de haute qualit\u00e9, cette montre incarne l\u2019excellence de la marque Briston. D\u00e9couvrez ce mod\u00e8le en magasin ou sur notre eshop pour un style qui ne passe pas inaper\u00e7u.<\/p>\n<p>D\u00e9j\u00e0 garanties 2 ans, la bijouterie <strong>Temps &amp; OR<\/strong> vous apporte une confiance suppl\u00e9mentaire pour ces produits. Selon vos besoins, ces montres peuvent \u00eatre \u00e9galement r\u00e9serv\u00e9es \u00e0 la bijouterie. La mise \u00e0 mesure offerte ainsi qu&#8217;un emballage cadeau vous y seront propos\u00e9s.<\/p>\n<p><div class=\"alert alert_error\"><div class=\"alert_icon\"><svg viewBox=\"0 0 28 28\"><defs><style>.path{fill:none;stroke:#000;stroke-miterlimit:10;stroke-width:1.5px;}<\/style><\/defs><g><circle cx=\"14\" cy=\"20\" r=\"0.33\" class=\"path\"\/><line x1=\"14\" y1=\"8.72\" x2=\"14\" y2=\"16.72\" class=\"path\"\/><path d=\"M12.6,3.42,1.54,22.58A1.61,1.61,0,0,0,2.93,25H25.07a1.61,1.61,0,0,0,1.39-2.42L15.4,3.42A1.61,1.61,0,0,0,12.6,3.42Z\" class=\"path\"\/><\/g><\/svg><\/div><div class=\"alert_wrapper\">Le montant affich\u00e9 peut \u00eatre modifi\u00e9 par le fournisseur sans que nous en soyons inform\u00e9s. Une diff\u00e9rence entre le prix affich\u00e9 ici et en magasin reste possible.<\/div><a href=\"#\" class=\"close mfn-close-icon\"><span class=\"icon\">\u2715<\/span><\/a><\/div>\n<div class=\"alert alert_info\"><div class=\"alert_icon\"><svg viewBox=\"0 0 28 28\"><defs><style>.path{fill:none;stroke:#000;stroke-miterlimit:10;stroke-width:1.5px;}<\/style><\/defs><g><circle class=\"path\" cx=\"14\" cy=\"14\" r=\"12\"\/><path class=\"path\" d=\"M11.2,9.12a3.4,3.4,0,0,1,3-1.69,2.84,2.84,0,0,1,3,2.76,3.16,3.16,0,0,1-.84,2.23c-.63.74-1.58,1.18-2.19,1.88a1,1,0,0,0-.26.64v2.32\"\/><circle class=\"path\" cx=\"14\" cy=\"20\" r=\"0.33\"\/><\/g><\/svg><\/div><div class=\"alert_wrapper\">Faites vos demandes particuli\u00e8res ou passez votre commande via ce formulaire <\/div><a href=\"#\" class=\"close mfn-close-icon\"><span class=\"icon\">\u2715<\/span><\/a><\/div>\n <a class=\"button  button_size_3\" href=\"https:\/\/tempsetor.be\/galerie\/ma-commande\/\"     target=\"_blank\"    title=\"\"><span class=\"button_label\">&gt; Formulaire<\/span><\/a>\n<\/p>\n","protected":false},"featured_media":7995,"template":"","meta":{"_monsterinsights_skip_tracking":false,"_monsterinsights_sitenote_active":false,"_monsterinsights_sitenote_note":"","_monsterinsights_sitenote_category":0},"product_brand":[],"product_cat":[65,40,39],"product_tag":[],"class_list":{"0":"post-7991","1":"product","2":"type-product","3":"status-publish","4":"has-post-thumbnail","6":"product_cat-briston-hommes","7":"product_cat-montres-hommes","8":"product_cat-hommes","10":"first","11":"instock","12":"shipping-taxable","13":"purchasable","14":"product-type-simple"},"_links":{"self":[{"href":"https:\/\/tempsetor.be\/galerie\/wp-json\/wp\/v2\/product\/7991","targetHints":{"allow":["GET"]}}],"collection":[{"href":"https:\/\/tempsetor.be\/galerie\/wp-json\/wp\/v2\/product"}],"about":[{"href":"https:\/\/tempsetor.be\/galerie\/wp-json\/wp\/v2\/types\/product"}],"wp:featuredmedia":[{"embeddable":true,"href":"https:\/\/tempsetor.be\/galerie\/wp-json\/wp\/v2\/media\/7995"}],"wp:attachment":[{"href":"https:\/\/tempsetor.be\/galerie\/wp-json\/wp\/v2\/media?parent=7991"}],"wp:term":[{"taxonomy":"product_brand","embeddable":true,"href":"https:\/\/tempsetor.be\/galerie\/wp-json\/wp\/v2\/product_brand?post=7991"},{"taxonomy":"product_cat","embeddable":true,"href":"https:\/\/tempsetor.be\/galerie\/wp-json\/wp\/v2\/product_cat?post=7991"},{"taxonomy":"product_tag","embeddable":true,"href":"https:\/\/tempsetor.be\/galerie\/wp-json\/wp\/v2\/product_tag?post=7991"}],"curies":[{"name":"wp","href":"https:\/\/api.w.org\/{rel}","templated":true}]}}