{"id":8001,"date":"2024-10-28T11:59:13","date_gmt":"2024-10-28T10:59:13","guid":{"rendered":"https:\/\/tempsetor.be\/galerie\/?post_type=product&#038;p=8001"},"modified":"2024-10-28T12:40:10","modified_gmt":"2024-10-28T11:40:10","slug":"montre-briston-clubmaster-legend-blanc-sku-241639-sa-t-2nv-ch","status":"publish","type":"product","link":"https:\/\/tempsetor.be\/galerie\/produit\/montre-briston-clubmaster-legend-blanc-sku-241639-sa-t-2nv-ch\/","title":{"rendered":"Montre Briston &#8211; Clubmaster LEGEND &#8211; Blanc &#8211; SKU: 241639.SA.T.2NV.CH"},"content":{"rendered":"<p>D\u00e9couvrez la montre automatique Briston Clubmaster Legend Petite Seconde 39 mm. Son bo\u00eetier en acier inoxydable et ac\u00e9tate \u00e9caille, son cadran \u00e9l\u00e9gant avec petite seconde \u00e0 6 heures et sa lunette tournante bidirectionnelle en font un choix sophistiqu\u00e9 pour les amateurs de belles m\u00e9caniques. \u00c9tanch\u00e9it\u00e9 50m, calibre Miyota 82S5 avec r\u00e9serve de marche de 42 heures.<\/p>\n","protected":false},"excerpt":{"rendered":"<h3><img loading=\"lazy\" decoding=\"async\" class=\"wp-image-2750 size-full alignleft\" src=\"https:\/\/tempsetor.be\/galerie\/wp-content\/uploads\/2015\/04\/briston-1.jpg\" alt=\"\" width=\"150\" height=\"75\" \/><\/h3>\n<h1 class=\"product_title entry-title wd-entities-title\">CLUBMASTER LEGEND &#8211; blanc<\/h1>\n<p>La Briston Clubmaster Legend Petite Seconde est le choix parfait pour ceux qui recherchent \u00e0 la fois sophistication et performance. Avec son bo\u00eetier carr\u00e9 cambr\u00e9 de 39 mm en acier inoxydable et ac\u00e9tate \u00e9caille, cette montre automatique respire l&#8217;\u00e9l\u00e9gance vintage. Son cadran blanc offre une lecture claire des heures et minutes, avec une petite seconde situ\u00e9e \u00e0 6 heures, accentu\u00e9e par des aiguilles en acier bross\u00e9 avec inserts luminescents Superluminova\u00ae C1. La lunette tournante bidirectionnelle ajoute un \u00e9l\u00e9ment fonctionnel suppl\u00e9mentaire, id\u00e9al pour le suivi du temps. Le mouvement automatique Miyota 82S5 garantit une pr\u00e9cision fiable et une r\u00e9serve de marche allant jusqu&#8217;\u00e0 42 heures. \u00c9tanche \u00e0 50m, elle s\u2019accompagne d\u2019un bracelet exclusif en cuir de veau vintage noir, assurant confort et \u00e9l\u00e9gance au poignet. Compl\u00e9tez votre collection avec cette pi\u00e8ce incontournable de la collection Clubmaster Legend.<\/p>\n<p>D\u00e9j\u00e0 garanties 2 ans, la bijouterie <strong>Temps &amp; OR<\/strong> vous apporte une confiance suppl\u00e9mentaire pour ces produits. Selon vos besoins, ces montres peuvent \u00eatre \u00e9galement r\u00e9serv\u00e9es \u00e0 la bijouterie. La mise \u00e0 mesure offerte ainsi qu&#8217;un emballage cadeau vous y seront propos\u00e9s.<\/p>\n<p><div class=\"alert alert_error\"><div class=\"alert_icon\"><svg viewBox=\"0 0 28 28\"><defs><style>.path{fill:none;stroke:#000;stroke-miterlimit:10;stroke-width:1.5px;}<\/style><\/defs><g><circle cx=\"14\" cy=\"20\" r=\"0.33\" class=\"path\"\/><line x1=\"14\" y1=\"8.72\" x2=\"14\" y2=\"16.72\" class=\"path\"\/><path d=\"M12.6,3.42,1.54,22.58A1.61,1.61,0,0,0,2.93,25H25.07a1.61,1.61,0,0,0,1.39-2.42L15.4,3.42A1.61,1.61,0,0,0,12.6,3.42Z\" class=\"path\"\/><\/g><\/svg><\/div><div class=\"alert_wrapper\">Le montant affich\u00e9 peut \u00eatre modifi\u00e9 par le fournisseur sans que nous en soyons inform\u00e9s. Une diff\u00e9rence entre le prix affich\u00e9 ici et en magasin reste possible.<\/div><a href=\"#\" class=\"close mfn-close-icon\"><span class=\"icon\">\u2715<\/span><\/a><\/div>\n<div class=\"alert alert_info\"><div class=\"alert_icon\"><svg viewBox=\"0 0 28 28\"><defs><style>.path{fill:none;stroke:#000;stroke-miterlimit:10;stroke-width:1.5px;}<\/style><\/defs><g><circle class=\"path\" cx=\"14\" cy=\"14\" r=\"12\"\/><path class=\"path\" d=\"M11.2,9.12a3.4,3.4,0,0,1,3-1.69,2.84,2.84,0,0,1,3,2.76,3.16,3.16,0,0,1-.84,2.23c-.63.74-1.58,1.18-2.19,1.88a1,1,0,0,0-.26.64v2.32\"\/><circle class=\"path\" cx=\"14\" cy=\"20\" r=\"0.33\"\/><\/g><\/svg><\/div><div class=\"alert_wrapper\">Faites vos demandes particuli\u00e8res ou passez votre commande via ce formulaire <\/div><a href=\"#\" class=\"close mfn-close-icon\"><span class=\"icon\">\u2715<\/span><\/a><\/div>\n <a class=\"button  button_size_3\" href=\"https:\/\/tempsetor.be\/galerie\/ma-commande\/\"     target=\"_blank\"    title=\"\"><span class=\"button_label\">&gt; Formulaire<\/span><\/a>\n<\/p>\n","protected":false},"featured_media":8002,"template":"","meta":{"_monsterinsights_skip_tracking":false,"_monsterinsights_sitenote_active":false,"_monsterinsights_sitenote_note":"","_monsterinsights_sitenote_category":0},"product_brand":[],"product_cat":[65,40,39],"product_tag":[],"class_list":{"0":"post-8001","1":"product","2":"type-product","3":"status-publish","4":"has-post-thumbnail","6":"product_cat-briston-hommes","7":"product_cat-montres-hommes","8":"product_cat-hommes","10":"first","11":"instock","12":"shipping-taxable","13":"purchasable","14":"product-type-simple"},"_links":{"self":[{"href":"https:\/\/tempsetor.be\/galerie\/wp-json\/wp\/v2\/product\/8001","targetHints":{"allow":["GET"]}}],"collection":[{"href":"https:\/\/tempsetor.be\/galerie\/wp-json\/wp\/v2\/product"}],"about":[{"href":"https:\/\/tempsetor.be\/galerie\/wp-json\/wp\/v2\/types\/product"}],"wp:featuredmedia":[{"embeddable":true,"href":"https:\/\/tempsetor.be\/galerie\/wp-json\/wp\/v2\/media\/8002"}],"wp:attachment":[{"href":"https:\/\/tempsetor.be\/galerie\/wp-json\/wp\/v2\/media?parent=8001"}],"wp:term":[{"taxonomy":"product_brand","embeddable":true,"href":"https:\/\/tempsetor.be\/galerie\/wp-json\/wp\/v2\/product_brand?post=8001"},{"taxonomy":"product_cat","embeddable":true,"href":"https:\/\/tempsetor.be\/galerie\/wp-json\/wp\/v2\/product_cat?post=8001"},{"taxonomy":"product_tag","embeddable":true,"href":"https:\/\/tempsetor.be\/galerie\/wp-json\/wp\/v2\/product_tag?post=8001"}],"curies":[{"name":"wp","href":"https:\/\/api.w.org\/{rel}","templated":true}]}}