{"id":8029,"date":"2024-11-03T14:02:55","date_gmt":"2024-11-03T13:02:55","guid":{"rendered":"https:\/\/tempsetor.be\/galerie\/?post_type=product&#038;p=8029"},"modified":"2024-11-03T14:18:39","modified_gmt":"2024-11-03T13:18:39","slug":"remontoir-pour-montres-leanschi-ws01-blue","status":"publish","type":"product","link":"https:\/\/tempsetor.be\/galerie\/produit\/remontoir-pour-montres-leanschi-ws01-blue\/","title":{"rendered":"Remontoir pour montres &#8211; Leanschi &#8211; WS01-BLUE"},"content":{"rendered":"<p>Le remontoir Leanschi WS01-BLUE combine \u00e9l\u00e9gance et efficacit\u00e9 pour pr\u00e9server votre montre. Avec des fonctions innovantes comme &#8220;BOOST&#8221; et &#8220;12 o&#8217;clock&#8221;, il est disponible en bois laqu\u00e9 bleu mat et cuir beige. Plus d&#8217;infos sur notre eshop !<\/p>\n","protected":false},"excerpt":{"rendered":"<p><img loading=\"lazy\" decoding=\"async\" class=\"alignleft wp-image-8022\" src=\"https:\/\/tempsetor.be\/galerie\/wp-content\/uploads\/2024\/11\/leanschi_logo_brun-300x90.png\" alt=\"leanschi logo brun\" width=\"149\" height=\"45\" srcset=\"https:\/\/tempsetor.be\/galerie\/wp-content\/uploads\/2024\/11\/leanschi_logo_brun-300x90.png 300w, https:\/\/tempsetor.be\/galerie\/wp-content\/uploads\/2024\/11\/leanschi_logo_brun-150x45.png 150w, https:\/\/tempsetor.be\/galerie\/wp-content\/uploads\/2024\/11\/leanschi_logo_brun.png 408w\" sizes=\"auto, (max-width:767px) 149px, 149px\" \/><\/p>\n<div class=\"product-single__description rte descr-min-height\">\n<p>Leanschi est une soci\u00e9t\u00e9 bas\u00e9e \u00e0 Vienne, en Autriche, sp\u00e9cialis\u00e9e dans les accessoires horlogers haut de gamme, notamment les remontoirs \u00e0 montres (watchwinders). Leanschi met l&#8217;accent sur un design \u00e9l\u00e9gant et fonctionnel, proposant des produits fabriqu\u00e9s \u00e0 la main avec des mat\u00e9riaux comme le cuir vegan ou le bois laqu\u00e9.<\/p>\n<p>Leurs remontoirs se distinguent par leur simplicit\u00e9 d\u2019utilisation : pas besoin d&#8217;applications ou de logiciels, vous les branchez et ajustez directement les param\u00e8tres via un panneau LED.<\/p>\n<h2>Remontoir Leanschi &#8211; WS01-BLUE<\/h2>\n<p>Le remontoir Leanschi WS01-BLUE est l&#8217;accessoire incontournable pour tout passionn\u00e9 d\u2019horlogerie d\u00e9sireux de pr\u00e9server ses montres avec \u00e9l\u00e9gance. Ce mod\u00e8le en bois MDF bleu mat et cuir synth\u00e9tique cr\u00e8me attire par son allure moderne et son \u00e9chelle tachym\u00e9trique imprim\u00e9e. Ses fonctions avanc\u00e9es, telles que &#8220;BOOST&#8221; pour une recharge rapide et &#8220;12 o&#8217;clock&#8221; pour une pr\u00e9sentation esth\u00e9tique, assurent une conservation parfaite de votre montre. Pratique et polyvalent, il fonctionne aussi bien sur piles que sur secteur, avec la possibilit\u00e9 de connecter plusieurs appareils en s\u00e9rie pour g\u00e9rer votre collection avec style. Dimensions : Largeur 12 cm, Hauteur 12 cm, Longueur 20 cm, Poids 0,8 kg.<br \/>\nExplorez ce mod\u00e8le en magasin ou sur notre eshop !<\/p>\n<\/div>\n<p><div class=\"alert alert_error\"><div class=\"alert_icon\"><svg viewBox=\"0 0 28 28\"><defs><style>.path{fill:none;stroke:#000;stroke-miterlimit:10;stroke-width:1.5px;}<\/style><\/defs><g><circle cx=\"14\" cy=\"20\" r=\"0.33\" class=\"path\"\/><line x1=\"14\" y1=\"8.72\" x2=\"14\" y2=\"16.72\" class=\"path\"\/><path d=\"M12.6,3.42,1.54,22.58A1.61,1.61,0,0,0,2.93,25H25.07a1.61,1.61,0,0,0,1.39-2.42L15.4,3.42A1.61,1.61,0,0,0,12.6,3.42Z\" class=\"path\"\/><\/g><\/svg><\/div><div class=\"alert_wrapper\">Le montant affich\u00e9 peut \u00eatre modifi\u00e9 par le fournisseur sans que nous en soyons inform\u00e9s. Une diff\u00e9rence entre le prix affich\u00e9 ici et en magasin reste possible.<\/div><a href=\"#\" class=\"close mfn-close-icon\"><span class=\"icon\">\u2715<\/span><\/a><\/div>\n<div class=\"alert alert_info\"><div class=\"alert_icon\"><svg viewBox=\"0 0 28 28\"><defs><style>.path{fill:none;stroke:#000;stroke-miterlimit:10;stroke-width:1.5px;}<\/style><\/defs><g><circle class=\"path\" cx=\"14\" cy=\"14\" r=\"12\"\/><path class=\"path\" d=\"M11.2,9.12a3.4,3.4,0,0,1,3-1.69,2.84,2.84,0,0,1,3,2.76,3.16,3.16,0,0,1-.84,2.23c-.63.74-1.58,1.18-2.19,1.88a1,1,0,0,0-.26.64v2.32\"\/><circle class=\"path\" cx=\"14\" cy=\"20\" r=\"0.33\"\/><\/g><\/svg><\/div><div class=\"alert_wrapper\">Faites vos demandes particuli\u00e8res ou passez votre commande via ce formulaire <\/div><a href=\"#\" class=\"close mfn-close-icon\"><span class=\"icon\">\u2715<\/span><\/a><\/div>\n <a class=\"button  button_size_3\" href=\"https:\/\/tempsetor.be\/galerie\/ma-commande\/\"     target=\"_blank\"    title=\"\"><span class=\"button_label\">&gt; Formulaire<\/span><\/a>\n<\/p>\n","protected":false},"featured_media":8032,"template":"","meta":{"_monsterinsights_skip_tracking":false,"_monsterinsights_sitenote_active":false,"_monsterinsights_sitenote_note":"","_monsterinsights_sitenote_category":0},"product_brand":[],"product_cat":[2422],"product_tag":[],"class_list":{"0":"post-8029","1":"product","2":"type-product","3":"status-publish","4":"has-post-thumbnail","6":"product_cat-remontoir-pour-montres","8":"first","9":"instock","10":"shipping-taxable","11":"purchasable","12":"product-type-simple"},"_links":{"self":[{"href":"https:\/\/tempsetor.be\/galerie\/wp-json\/wp\/v2\/product\/8029","targetHints":{"allow":["GET"]}}],"collection":[{"href":"https:\/\/tempsetor.be\/galerie\/wp-json\/wp\/v2\/product"}],"about":[{"href":"https:\/\/tempsetor.be\/galerie\/wp-json\/wp\/v2\/types\/product"}],"wp:featuredmedia":[{"embeddable":true,"href":"https:\/\/tempsetor.be\/galerie\/wp-json\/wp\/v2\/media\/8032"}],"wp:attachment":[{"href":"https:\/\/tempsetor.be\/galerie\/wp-json\/wp\/v2\/media?parent=8029"}],"wp:term":[{"taxonomy":"product_brand","embeddable":true,"href":"https:\/\/tempsetor.be\/galerie\/wp-json\/wp\/v2\/product_brand?post=8029"},{"taxonomy":"product_cat","embeddable":true,"href":"https:\/\/tempsetor.be\/galerie\/wp-json\/wp\/v2\/product_cat?post=8029"},{"taxonomy":"product_tag","embeddable":true,"href":"https:\/\/tempsetor.be\/galerie\/wp-json\/wp\/v2\/product_tag?post=8029"}],"curies":[{"name":"wp","href":"https:\/\/api.w.org\/{rel}","templated":true}]}}