{"id":8048,"date":"2024-11-10T17:36:42","date_gmt":"2024-11-10T16:36:42","guid":{"rendered":"https:\/\/tempsetor.be\/galerie\/?post_type=product&#038;p=8048"},"modified":"2024-11-10T17:52:26","modified_gmt":"2024-11-10T16:52:26","slug":"montre-hommes-ciga-design-magician-automatic-mechanical-wristwatch-m051-ss01-w6b","status":"publish","type":"product","link":"https:\/\/tempsetor.be\/galerie\/produit\/montre-hommes-ciga-design-magician-automatic-mechanical-wristwatch-m051-ss01-w6b\/","title":{"rendered":"Montre hommes CIGA Design &#8211; Magician Automatic Mechanical Wristwatch &#8211; M051-SS01-W6B"},"content":{"rendered":"<p>\u00c9merveillez-vous devant la <strong>CIGA Design M Series Magician Mechanical Wristwatch<\/strong>. Cette montre m\u00e9canique au cadran squelett\u00e9 double face combine le style avant-gardiste et la performance de la haute horlogerie. #CIGADesign #tempsetor #waremme #MontreM\u00e9canique #DesignSquelett\u00e9 #HauteHorlogerie<\/p>\n","protected":false},"excerpt":{"rendered":"<p class=\"product-single__vendor\"><img loading=\"lazy\" decoding=\"async\" class=\" wp-image-8047 alignleft\" src=\"https:\/\/tempsetor.be\/galerie\/wp-content\/uploads\/2024\/11\/logo-ciga-design-noir-300x88.png\" alt=\"logo ciga design noir\" width=\"150\" height=\"44\" srcset=\"https:\/\/tempsetor.be\/galerie\/wp-content\/uploads\/2024\/11\/logo-ciga-design-noir-300x88.png 300w, https:\/\/tempsetor.be\/galerie\/wp-content\/uploads\/2024\/11\/logo-ciga-design-noir-150x44.png 150w, https:\/\/tempsetor.be\/galerie\/wp-content\/uploads\/2024\/11\/logo-ciga-design-noir.png 312w\" sizes=\"auto, (max-width:767px) 150px, 150px\" \/>La <strong>CIGA Design M Series Magician Mechanical Wristwatch<\/strong> est une pi\u00e8ce horlog\u00e8re fascinante qui r\u00e9invente l\u2019esth\u00e9tique des montres m\u00e9caniques avec son cadran double face squelett\u00e9, d\u00e9voilant chaque mouvement du calibre Seagull de 26 rubis. Transformez la montre en un mod\u00e8le octogonal robuste mais portable, ultra-moderne et tendance.\u00a0 Elle s&#8217;int\u00e9grerait parfaitement au poignet d&#8217;un pilote de Formule 1.<br \/>\nAiguille des secondes en forme d&#8217;engrenage Luminus. L&#8217;esth\u00e9tique m\u00e9canique est associ\u00e9e \u00e0 un engrenage rotatif flottant au lieu d&#8217;une aiguille des secondes traditionnelle. Le rev\u00eatement super lumineux ajoute un effet visuel \u00e9blouissant dans l&#8217;obscurit\u00e9.\u00a0Ce chef-d&#8217;\u0153uvre de 46 mm, prot\u00e9g\u00e9 par un verre saphir et \u00e9quip\u00e9 d\u2019un bracelet en caoutchouc noir, allie style et confort. Con\u00e7ue pour les amateurs de design contemporain, cette montre allie durabilit\u00e9 et \u00e9l\u00e9gance avec une \u00e9tanch\u00e9it\u00e9 de 3 ATM. #CIGADesign #tempsetor #waremme #MontreM\u00e9canique #LuxeContemporain #HorlogerieAudacieuse<\/p>\n<p>D\u00e9j\u00e0 garanties 2 ans, la bijouterie <strong>Temps &amp; OR<\/strong> vous apporte une confiance suppl\u00e9mentaire pour ces produits. Selon vos besoins, ces montres peuvent \u00eatre \u00e9galement r\u00e9serv\u00e9es \u00e0 la bijouterie. La mise \u00e0 mesure offerte ainsi qu&#8217;un emballage cadeau vous y seront propos\u00e9s.<\/p>\n<p><div class=\"alert alert_error\"><div class=\"alert_icon\"><svg viewBox=\"0 0 28 28\"><defs><style>.path{fill:none;stroke:#000;stroke-miterlimit:10;stroke-width:1.5px;}<\/style><\/defs><g><circle cx=\"14\" cy=\"20\" r=\"0.33\" class=\"path\"\/><line x1=\"14\" y1=\"8.72\" x2=\"14\" y2=\"16.72\" class=\"path\"\/><path d=\"M12.6,3.42,1.54,22.58A1.61,1.61,0,0,0,2.93,25H25.07a1.61,1.61,0,0,0,1.39-2.42L15.4,3.42A1.61,1.61,0,0,0,12.6,3.42Z\" class=\"path\"\/><\/g><\/svg><\/div><div class=\"alert_wrapper\">Le montant affich\u00e9 peut \u00eatre modifi\u00e9 par le fournisseur sans que nous en soyons inform\u00e9s. Une diff\u00e9rence entre le prix affich\u00e9 ici et en magasin reste possible.<\/div><a href=\"#\" class=\"close mfn-close-icon\"><span class=\"icon\">\u2715<\/span><\/a><\/div>\n<div class=\"alert alert_info\"><div class=\"alert_icon\"><svg viewBox=\"0 0 28 28\"><defs><style>.path{fill:none;stroke:#000;stroke-miterlimit:10;stroke-width:1.5px;}<\/style><\/defs><g><circle class=\"path\" cx=\"14\" cy=\"14\" r=\"12\"\/><path class=\"path\" d=\"M11.2,9.12a3.4,3.4,0,0,1,3-1.69,2.84,2.84,0,0,1,3,2.76,3.16,3.16,0,0,1-.84,2.23c-.63.74-1.58,1.18-2.19,1.88a1,1,0,0,0-.26.64v2.32\"\/><circle class=\"path\" cx=\"14\" cy=\"20\" r=\"0.33\"\/><\/g><\/svg><\/div><div class=\"alert_wrapper\">Faites vos demandes particuli\u00e8res ou passez votre commande via ce formulaire <\/div><a href=\"#\" class=\"close mfn-close-icon\"><span class=\"icon\">\u2715<\/span><\/a><\/div>\n <a class=\"button  button_size_3\" href=\"https:\/\/tempsetor.be\/galerie\/ma-commande\/\"     target=\"_blank\"    title=\"\"><span class=\"button_label\">&gt; Formulaire<\/span><\/a>\n<\/p>\n","protected":false},"featured_media":8051,"template":"","meta":{"_monsterinsights_skip_tracking":false,"_monsterinsights_sitenote_active":false,"_monsterinsights_sitenote_note":"","_monsterinsights_sitenote_category":0},"product_brand":[],"product_cat":[2428,40,39],"product_tag":[],"class_list":{"0":"post-8048","1":"product","2":"type-product","3":"status-publish","4":"has-post-thumbnail","6":"product_cat-ciga-design-hommes","7":"product_cat-montres-hommes","8":"product_cat-hommes","10":"first","11":"instock","12":"shipping-taxable","13":"purchasable","14":"product-type-simple"},"_links":{"self":[{"href":"https:\/\/tempsetor.be\/galerie\/wp-json\/wp\/v2\/product\/8048","targetHints":{"allow":["GET"]}}],"collection":[{"href":"https:\/\/tempsetor.be\/galerie\/wp-json\/wp\/v2\/product"}],"about":[{"href":"https:\/\/tempsetor.be\/galerie\/wp-json\/wp\/v2\/types\/product"}],"wp:featuredmedia":[{"embeddable":true,"href":"https:\/\/tempsetor.be\/galerie\/wp-json\/wp\/v2\/media\/8051"}],"wp:attachment":[{"href":"https:\/\/tempsetor.be\/galerie\/wp-json\/wp\/v2\/media?parent=8048"}],"wp:term":[{"taxonomy":"product_brand","embeddable":true,"href":"https:\/\/tempsetor.be\/galerie\/wp-json\/wp\/v2\/product_brand?post=8048"},{"taxonomy":"product_cat","embeddable":true,"href":"https:\/\/tempsetor.be\/galerie\/wp-json\/wp\/v2\/product_cat?post=8048"},{"taxonomy":"product_tag","embeddable":true,"href":"https:\/\/tempsetor.be\/galerie\/wp-json\/wp\/v2\/product_tag?post=8048"}],"curies":[{"name":"wp","href":"https:\/\/api.w.org\/{rel}","templated":true}]}}